{"id":789,"date":"2024-06-18T01:02:26","date_gmt":"2024-06-18T01:02:26","guid":{"rendered":"https:\/\/infostec.com\/?page_id=789"},"modified":"2024-06-18T01:02:27","modified_gmt":"2024-06-18T01:02:27","slug":"%e9%9a%90%e7%a7%81%e6%94%bf%e7%ad%96","status":"publish","type":"page","link":"https:\/\/infostec.com\/zh\/politica-de-privacidade\/","title":{"rendered":"\u9690\u79c1\u653f\u7b56"},"content":{"rendered":"<p>\u6b22\u8fce\u6765\u5230 <a href=\"https:\/\/infostec.com\/zh\/\">\u4fe1\u606f\u6280\u672f\u516c\u53f8<\/a>\u3002\u672c\u9690\u79c1\u653f\u7b56\u63cf\u8ff0\u4e86\u5f53\u60a8\u8bbf\u95ee\u6216\u4f7f\u7528\u6211\u4eec\u7684\u7f51\u7ad9\u65f6\u6211\u4eec\u5982\u4f55\u6536\u96c6\u3001\u4f7f\u7528\u548c\u5171\u4eab\u6709\u5173\u60a8\u7684\u4fe1\u606f\u3002<\/p>\n\n\n\n<h2 class=\"wp-block-heading\">1. \u6211\u4eec\u6536\u96c6\u7684\u4fe1\u606f<\/h2>\n\n\n\n<ul class=\"wp-block-list\">\n<li><strong>\u4e2a\u4eba\u4fe1\u606f\uff1a<\/strong> \u6211\u4eec\u6536\u96c6\u60a8\u5728\u6ce8\u518c\u66f4\u65b0\u6216\u4e0e\u6211\u4eec\u6c9f\u901a\u65f6\u81ea\u613f\u63d0\u4f9b\u7684\u4e2a\u4eba\u4fe1\u606f\uff0c\u4f8b\u5982\u59d3\u540d\u3001\u7535\u5b50\u90ae\u4ef6\u548c\u5176\u4ed6\u8054\u7cfb\u4fe1\u606f\u3002<\/li>\n\n\n\n<li><strong>\u4f7f\u7528\u6570\u636e\uff1a<\/strong> \u6211\u4eec\u81ea\u52a8\u6536\u96c6\u6709\u5173\u60a8\u5982\u4f55\u8bbf\u95ee\u548c\u4f7f\u7528\u672c\u7f51\u7ad9\u7684\u4fe1\u606f\uff0c\u5305\u62ec\u8bbe\u5907\u7c7b\u578b\u3001\u7f51\u7edc\u6d4f\u89c8\u5668\u3001\u8bbf\u95ee\u7684\u9875\u9762\u3001\u70b9\u51fb\u3001\u4f7f\u7528\u6a21\u5f0f\u548c\u5176\u4ed6\u4f7f\u7528\u4fe1\u606f\u3002<\/li>\n\n\n\n<li><strong>Cookie \u548c\u8ddf\u8e2a\u6280\u672f\uff1a<\/strong> \u6211\u4eec\u4f7f\u7528 cookie \u548c\u8ddf\u8e2a\u6280\u672f\u6765\u4e2a\u6027\u5316\u60a8\u7684\u4f53\u9a8c\uff0c\u5e76\u6536\u96c6\u6709\u5173\u60a8\u4e0e\u7f51\u7ad9\u4e92\u52a8\u548c\u6240\u663e\u793a\u5e7f\u544a\u7684\u6570\u636e\u3002<\/li>\n<\/ul>\n\n\n\n<h2 class=\"wp-block-heading\">2. \u4fe1\u606f\u7684\u4f7f\u7528<\/h2>\n\n\n\n<p>\u6211\u4eec\u4f7f\u7528\u60a8\u7684\u4fe1\u606f\u6765\uff1a<\/p>\n\n\n\n<ul class=\"wp-block-list\">\n<li>\u63d0\u4f9b\u3001\u7ef4\u62a4\u548c\u6539\u8fdb\u6211\u4eec\u7684\u7f51\u7ad9\u548c\u670d\u52a1\u3002<\/li>\n\n\n\n<li>\u4e0e\u60a8\u6c9f\u901a\uff0c\u56de\u7b54\u60a8\u7684\u95ee\u9898\u548c\u8981\u6c42\u3002<\/li>\n\n\n\n<li>\u5c55\u793a\u4e2a\u6027\u5316\u5e7f\u544a\u5e76\u8fdb\u884c\u6570\u636e\u5206\u6790\u3002<\/li>\n<\/ul>\n\n\n\n<h2 class=\"wp-block-heading\">3. \u4fe1\u606f\u5171\u4eab<\/h2>\n\n\n\n<p>\u5728\u4ee5\u4e0b\u60c5\u51b5\u4e0b\uff0c\u6211\u4eec\u53ef\u80fd\u4f1a\u4e0e\u7b2c\u4e09\u65b9\u5171\u4eab\u60a8\u7684\u4fe1\u606f\uff1a<\/p>\n\n\n\n<ul class=\"wp-block-list\">\n<li><strong>\u670d\u52a1\u4f9b\u5e94\u5546\uff1a<\/strong> \u6211\u4eec\u4e0e\u5e2e\u52a9\u6211\u4eec\u8fd0\u8425\u7f51\u7ad9\u7684\u4f9b\u5e94\u5546\u5171\u4eab\u4fe1\u606f\uff0c\u4f8b\u5982\u7f51\u7edc\u6258\u7ba1\u548c\u6570\u636e\u5206\u6790\u3002<\/li>\n\n\n\n<li><strong>\u8c37\u6b4c\u5e7f\u544a\u4ea4\u6613\u5e73\u53f0\uff1a<\/strong> \u6839\u636e\u901a\u8fc7 Google Ad Exchange \u6295\u653e\u5e7f\u544a\u7684\u8981\u6c42\u3002<\/li>\n\n\n\n<li><strong>\u5408\u6cd5\u5408\u89c4\uff1a<\/strong> \u5fc5\u8981\u65f6\u9075\u5b88\u6cd5\u5f8b\u6216\u54cd\u5e94\u6cd5\u5f8b\u7a0b\u5e8f\u3002<\/li>\n<\/ul>\n\n\n\n<h2 class=\"wp-block-heading\">4. \u8c37\u6b4cAdSense<\/h2>\n\n\n\n<ul class=\"wp-block-list\">\n<li>\u6839\u636e Google AdSense \u6761\u6b3e\uff0c\u6211\u4eec\u901a\u77e5\u60a8\uff0cGoogle \u4f5c\u4e3a\u7b2c\u4e09\u65b9\u4f9b\u5e94\u5546\uff0c\u4f7f\u7528 cookie \u5728\u6211\u4eec\u7684\u7f51\u7ad9\u4e0a\u63d0\u4f9b\u5e7f\u544a\u670d\u52a1\u3002<\/li>\n\n\n\n<li>Google \u4f7f\u7528 DART cookie \u4f7f\u5176\u80fd\u591f\u6839\u636e\u8fc7\u53bb\u5bf9\u6211\u4eec\u7f51\u7ad9\u548c\u4e92\u8054\u7f51\u4e0a\u5176\u4ed6\u7f51\u7ad9\u7684\u8bbf\u95ee\u60c5\u51b5\u5411\u6211\u4eec\u7684\u7528\u6237\u63d0\u4f9b\u5e7f\u544a\u3002<\/li>\n\n\n\n<li>\u7528\u6237\u53ef\u4ee5\u901a\u8fc7\u8bbf\u95ee Google \u5e7f\u544a\u548c\u5185\u5bb9\u7f51\u7edc\u9690\u79c1\u653f\u7b56\u6765\u9009\u62e9\u4e0d\u4f7f\u7528 DART cookie\u3002<\/li>\n<\/ul>\n\n\n\n<h2 class=\"wp-block-heading\">5. \u9690\u79c1\u653f\u7b56\u7684\u53d8\u66f4<\/h2>\n\n\n\n<p>\u6211\u4eec\u53ef\u80fd\u4f1a\u5b9a\u671f\u66f4\u65b0\u6211\u4eec\u7684\u9690\u79c1\u653f\u7b56\u3002\u6211\u4eec\u5c06\u901a\u8fc7\u5728\u6b64\u9875\u9762\u4e0a\u53d1\u5e03\u65b0\u7684\u9690\u79c1\u653f\u7b56\u6765\u901a\u77e5\u60a8\u4efb\u4f55\u66f4\u6539\u3002<\/p>\n\n\n\n<h2 class=\"wp-block-heading\">6. \u8054\u7cfb\u65b9\u5f0f<\/h2>\n\n\n\n<p>\u5982\u679c\u60a8\u5bf9\u672c\u9690\u79c1\u653f\u7b56\u6709\u7591\u95ee\uff0c\u8bf7\u8054\u7cfb\u6211\u4eec\u3002<\/p>","protected":false},"excerpt":{"rendered":"<p>Bem-vindo ao Infostec. Esta pol\u00edtica de privacidade descreve como coletamos, usamos e compartilhamos informa\u00e7\u00f5es sobre voc\u00ea quando acessa ou usa nosso site. 1. Informa\u00e7\u00f5es que Coletamos 2. Uso de Informa\u00e7\u00f5es Utilizamos suas informa\u00e7\u00f5es para: 3. Compartilhamento de Informa\u00e7\u00f5es Podemos compartilhar suas informa\u00e7\u00f5es com terceiros nas seguintes circunst\u00e2ncias: 4. Google AdSense 5. Altera\u00e7\u00f5es \u00e0 Pol\u00edtica de [&hellip;]<\/p>\n","protected":false},"author":1,"featured_media":0,"parent":0,"menu_order":0,"comment_status":"closed","ping_status":"closed","template":"","meta":{"footnotes":""},"class_list":["post-789","page","type-page","status-publish"],"_links":{"self":[{"href":"https:\/\/infostec.com\/zh\/wp-json\/wp\/v2\/pages\/789","targetHints":{"allow":["GET"]}}],"collection":[{"href":"https:\/\/infostec.com\/zh\/wp-json\/wp\/v2\/pages"}],"about":[{"href":"https:\/\/infostec.com\/zh\/wp-json\/wp\/v2\/types\/page"}],"author":[{"embeddable":true,"href":"https:\/\/infostec.com\/zh\/wp-json\/wp\/v2\/users\/1"}],"replies":[{"embeddable":true,"href":"https:\/\/infostec.com\/zh\/wp-json\/wp\/v2\/comments?post=789"}],"version-history":[{"count":1,"href":"https:\/\/infostec.com\/zh\/wp-json\/wp\/v2\/pages\/789\/revisions"}],"predecessor-version":[{"id":790,"href":"https:\/\/infostec.com\/zh\/wp-json\/wp\/v2\/pages\/789\/revisions\/790"}],"wp:attachment":[{"href":"https:\/\/infostec.com\/zh\/wp-json\/wp\/v2\/media?parent=789"}],"curies":[{"name":"wp","href":"https:\/\/api.w.org\/{rel}","templated":true}]}}