{"id":787,"date":"2024-06-18T01:02:05","date_gmt":"2024-06-18T01:02:05","guid":{"rendered":"https:\/\/infostec.com\/?page_id=787"},"modified":"2024-06-18T01:02:05","modified_gmt":"2024-06-18T01:02:05","slug":"%e4%bd%bf%e7%94%a8%e6%9d%a1%e6%ac%be","status":"publish","type":"page","link":"https:\/\/infostec.com\/zh\/termos-de-uso\/","title":{"rendered":"\u4f7f\u7528\u6761\u6b3e"},"content":{"rendered":"<p>\u6b22\u8fce\u6765\u5230 <a href=\"https:\/\/infostec.com\/zh\/\">\u4fe1\u606f\u6280\u672f\u516c\u53f8<\/a>\u3002\u8fd9\u4e9b\u4f7f\u7528\u6761\u6b3e\uff08\u201c\u6761\u6b3e\u201d\uff09\u7ba1\u8f96\u60a8\u5bf9\u6211\u4eec\u7f51\u7ad9 https:\/\/infostec.com \u7684\u8bbf\u95ee\u548c\u4f7f\u7528\uff0c\u8be5\u7f51\u7ad9\u81f4\u529b\u4e8e\u63d0\u4f9b\u6709\u5173\u5404\u79cd\u4e3b\u9898\u7684\u79fb\u52a8\u5e94\u7528\u7a0b\u5e8f\u7684\u5efa\u8bae\u548c\u4fe1\u606f\u3002\u5f53\u8bbf\u95ee\u6216\u4f7f\u7528 <a href=\"https:\/\/infostec.com\/zh\/\">\u4fe1\u606f\u6280\u672f\u516c\u53f8<\/a>\uff0c\u60a8\u540c\u610f\u9075\u5b88\u8fd9\u4e9b\u6761\u6b3e\u3002<\/p>\n\n\n\n<h2 class=\"wp-block-heading\">1. \u4fe1\u606f\u6280\u672f\u670d\u52a1<\/h2>\n\n\n\n<ul class=\"wp-block-list\">\n<li>Infostec \u63d0\u4f9b\u79fb\u52a8\u5e94\u7528\u7a0b\u5e8f\u63a8\u8350\u548c\u76f8\u5173\u5185\u5bb9\u3002<\/li>\n\n\n\n<li>\u6211\u4eec\u4e0d\u62e5\u6709\u6216\u5f00\u53d1\u63a8\u8350\u7684\u5e94\u7528\u7a0b\u5e8f\u3002\u5efa\u8bae\u57fa\u4e8e\u4e13\u6709\u7814\u7a76\u548c\u5206\u6790\u3002<\/li>\n\n\n\n<li>\u6211\u4eec\u7684\u670d\u52a1\u901a\u8fc7 Google AdSense\/Ad Exchange \u5e7f\u544a\u83b7\u5229\u3002<\/li>\n<\/ul>\n\n\n\n<h2 class=\"wp-block-heading\">2. \u672c\u7f51\u7ad9\u7684\u4f7f\u7528<\/h2>\n\n\n\n<ul class=\"wp-block-list\">\n<li>\u60a8\u540c\u610f\u4ec5\u51fa\u4e8e\u5408\u6cd5\u76ee\u7684\u5e76\u6309\u7167\u8fd9\u4e9b\u6761\u6b3e\u4f7f\u7528 Infostec\u3002<\/li>\n\n\n\n<li>\u60a8\u4e0d\u5f97\u4ee5\u4efb\u4f55\u53ef\u80fd\u635f\u574f\u3001\u7981\u7528\u672c\u7f51\u7ad9\u6216\u4f7f\u5176\u8d1f\u62c5\u8fc7\u91cd\u7684\u65b9\u5f0f\u4f7f\u7528\u672c\u7f51\u7ad9\u3002<\/li>\n\n\n\n<li>Infostec \u5185\u5bb9\uff08\u5305\u62ec\u6587\u672c\u3001\u56fe\u5f62\u548c\u56fe\u50cf\uff09\u53d7\u7248\u6743\u4fdd\u62a4\uff0c\u5e76\u4e14\u662f Infostec \u6216\u5176\u8bb8\u53ef\u65b9\u7684\u8d22\u4ea7\u3002<\/li>\n<\/ul>\n\n\n\n<h2 class=\"wp-block-heading\">3. \u514d\u8d23\u58f0\u660e<\/h2>\n\n\n\n<ul class=\"wp-block-list\">\n<li>Infostec \u4e0d\u5bf9\u63a8\u8350\u5e94\u7528\u7a0b\u5e8f\u7684\u51c6\u786e\u6027\u3001\u5b89\u5168\u6027\u6216\u53ef\u9760\u6027\u8d1f\u8d23\u3002<\/li>\n\n\n\n<li>\u5bf9\u4e8e\u56e0\u4f7f\u7528\u6211\u4eec\u7f51\u7ad9\u63a8\u8350\u7684\u5e94\u7528\u7a0b\u5e8f\u800c\u9020\u6210\u7684\u4efb\u4f55\u635f\u5bb3\u6216\u635f\u5931\uff0c\u6211\u4eec\u4e0d\u627f\u62c5\u4efb\u4f55\u8d23\u4efb\u3002<\/li>\n<\/ul>\n\n\n\n<h2 class=\"wp-block-heading\">4. \u77e5\u8bc6\u4ea7\u6743<\/h2>\n\n\n\n<ul class=\"wp-block-list\">\n<li>Infostec \u4e0a\u7684\u6240\u6709\u5185\u5bb9\u5747\u4e3a Infostec \u6216\u5176\u8bb8\u53ef\u65b9\u7684\u8d22\u4ea7\uff0c\u5e76\u53d7\u7248\u6743\u3001\u5546\u6807\u548c\u5176\u4ed6\u77e5\u8bc6\u4ea7\u6743\u6cd5\u7684\u4fdd\u62a4\u3002<\/li>\n\n\n\n<li>\u672a\u7ecf\u6211\u4eec\u660e\u786e\u4e66\u9762\u8bb8\u53ef\uff0c\u4e0d\u5f97\u4ee5\u4efb\u4f55\u65b9\u5f0f\u590d\u5370\u3001\u590d\u5236\u3001\u518d\u7248\u3001\u4e0a\u4f20\u3001\u5f20\u8d34\u3001\u4f20\u64ad\u6216\u5206\u53d1\u672c\u7f51\u7ad9\u7684\u4efb\u4f55\u5185\u5bb9\u3002<\/li>\n<\/ul>\n\n\n\n<h2 class=\"wp-block-heading\">5. \u5e7f\u544a\u548c\u7b2c\u4e09\u65b9\u94fe\u63a5<\/h2>\n\n\n\n<ul class=\"wp-block-list\">\n<li>\u6211\u4eec\u7684\u7f51\u7ad9\u663e\u793a Google AdSense\/Ad Exchange \u63d0\u4f9b\u7684\u5e7f\u544a\u3002<\/li>\n\n\n\n<li>\u6211\u4eec\u53ef\u80fd\u5305\u542b\u7b2c\u4e09\u65b9\u7f51\u7ad9\u7684\u94fe\u63a5\uff1b\u6b64\u7c7b\u94fe\u63a5\u5e76\u4e0d\u610f\u5473\u7740\u8ba4\u53ef\u8fd9\u4e9b\u7f51\u7ad9\u3002<\/li>\n<\/ul>\n\n\n\n<h2 class=\"wp-block-heading\">6. \u6761\u6b3e\u7684\u4fee\u6539<\/h2>\n\n\n\n<ul class=\"wp-block-list\">\n<li>Infostec \u4fdd\u7559\u968f\u65f6\u4fee\u6539\u8fd9\u4e9b\u6761\u6b3e\u7684\u6743\u5229\u3002\u60a8\u7ee7\u7eed\u8bbf\u95ee\u548c\u4f7f\u7528\u672c\u7f51\u7ad9\u5373\u8868\u793a\u60a8\u63a5\u53d7\u6b64\u7c7b\u4fee\u6539\u3002<\/li>\n<\/ul>\n\n\n\n<h2 class=\"wp-block-heading\">7. \u8054\u7cfb\u65b9\u5f0f<\/h2>\n\n\n\n<ul class=\"wp-block-list\">\n<li>\u5982\u679c\u60a8\u5bf9\u8fd9\u4e9b\u4f7f\u7528\u6761\u6b3e\u6709\u7591\u95ee\u6216\u7591\u8651\uff0c\u8bf7\u8054\u7cfb\u6211\u4eec\u3002<\/li>\n<\/ul>","protected":false},"excerpt":{"rendered":"<p>Bem-vindo ao Infostec. Estes Termos de Uso (\u201cTermos\u201d) regem seu acesso e uso do nosso site https:\/\/infostec.com, um portal dedicado a fornecer recomenda\u00e7\u00f5es e informa\u00e7\u00f5es sobre aplicativos de celular de diversos temas. Ao acessar ou usar o Infostec, voc\u00ea concorda em cumprir estes Termos. 1. Servi\u00e7os do Infostec 2. Uso do Site 3. Isen\u00e7\u00e3o de [&hellip;]<\/p>\n","protected":false},"author":1,"featured_media":0,"parent":0,"menu_order":0,"comment_status":"closed","ping_status":"closed","template":"","meta":{"footnotes":""},"class_list":["post-787","page","type-page","status-publish"],"_links":{"self":[{"href":"https:\/\/infostec.com\/zh\/wp-json\/wp\/v2\/pages\/787","targetHints":{"allow":["GET"]}}],"collection":[{"href":"https:\/\/infostec.com\/zh\/wp-json\/wp\/v2\/pages"}],"about":[{"href":"https:\/\/infostec.com\/zh\/wp-json\/wp\/v2\/types\/page"}],"author":[{"embeddable":true,"href":"https:\/\/infostec.com\/zh\/wp-json\/wp\/v2\/users\/1"}],"replies":[{"embeddable":true,"href":"https:\/\/infostec.com\/zh\/wp-json\/wp\/v2\/comments?post=787"}],"version-history":[{"count":1,"href":"https:\/\/infostec.com\/zh\/wp-json\/wp\/v2\/pages\/787\/revisions"}],"predecessor-version":[{"id":788,"href":"https:\/\/infostec.com\/zh\/wp-json\/wp\/v2\/pages\/787\/revisions\/788"}],"wp:attachment":[{"href":"https:\/\/infostec.com\/zh\/wp-json\/wp\/v2\/media?parent=787"}],"curies":[{"name":"wp","href":"https:\/\/api.w.org\/{rel}","templated":true}]}}