{"id":789,"date":"2024-06-18T01:02:26","date_gmt":"2024-06-18T01:02:26","guid":{"rendered":"https:\/\/infostec.com\/?page_id=789"},"modified":"2024-06-18T01:02:27","modified_gmt":"2024-06-18T01:02:27","slug":"chinh-sach-bao-mat","status":"publish","type":"page","link":"https:\/\/infostec.com\/vi\/politica-de-privacidade\/","title":{"rendered":"Ch\u00ednh s\u00e1ch b\u1ea3o m\u1eadt"},"content":{"rendered":"<p>Ch\u00e0o m\u1eebng b\u1ea1n \u0111\u1ebfn <a href=\"https:\/\/infostec.com\/vi\/\">C\u00f4ng ngh\u1ec7 th\u00f4ng tin<\/a>. Ch\u00ednh s\u00e1ch b\u1ea3o m\u1eadt n\u00e0y m\u00f4 t\u1ea3 c\u00e1ch ch\u00fang t\u00f4i thu th\u1eadp, s\u1eed d\u1ee5ng v\u00e0 chia s\u1ebb th\u00f4ng tin v\u1ec1 b\u1ea1n khi b\u1ea1n truy c\u1eadp ho\u1eb7c s\u1eed d\u1ee5ng trang web c\u1ee7a ch\u00fang t\u00f4i.<\/p>\n\n\n\n<h2 class=\"wp-block-heading\">1. Th\u00f4ng tin ch\u00fang t\u00f4i thu th\u1eadp<\/h2>\n\n\n\n<ul class=\"wp-block-list\">\n<li><strong>Th\u00f4ng tin c\u00e1 nh\u00e2n:<\/strong> Ch\u00fang t\u00f4i thu th\u1eadp th\u00f4ng tin c\u00e1 nh\u00e2n m\u00e0 b\u1ea1n t\u1ef1 nguy\u1ec7n cung c\u1ea5p, ch\u1eb3ng h\u1ea1n nh\u01b0 t\u00ean, email v\u00e0 th\u00f4ng tin li\u00ean h\u1ec7 kh\u00e1c khi b\u1ea1n \u0111\u0103ng k\u00fd c\u1eadp nh\u1eadt ho\u1eb7c li\u00ean l\u1ea1c v\u1edbi ch\u00fang t\u00f4i.<\/li>\n\n\n\n<li><strong>D\u1eef li\u1ec7u s\u1eed d\u1ee5ng:<\/strong> Ch\u00fang t\u00f4i t\u1ef1 \u0111\u1ed9ng thu th\u1eadp th\u00f4ng tin v\u1ec1 c\u00e1ch b\u1ea1n truy c\u1eadp v\u00e0 s\u1eed d\u1ee5ng Trang web, bao g\u1ed3m lo\u1ea1i thi\u1ebft b\u1ecb, tr\u00ecnh duy\u1ec7t web, c\u00e1c trang \u0111\u00e3 truy c\u1eadp, s\u1ed1 l\u1ea7n nh\u1ea5p, ki\u1ec3u s\u1eed d\u1ee5ng v\u00e0 th\u00f4ng tin s\u1eed d\u1ee5ng kh\u00e1c.<\/li>\n\n\n\n<li><strong>Cookie v\u00e0 c\u00f4ng ngh\u1ec7 theo d\u00f5i:<\/strong> Ch\u00fang t\u00f4i s\u1eed d\u1ee5ng cookie v\u00e0 c\u00f4ng ngh\u1ec7 theo d\u00f5i \u0111\u1ec3 c\u00e1 nh\u00e2n h\u00f3a tr\u1ea3i nghi\u1ec7m c\u1ee7a b\u1ea1n v\u00e0 thu th\u1eadp d\u1eef li\u1ec7u v\u1ec1 s\u1ef1 t\u01b0\u01a1ng t\u00e1c c\u1ee7a b\u1ea1n v\u1edbi trang web v\u00e0 c\u00e1c qu\u1ea3ng c\u00e1o \u0111\u01b0\u1ee3c hi\u1ec3n th\u1ecb.<\/li>\n<\/ul>\n\n\n\n<h2 class=\"wp-block-heading\">2. S\u1eed d\u1ee5ng th\u00f4ng tin<\/h2>\n\n\n\n<p>Ch\u00fang t\u00f4i s\u1eed d\u1ee5ng th\u00f4ng tin c\u1ee7a b\u1ea1n \u0111\u1ec3:<\/p>\n\n\n\n<ul class=\"wp-block-list\">\n<li>Cung c\u1ea5p, duy tr\u00ec v\u00e0 c\u1ea3i thi\u1ec7n trang web v\u00e0 d\u1ecbch v\u1ee5 c\u1ee7a ch\u00fang t\u00f4i.<\/li>\n\n\n\n<li>Giao ti\u1ebfp v\u1edbi b\u1ea1n, tr\u1ea3 l\u1eddi c\u00e1c c\u00e2u h\u1ecfi v\u00e0 y\u00eau c\u1ea7u c\u1ee7a b\u1ea1n.<\/li>\n\n\n\n<li>Hi\u1ec3n th\u1ecb qu\u1ea3ng c\u00e1o \u0111\u01b0\u1ee3c c\u00e1 nh\u00e2n h\u00f3a v\u00e0 th\u1ef1c hi\u1ec7n ph\u00e2n t\u00edch d\u1eef li\u1ec7u.<\/li>\n<\/ul>\n\n\n\n<h2 class=\"wp-block-heading\">3. Chia s\u1ebb th\u00f4ng tin<\/h2>\n\n\n\n<p>Ch\u00fang t\u00f4i c\u00f3 th\u1ec3 chia s\u1ebb th\u00f4ng tin c\u1ee7a b\u1ea1n v\u1edbi b\u00ean th\u1ee9 ba trong c\u00e1c tr\u01b0\u1eddng h\u1ee3p sau:<\/p>\n\n\n\n<ul class=\"wp-block-list\">\n<li><strong>Nh\u00e0 cung c\u1ea5p d\u1ecbch v\u1ee5:<\/strong> Ch\u00fang t\u00f4i chia s\u1ebb th\u00f4ng tin v\u1edbi c\u00e1c nh\u00e0 cung c\u1ea5p gi\u00fap ch\u00fang t\u00f4i v\u1eadn h\u00e0nh trang web, ch\u1eb3ng h\u1ea1n nh\u01b0 l\u01b0u tr\u1eef web v\u00e0 ph\u00e2n t\u00edch d\u1eef li\u1ec7u.<\/li>\n\n\n\n<li><strong>Trao \u0111\u1ed5i qu\u1ea3ng c\u00e1o c\u1ee7a Google:<\/strong> Theo y\u00eau c\u1ea7u \u0111\u1ec3 ph\u00e2n ph\u00e1t qu\u1ea3ng c\u00e1o th\u00f4ng qua Google Ad Exchange.<\/li>\n\n\n\n<li><strong>Tu\u00e2n th\u1ee7 ph\u00e1p lu\u1eadt:<\/strong> Khi c\u1ea7n thi\u1ebft \u0111\u1ec3 tu\u00e2n th\u1ee7 ph\u00e1p lu\u1eadt ho\u1eb7c \u0111\u00e1p \u1ee9ng c\u00e1c th\u1ee7 t\u1ee5c ph\u00e1p l\u00fd.<\/li>\n<\/ul>\n\n\n\n<h2 class=\"wp-block-heading\">4. Google AdSense<\/h2>\n\n\n\n<ul class=\"wp-block-list\">\n<li>\u0110\u1ec3 tu\u00e2n th\u1ee7 c\u00e1c \u0111i\u1ec1u kho\u1ea3n c\u1ee7a Google AdSense, ch\u00fang t\u00f4i th\u00f4ng b\u00e1o cho b\u1ea1n r\u1eb1ng Google, v\u1edbi t\u01b0 c\u00e1ch l\u00e0 nh\u00e0 cung c\u1ea5p b\u00ean th\u1ee9 ba, s\u1eed d\u1ee5ng cookie \u0111\u1ec3 ph\u00e2n ph\u00e1t qu\u1ea3ng c\u00e1o tr\u00ean trang web c\u1ee7a ch\u00fang t\u00f4i.<\/li>\n\n\n\n<li>Vi\u1ec7c s\u1eed d\u1ee5ng cookie DART c\u1ee7a Google cho ph\u00e9p n\u00f3 ph\u00e2n ph\u00e1t qu\u1ea3ng c\u00e1o \u0111\u1ebfn ng\u01b0\u1eddi d\u00f9ng c\u1ee7a ch\u00fang t\u00f4i d\u1ef1a tr\u00ean nh\u1eefng l\u1ea7n truy c\u1eadp tr\u01b0\u1edbc \u0111\u00e2y v\u00e0o trang web c\u1ee7a ch\u00fang t\u00f4i v\u00e0 c\u00e1c trang web kh\u00e1c tr\u00ean Internet.<\/li>\n\n\n\n<li>Ng\u01b0\u1eddi d\u00f9ng c\u00f3 th\u1ec3 t\u1eeb ch\u1ed1i s\u1eed d\u1ee5ng cookie DART b\u1eb1ng c\u00e1ch truy c\u1eadp Ch\u00ednh s\u00e1ch b\u1ea3o m\u1eadt c\u1ee7a M\u1ea1ng N\u1ed9i dung v\u00e0 Qu\u1ea3ng c\u00e1o c\u1ee7a Google.<\/li>\n<\/ul>\n\n\n\n<h2 class=\"wp-block-heading\">5. Thay \u0111\u1ed5i Ch\u00ednh s\u00e1ch quy\u1ec1n ri\u00eang t\u01b0<\/h2>\n\n\n\n<p>Ch\u00fang t\u00f4i c\u00f3 th\u1ec3 c\u1eadp nh\u1eadt Ch\u00ednh s\u00e1ch quy\u1ec1n ri\u00eang t\u01b0 c\u1ee7a m\u00ecnh theo \u0111\u1ecbnh k\u1ef3. Ch\u00fang t\u00f4i s\u1ebd th\u00f4ng b\u00e1o cho b\u1ea1n v\u1ec1 b\u1ea5t k\u1ef3 thay \u0111\u1ed5i n\u00e0o b\u1eb1ng c\u00e1ch \u0111\u0103ng Ch\u00ednh s\u00e1ch quy\u1ec1n ri\u00eang t\u01b0 m\u1edbi tr\u00ean trang n\u00e0y.<\/p>\n\n\n\n<h2 class=\"wp-block-heading\">6. Li\u00ean h\u1ec7<\/h2>\n\n\n\n<p>N\u1ebfu b\u1ea1n c\u00f3 th\u1eafc m\u1eafc v\u1ec1 Ch\u00ednh s\u00e1ch quy\u1ec1n ri\u00eang t\u01b0 n\u00e0y, vui l\u00f2ng li\u00ean h\u1ec7 v\u1edbi ch\u00fang t\u00f4i.<\/p>","protected":false},"excerpt":{"rendered":"<p>Bem-vindo ao Infostec. Esta pol\u00edtica de privacidade descreve como coletamos, usamos e compartilhamos informa\u00e7\u00f5es sobre voc\u00ea quando acessa ou usa nosso site. 1. Informa\u00e7\u00f5es que Coletamos 2. Uso de Informa\u00e7\u00f5es Utilizamos suas informa\u00e7\u00f5es para: 3. Compartilhamento de Informa\u00e7\u00f5es Podemos compartilhar suas informa\u00e7\u00f5es com terceiros nas seguintes circunst\u00e2ncias: 4. Google AdSense 5. Altera\u00e7\u00f5es \u00e0 Pol\u00edtica de [&hellip;]<\/p>\n","protected":false},"author":1,"featured_media":0,"parent":0,"menu_order":0,"comment_status":"closed","ping_status":"closed","template":"","meta":{"footnotes":""},"class_list":["post-789","page","type-page","status-publish"],"_links":{"self":[{"href":"https:\/\/infostec.com\/vi\/wp-json\/wp\/v2\/pages\/789","targetHints":{"allow":["GET"]}}],"collection":[{"href":"https:\/\/infostec.com\/vi\/wp-json\/wp\/v2\/pages"}],"about":[{"href":"https:\/\/infostec.com\/vi\/wp-json\/wp\/v2\/types\/page"}],"author":[{"embeddable":true,"href":"https:\/\/infostec.com\/vi\/wp-json\/wp\/v2\/users\/1"}],"replies":[{"embeddable":true,"href":"https:\/\/infostec.com\/vi\/wp-json\/wp\/v2\/comments?post=789"}],"version-history":[{"count":1,"href":"https:\/\/infostec.com\/vi\/wp-json\/wp\/v2\/pages\/789\/revisions"}],"predecessor-version":[{"id":790,"href":"https:\/\/infostec.com\/vi\/wp-json\/wp\/v2\/pages\/789\/revisions\/790"}],"wp:attachment":[{"href":"https:\/\/infostec.com\/vi\/wp-json\/wp\/v2\/media?parent=789"}],"curies":[{"name":"wp","href":"https:\/\/api.w.org\/{rel}","templated":true}]}}