{"id":789,"date":"2024-06-18T01:02:26","date_gmt":"2024-06-18T01:02:26","guid":{"rendered":"https:\/\/infostec.com\/?page_id=789"},"modified":"2024-06-18T01:02:27","modified_gmt":"2024-06-18T01:02:27","slug":"%d8%b1%d8%a7%d8%b2%d8%af%d8%a7%d8%b1%db%8c-%da%a9%db%8c-%d9%be%d8%a7%d9%84%db%8c%d8%b3%db%8c","status":"publish","type":"page","link":"https:\/\/infostec.com\/ur\/politica-de-privacidade\/","title":{"rendered":"\u0631\u0627\u0632\u062f\u0627\u0631\u06cc \u06a9\u06cc \u067e\u0627\u0644\u06cc\u0633\u06cc"},"content":{"rendered":"<p>\u0645\u06cc\u06ba \u062e\u0648\u0634 \u0622\u0645\u062f\u06cc\u062f <a href=\"https:\/\/infostec.com\/ur\/\">\u0627\u0646\u0641\u0648\u0679\u06cc\u06a9<\/a>. \u06cc\u06c1 \u0631\u0627\u0632\u062f\u0627\u0631\u06cc \u06a9\u06cc \u067e\u0627\u0644\u06cc\u0633\u06cc \u0628\u06cc\u0627\u0646 \u06a9\u0631\u062a\u06cc \u06c1\u06d2 \u06a9\u06c1 \u062c\u0628 \u0622\u067e \u06c1\u0645\u0627\u0631\u06cc \u0648\u06cc\u0628 \u0633\u0627\u0626\u0679 \u062a\u06a9 \u0631\u0633\u0627\u0626\u06cc \u062d\u0627\u0635\u0644 \u06a9\u0631\u062a\u06d2 \u06c1\u06cc\u06ba \u06cc\u0627 \u0627\u0633\u062a\u0639\u0645\u0627\u0644 \u06a9\u0631\u062a\u06d2 \u06c1\u06cc\u06ba \u062a\u0648 \u06c1\u0645 \u0622\u067e \u06a9\u06d2 \u0628\u0627\u0631\u06d2 \u0645\u06cc\u06ba \u0645\u0639\u0644\u0648\u0645\u0627\u062a \u06a9\u06cc\u0633\u06d2 \u0627\u06a9\u0679\u06be\u0627\u060c \u0627\u0633\u062a\u0639\u0645\u0627\u0644 \u0627\u0648\u0631 \u0634\u06cc\u0626\u0631 \u06a9\u0631\u062a\u06d2 \u06c1\u06cc\u06ba\u06d4<\/p>\n\n\n\n<h2 class=\"wp-block-heading\">1. \u0645\u0639\u0644\u0648\u0645\u0627\u062a \u06c1\u0645 \u062c\u0645\u0639 \u06a9\u0631\u062a\u06d2 \u06c1\u06cc\u06ba\u06d4<\/h2>\n\n\n\n<ul class=\"wp-block-list\">\n<li><strong>\u0630\u0627\u062a\u06cc \u0645\u0639\u0644\u0648\u0645\u0627\u062a:<\/strong> \u06c1\u0645 \u0630\u0627\u062a\u06cc \u0645\u0639\u0644\u0648\u0645\u0627\u062a \u062c\u0645\u0639 \u06a9\u0631\u062a\u06d2 \u06c1\u06cc\u06ba \u062c\u0648 \u0622\u067e \u0631\u0636\u0627\u06a9\u0627\u0631\u0627\u0646\u06c1 \u0637\u0648\u0631 \u067e\u0631 \u0641\u0631\u0627\u06c1\u0645 \u06a9\u0631\u062a\u06d2 \u06c1\u06cc\u06ba\u060c \u062c\u06cc\u0633\u06d2 \u06a9\u06c1 \u0646\u0627\u0645\u060c \u0627\u06cc \u0645\u06cc\u0644 \u0627\u0648\u0631 \u062f\u06cc\u06af\u0631 \u0631\u0627\u0628\u0637\u06d2 \u06a9\u06cc \u0645\u0639\u0644\u0648\u0645\u0627\u062a \u062c\u0628 \u0622\u067e \u0627\u067e \u0688\u06cc\u0679\u0633 \u06a9\u06d2 \u0644\u06cc\u06d2 \u0633\u0627\u0626\u0646 \u0627\u067e \u06a9\u0631\u062a\u06d2 \u06c1\u06cc\u06ba \u06cc\u0627 \u06c1\u0645 \u0633\u06d2 \u0628\u0627\u062a \u0686\u06cc\u062a \u06a9\u0631\u062a\u06d2 \u06c1\u06cc\u06ba\u06d4<\/li>\n\n\n\n<li><strong>\u0627\u0633\u062a\u0639\u0645\u0627\u0644 \u06a9\u0627 \u0688\u06cc\u0679\u0627:<\/strong> \u06c1\u0645 \u062e\u0648\u062f \u0628\u062e\u0648\u062f \u0627\u0633 \u0628\u0627\u0631\u06d2 \u0645\u06cc\u06ba \u0645\u0639\u0644\u0648\u0645\u0627\u062a \u0627\u06a9\u0679\u06be\u0627 \u06a9\u0631\u062a\u06d2 \u06c1\u06cc\u06ba \u06a9\u06c1 \u0622\u067e \u06a9\u0633 \u0637\u0631\u062d \u0633\u0627\u0626\u0679 \u062a\u06a9 \u0631\u0633\u0627\u0626\u06cc \u0627\u0648\u0631 \u0627\u0633\u062a\u0639\u0645\u0627\u0644 \u06a9\u0631\u062a\u06d2 \u06c1\u06cc\u06ba\u060c \u0628\u0634\u0645\u0648\u0644 \u0688\u06cc\u0648\u0627\u0626\u0633 \u06a9\u06cc \u0642\u0633\u0645\u060c \u0648\u06cc\u0628 \u0628\u0631\u0627\u0624\u0632\u0631\u060c \u0645\u0644\u0627\u062d\u0638\u06c1 \u06a9\u06cc\u06d2 \u06af\u0626\u06d2 \u0635\u0641\u062d\u0627\u062a\u060c \u06a9\u0644\u06a9\u0633\u060c \u0627\u0633\u062a\u0639\u0645\u0627\u0644 \u06a9\u06d2 \u0646\u0645\u0648\u0646\u06d2 \u0627\u0648\u0631 \u062f\u06cc\u06af\u0631 \u0627\u0633\u062a\u0639\u0645\u0627\u0644 \u06a9\u06cc \u0645\u0639\u0644\u0648\u0645\u0627\u062a\u06d4<\/li>\n\n\n\n<li><strong>\u06a9\u0648\u06a9\u06cc\u0632 \u0627\u0648\u0631 \u0679\u0631\u06cc\u06a9\u0646\u06af \u0679\u06cc\u06a9\u0646\u0627\u0644\u0648\u062c\u06cc\u0632:<\/strong> \u06c1\u0645 \u0622\u067e \u06a9\u06d2 \u062a\u062c\u0631\u0628\u06d2 \u06a9\u0648 \u0630\u0627\u062a\u06cc \u0628\u0646\u0627\u0646\u06d2 \u06a9\u06d2 \u0644\u06cc\u06d2 \u06a9\u0648\u06a9\u06cc\u0632 \u0627\u0648\u0631 \u0679\u0631\u06cc\u06a9\u0646\u06af \u0679\u06cc\u06a9\u0646\u0627\u0644\u0648\u062c\u06cc\u0632 \u06a9\u0627 \u0627\u0633\u062a\u0639\u0645\u0627\u0644 \u06a9\u0631\u062a\u06d2 \u06c1\u06cc\u06ba \u0627\u0648\u0631 \u0648\u06cc\u0628 \u0633\u0627\u0626\u0679 \u0627\u0648\u0631 \u062f\u06a9\u06be\u0627\u0626\u06d2 \u06af\u0626\u06d2 \u0627\u0634\u062a\u06c1\u0627\u0631\u0627\u062a \u06a9\u06d2 \u0633\u0627\u062a\u06be \u0622\u067e \u06a9\u06d2 \u062a\u0639\u0627\u0645\u0644 \u06a9\u06d2 \u0628\u0627\u0631\u06d2 \u0645\u06cc\u06ba \u0688\u06cc\u0679\u0627 \u0627\u06a9\u0679\u06be\u0627 \u06a9\u0631\u062a\u06d2 \u06c1\u06cc\u06ba\u06d4<\/li>\n<\/ul>\n\n\n\n<h2 class=\"wp-block-heading\">2. \u0645\u0639\u0644\u0648\u0645\u0627\u062a \u06a9\u0627 \u0627\u0633\u062a\u0639\u0645\u0627\u0644<\/h2>\n\n\n\n<p>\u06c1\u0645 \u0622\u067e \u06a9\u06cc \u0645\u0639\u0644\u0648\u0645\u0627\u062a \u06a9\u0627 \u0627\u0633\u062a\u0639\u0645\u0627\u0644 \u06a9\u0631\u062a\u06d2 \u06c1\u06cc\u06ba:<\/p>\n\n\n\n<ul class=\"wp-block-list\">\n<li>\u06c1\u0645\u0627\u0631\u06cc \u0648\u06cc\u0628 \u0633\u0627\u0626\u0679 \u0627\u0648\u0631 \u062e\u062f\u0645\u0627\u062a \u0641\u0631\u0627\u06c1\u0645 \u06a9\u0631\u06cc\u06ba\u060c \u0628\u0631\u0642\u0631\u0627\u0631 \u0631\u06a9\u06be\u06cc\u06ba \u0627\u0648\u0631 \u0628\u06c1\u062a\u0631 \u0628\u0646\u0627\u0626\u06cc\u06ba\u06d4<\/li>\n\n\n\n<li>\u0622\u067e \u06a9\u06d2 \u0633\u0627\u062a\u06be \u0628\u0627\u062a \u0686\u06cc\u062a \u06a9\u0631\u06cc\u06ba\u060c \u0622\u067e \u06a9\u06d2 \u0633\u0648\u0627\u0644\u0627\u062a \u0627\u0648\u0631 \u062f\u0631\u062e\u0648\u0627\u0633\u062a\u0648\u06ba \u06a9\u0627 \u062c\u0648\u0627\u0628 \u062f\u06cc\u06ba\u06d4<\/li>\n\n\n\n<li>\u0630\u0627\u062a\u06cc \u0646\u0648\u0639\u06cc\u062a \u06a9\u06d2 \u0627\u0634\u062a\u06c1\u0627\u0631\u0627\u062a \u062f\u06a9\u06be\u0627\u0626\u06cc\u06ba \u0627\u0648\u0631 \u0688\u06cc\u0679\u0627 \u06a9\u0627 \u062a\u062c\u0632\u06cc\u06c1 \u06a9\u0631\u06cc\u06ba\u06d4<\/li>\n<\/ul>\n\n\n\n<h2 class=\"wp-block-heading\">3. \u0645\u0639\u0644\u0648\u0645\u0627\u062a \u06a9\u0627 \u0627\u0634\u062a\u0631\u0627\u06a9<\/h2>\n\n\n\n<p>\u06c1\u0645 \u062f\u0631\u062c \u0630\u06cc\u0644 \u062d\u0627\u0644\u0627\u062a \u0645\u06cc\u06ba \u0641\u0631\u06cc\u0642 \u062b\u0627\u0644\u062b \u06a9\u06d2 \u0633\u0627\u062a\u06be \u0622\u067e \u06a9\u06cc \u0645\u0639\u0644\u0648\u0645\u0627\u062a \u06a9\u0627 \u0627\u0634\u062a\u0631\u0627\u06a9 \u06a9\u0631 \u0633\u06a9\u062a\u06d2 \u06c1\u06cc\u06ba:<\/p>\n\n\n\n<ul class=\"wp-block-list\">\n<li><strong>\u0633\u06c1\u0648\u0644\u062a \u06a9\u0627\u0631:<\/strong> \u06c1\u0645 \u0648\u06cc\u0646\u0688\u0631\u0632 \u06a9\u06d2 \u0633\u0627\u062a\u06be \u0645\u0639\u0644\u0648\u0645\u0627\u062a \u06a9\u0627 \u0627\u0634\u062a\u0631\u0627\u06a9 \u06a9\u0631\u062a\u06d2 \u06c1\u06cc\u06ba \u062c\u0648 \u0633\u0627\u0626\u0679 \u06a9\u0648 \u0686\u0644\u0627\u0646\u06d2 \u0645\u06cc\u06ba \u06c1\u0645\u0627\u0631\u06cc \u0645\u062f\u062f \u06a9\u0631\u062a\u06d2 \u06c1\u06cc\u06ba\u060c \u062c\u06cc\u0633\u06d2 \u0648\u06cc\u0628 \u06c1\u0648\u0633\u0679\u0646\u06af \u0627\u0648\u0631 \u0688\u06cc\u0679\u0627 \u06a9\u0627 \u062a\u062c\u0632\u06cc\u06c1\u06d4<\/li>\n\n\n\n<li><strong>\u06af\u0648\u06af\u0644 \u0627\u06cc\u0688 \u0627\u06cc\u06a9\u0633\u0686\u06cc\u0646\u062c:<\/strong> \u062c\u06cc\u0633\u0627 \u06a9\u06c1 Google Ad Exchange \u06a9\u06d2 \u0630\u0631\u06cc\u0639\u06d2 \u0627\u0634\u062a\u06c1\u0627\u0631\u0627\u062a \u067e\u06cc\u0634 \u06a9\u0631\u0646\u06d2 \u06a9\u06cc \u0636\u0631\u0648\u0631\u062a \u06c1\u06d2\u06d4<\/li>\n\n\n\n<li><strong>\u0642\u0627\u0646\u0648\u0646\u06cc \u062a\u0639\u0645\u06cc\u0644:<\/strong> \u062c\u0628 \u0636\u0631\u0648\u0631\u06cc \u06c1\u0648 \u0642\u0627\u0646\u0648\u0646 \u06a9\u06cc \u062a\u0639\u0645\u06cc\u0644 \u06a9\u0631\u0646\u0627 \u06cc\u0627 \u0642\u0627\u0646\u0648\u0646\u06cc \u0639\u0645\u0644 \u06a9\u0627 \u062c\u0648\u0627\u0628 \u062f\u06cc\u0646\u0627\u06d4<\/li>\n<\/ul>\n\n\n\n<h2 class=\"wp-block-heading\">4. \u06af\u0648\u06af\u0644 \u0627\u06cc\u0688\u0633\u06cc\u0646\u0633<\/h2>\n\n\n\n<ul class=\"wp-block-list\">\n<li>\u06af\u0648\u06af\u0644 \u0627\u06cc\u0688\u0633\u06cc\u0646\u0633 \u06a9\u06cc \u0634\u0631\u0627\u0626\u0637 \u06a9\u06cc \u062a\u0639\u0645\u06cc\u0644 \u0645\u06cc\u06ba\u060c \u06c1\u0645 \u0622\u067e \u06a9\u0648 \u0645\u0637\u0644\u0639 \u06a9\u0631\u062a\u06d2 \u06c1\u06cc\u06ba \u06a9\u06c1 \u06af\u0648\u06af\u0644\u060c \u062a\u06cc\u0633\u0631\u06d2 \u0641\u0631\u06cc\u0642 \u0648\u06cc\u0646\u0688\u0631 \u06a9\u06d2 \u0637\u0648\u0631 \u067e\u0631\u060c \u06c1\u0645\u0627\u0631\u06cc \u0648\u06cc\u0628 \u0633\u0627\u0626\u0679 \u067e\u0631 \u0627\u0634\u062a\u06c1\u0627\u0631\u0627\u062a \u067e\u06cc\u0634 \u06a9\u0631\u0646\u06d2 \u06a9\u06d2 \u0644\u06cc\u06d2 \u06a9\u0648\u06a9\u06cc\u0632 \u06a9\u0627 \u0627\u0633\u062a\u0639\u0645\u0627\u0644 \u06a9\u0631\u062a\u0627 \u06c1\u06d2\u06d4<\/li>\n\n\n\n<li>\u06af\u0648\u06af\u0644 \u06a9\u0627 \u0688\u0627\u0631\u0679 \u06a9\u0648\u06a9\u06cc \u06a9\u0627 \u0627\u0633\u062a\u0639\u0645\u0627\u0644 \u0627\u0633\u06d2 \u06c1\u0645\u0627\u0631\u06d2 \u0635\u0627\u0631\u0641\u06cc\u0646 \u06a9\u0648 \u06c1\u0645\u0627\u0631\u06cc \u0633\u0627\u0626\u0679 \u0627\u0648\u0631 \u0627\u0646\u0679\u0631\u0646\u06cc\u0679 \u067e\u0631 \u062f\u06cc\u06af\u0631 \u0633\u0627\u0626\u0679\u0633 \u06a9\u06d2 \u0645\u0627\u0636\u06cc \u06a9\u06d2 \u062f\u0648\u0631\u0648\u06ba \u06a9\u06cc \u0628\u0646\u06cc\u0627\u062f \u067e\u0631 \u0627\u0634\u062a\u06c1\u0627\u0631\u0627\u062a \u067e\u06cc\u0634 \u06a9\u0631\u0646\u06d2 \u06a9\u06d2 \u0642\u0627\u0628\u0644 \u0628\u0646\u0627\u062a\u0627 \u06c1\u06d2\u06d4<\/li>\n\n\n\n<li>\u0635\u0627\u0631\u0641\u06cc\u0646 \u06af\u0648\u06af\u0644 \u0627\u06cc\u0688\u0648\u0631\u0679\u0627\u0626\u0632\u0646\u06af \u0627\u0648\u0631 \u0645\u0648\u0627\u062f \u0646\u06cc\u0679 \u0648\u0631\u06a9 \u06a9\u06cc \u0631\u0627\u0632\u062f\u0627\u0631\u06cc \u06a9\u06cc \u067e\u0627\u0644\u06cc\u0633\u06cc \u067e\u0631 \u062c\u0627 \u06a9\u0631 DART \u06a9\u0648\u06a9\u06cc \u06a9\u06d2 \u0627\u0633\u062a\u0639\u0645\u0627\u0644 \u0633\u06d2 \u0622\u067e\u0679 \u0622\u0624\u0679 \u06a9\u0631 \u0633\u06a9\u062a\u06d2 \u06c1\u06cc\u06ba\u06d4<\/li>\n<\/ul>\n\n\n\n<h2 class=\"wp-block-heading\">5. \u0631\u0627\u0632\u062f\u0627\u0631\u06cc \u06a9\u06cc \u067e\u0627\u0644\u06cc\u0633\u06cc \u0645\u06cc\u06ba \u062a\u0628\u062f\u06cc\u0644\u06cc\u0627\u06ba<\/h2>\n\n\n\n<p>\u06c1\u0645 \u0648\u0642\u062a\u0627 \u0641\u0648\u0642\u062a\u0627 \u0627\u067e\u0646\u06cc \u0631\u0627\u0632\u062f\u0627\u0631\u06cc \u06a9\u06cc \u067e\u0627\u0644\u06cc\u0633\u06cc \u06a9\u0648 \u0627\u067e \u0688\u06cc\u0679 \u06a9\u0631 \u0633\u06a9\u062a\u06d2 \u06c1\u06cc\u06ba\u06d4 \u06c1\u0645 \u0622\u067e \u06a9\u0648 \u0627\u0633 \u0635\u0641\u062d\u06c1 \u067e\u0631 \u0646\u0626\u06cc \u067e\u0631\u0627\u0626\u06cc\u0648\u06cc\u0633\u06cc \u067e\u0627\u0644\u06cc\u0633\u06cc \u067e\u0648\u0633\u0679 \u06a9\u0631 \u06a9\u06d2 \u06a9\u0633\u06cc \u0628\u06be\u06cc \u062a\u0628\u062f\u06cc\u0644\u06cc \u06a9\u06cc \u0627\u0637\u0644\u0627\u0639 \u062f\u06cc\u06ba \u06af\u06d2\u06d4<\/p>\n\n\n\n<h2 class=\"wp-block-heading\">6. \u0631\u0627\u0628\u0637\u06c1 \u06a9\u0631\u06cc\u06ba\u06d4<\/h2>\n\n\n\n<p>\u0627\u06af\u0631 \u0622\u067e \u06a9\u06d2 \u067e\u0627\u0633 \u0627\u0633 \u0631\u0627\u0632\u062f\u0627\u0631\u06cc \u06a9\u06cc \u067e\u0627\u0644\u06cc\u0633\u06cc \u06a9\u06d2 \u0628\u0627\u0631\u06d2 \u0645\u06cc\u06ba \u0633\u0648\u0627\u0644\u0627\u062a \u06c1\u06cc\u06ba\u060c \u062a\u0648 \u0628\u0631\u0627\u06c1 \u06a9\u0631\u0645 \u06c1\u0645 \u0633\u06d2 \u0631\u0627\u0628\u0637\u06c1 \u06a9\u0631\u06cc\u06ba\u06d4<\/p>","protected":false},"excerpt":{"rendered":"<p>Bem-vindo ao Infostec. Esta pol\u00edtica de privacidade descreve como coletamos, usamos e compartilhamos informa\u00e7\u00f5es sobre voc\u00ea quando acessa ou usa nosso site. 1. Informa\u00e7\u00f5es que Coletamos 2. Uso de Informa\u00e7\u00f5es Utilizamos suas informa\u00e7\u00f5es para: 3. Compartilhamento de Informa\u00e7\u00f5es Podemos compartilhar suas informa\u00e7\u00f5es com terceiros nas seguintes circunst\u00e2ncias: 4. Google AdSense 5. Altera\u00e7\u00f5es \u00e0 Pol\u00edtica de [&hellip;]<\/p>\n","protected":false},"author":1,"featured_media":0,"parent":0,"menu_order":0,"comment_status":"closed","ping_status":"closed","template":"","meta":{"footnotes":""},"class_list":["post-789","page","type-page","status-publish"],"_links":{"self":[{"href":"https:\/\/infostec.com\/ur\/wp-json\/wp\/v2\/pages\/789","targetHints":{"allow":["GET"]}}],"collection":[{"href":"https:\/\/infostec.com\/ur\/wp-json\/wp\/v2\/pages"}],"about":[{"href":"https:\/\/infostec.com\/ur\/wp-json\/wp\/v2\/types\/page"}],"author":[{"embeddable":true,"href":"https:\/\/infostec.com\/ur\/wp-json\/wp\/v2\/users\/1"}],"replies":[{"embeddable":true,"href":"https:\/\/infostec.com\/ur\/wp-json\/wp\/v2\/comments?post=789"}],"version-history":[{"count":1,"href":"https:\/\/infostec.com\/ur\/wp-json\/wp\/v2\/pages\/789\/revisions"}],"predecessor-version":[{"id":790,"href":"https:\/\/infostec.com\/ur\/wp-json\/wp\/v2\/pages\/789\/revisions\/790"}],"wp:attachment":[{"href":"https:\/\/infostec.com\/ur\/wp-json\/wp\/v2\/media?parent=789"}],"curies":[{"name":"wp","href":"https:\/\/api.w.org\/{rel}","templated":true}]}}