{"id":787,"date":"2024-06-18T01:02:05","date_gmt":"2024-06-18T01:02:05","guid":{"rendered":"https:\/\/infostec.com\/?page_id=787"},"modified":"2024-06-18T01:02:05","modified_gmt":"2024-06-18T01:02:05","slug":"%d8%a7%d8%b3%d8%aa%d8%b9%d9%85%d8%a7%d9%84-%da%a9%d8%b1%d9%86%db%92-%da%a9%db%8c-%d8%b4%d8%b1%d8%a7%d8%a6%d8%b7","status":"publish","type":"page","link":"https:\/\/infostec.com\/ur\/termos-de-uso\/","title":{"rendered":"\u0627\u0633\u062a\u0639\u0645\u0627\u0644 \u06a9\u0631\u0646\u06d2 \u06a9\u06cc \u0634\u0631\u0627\u0626\u0637"},"content":{"rendered":"<p>\u0645\u06cc\u06ba \u062e\u0648\u0634 \u0622\u0645\u062f\u06cc\u062f <a href=\"https:\/\/infostec.com\/ur\/\">\u0627\u0646\u0641\u0648\u0679\u06cc\u06a9<\/a>. \u0627\u0633\u062a\u0639\u0645\u0627\u0644 \u06a9\u06cc \u06cc\u06c1 \u0634\u0631\u0627\u0626\u0637 (&quot;\u0634\u0631\u0627\u0626\u0637&quot;) \u06c1\u0645\u0627\u0631\u06cc \u0648\u06cc\u0628 \u0633\u0627\u0626\u0679 https:\/\/infostec.com \u062a\u06a9 \u0622\u067e \u06a9\u06cc \u0631\u0633\u0627\u0626\u06cc \u0627\u0648\u0631 \u0627\u0633\u062a\u0639\u0645\u0627\u0644 \u06a9\u0648 \u06a9\u0646\u0679\u0631\u0648\u0644 \u06a9\u0631\u062a\u06cc \u06c1\u06cc\u06ba\u060c \u06cc\u06c1 \u0627\u06cc\u06a9 \u067e\u0648\u0631\u0679\u0644 \u06c1\u06d2 \u062c\u0648 \u0645\u062e\u062a\u0644\u0641 \u0645\u0648\u0636\u0648\u0639\u0627\u062a \u067e\u0631 \u0645\u0648\u0628\u0627\u0626\u0644 \u0627\u06cc\u067e\u0644\u06cc\u06a9\u06cc\u0634\u0646\u0632 \u06a9\u06d2 \u0628\u0627\u0631\u06d2 \u0645\u06cc\u06ba \u0633\u0641\u0627\u0631\u0634\u0627\u062a \u0627\u0648\u0631 \u0645\u0639\u0644\u0648\u0645\u0627\u062a \u0641\u0631\u0627\u06c1\u0645 \u06a9\u0631\u0646\u06d2 \u06a9\u06d2 \u0644\u06cc\u06d2 \u0648\u0642\u0641 \u06c1\u06d2\u06d4 \u062a\u06a9 \u0631\u0633\u0627\u0626\u06cc \u06cc\u0627 \u0627\u0633\u062a\u0639\u0645\u0627\u0644 \u06a9\u0631\u062a\u06d2 \u0648\u0642\u062a <a href=\"https:\/\/infostec.com\/ur\/\">\u0627\u0646\u0641\u0648\u0679\u06cc\u06a9<\/a>\u060c \u0622\u067e \u0627\u0646 \u0634\u0631\u0627\u0626\u0637 \u06a9\u06cc \u062a\u0639\u0645\u06cc\u0644 \u06a9\u0631\u0646\u06d2 \u0633\u06d2 \u0627\u062a\u0641\u0627\u0642 \u06a9\u0631\u062a\u06d2 \u06c1\u06cc\u06ba\u06d4<\/p>\n\n\n\n<h2 class=\"wp-block-heading\">1. \u0627\u0646\u0641\u0648\u0633\u0679\u06cc\u06a9 \u0633\u0631\u0648\u0633\u0632<\/h2>\n\n\n\n<ul class=\"wp-block-list\">\n<li>Infostec \u0645\u0648\u0628\u0627\u0626\u0644 \u0627\u06cc\u067e \u06a9\u06cc \u0633\u0641\u0627\u0631\u0634\u0627\u062a \u0627\u0648\u0631 \u0645\u062a\u0639\u0644\u0642\u06c1 \u0645\u0648\u0627\u062f \u067e\u06cc\u0634 \u06a9\u0631\u062a\u0627 \u06c1\u06d2\u06d4<\/li>\n\n\n\n<li>\u06c1\u0645 \u062a\u062c\u0648\u06cc\u0632 \u06a9\u0631\u062f\u06c1 \u0627\u06cc\u067e\u0644\u06cc\u06a9\u06cc\u0634\u0646\u0632 \u06a9\u06d2 \u0645\u0627\u0644\u06a9 \u06cc\u0627 \u062a\u06cc\u0627\u0631 \u0646\u06c1\u06cc\u06ba \u06a9\u0631\u062a\u06d2 \u06c1\u06cc\u06ba\u06d4 \u0633\u0641\u0627\u0631\u0634\u0627\u062a \u0645\u0644\u06a9\u06cc\u062a\u06cc \u062a\u062d\u0642\u06cc\u0642 \u0627\u0648\u0631 \u062a\u062c\u0632\u06cc\u06c1 \u067e\u0631 \u0645\u0628\u0646\u06cc \u06c1\u06cc\u06ba\u06d4<\/li>\n\n\n\n<li>\u06c1\u0645\u0627\u0631\u06cc \u062e\u062f\u0645\u0627\u062a \u06a9\u0648 Google AdSense\/Ad Exchange \u0627\u0634\u062a\u06c1\u0627\u0631\u0627\u062a \u06a9\u06d2 \u0630\u0631\u06cc\u0639\u06d2 \u0645\u0646\u06cc\u0679\u0627\u0626\u0632 \u06a9\u06cc\u0627 \u062c\u0627\u062a\u0627 \u06c1\u06d2\u06d4<\/li>\n<\/ul>\n\n\n\n<h2 class=\"wp-block-heading\">2. \u0633\u0627\u0626\u0679 \u06a9\u0627 \u0627\u0633\u062a\u0639\u0645\u0627\u0644<\/h2>\n\n\n\n<ul class=\"wp-block-list\">\n<li>\u0622\u067e \u0627\u0646\u0641\u0648\u0633\u0679\u06cc\u06a9 \u06a9\u0648 \u0635\u0631\u0641 \u0642\u0627\u0646\u0648\u0646\u06cc \u0645\u0642\u0627\u0635\u062f \u06a9\u06d2 \u0644\u06cc\u06d2 \u0627\u0648\u0631 \u0627\u0646 \u0634\u0631\u0627\u0626\u0637 \u06a9\u06d2 \u0645\u0637\u0627\u0628\u0642 \u0627\u0633\u062a\u0639\u0645\u0627\u0644 \u06a9\u0631\u0646\u06d2 \u0633\u06d2 \u0627\u062a\u0641\u0627\u0642 \u06a9\u0631\u062a\u06d2 \u06c1\u06cc\u06ba\u06d4<\/li>\n\n\n\n<li>\u0622\u067e \u06a9\u0648 \u0648\u06cc\u0628 \u0633\u0627\u0626\u0679 \u06a9\u0648 \u06a9\u0633\u06cc \u0628\u06be\u06cc \u0637\u0631\u062d \u0633\u06d2 \u0627\u0633\u062a\u0639\u0645\u0627\u0644 \u0646\u06c1\u06cc\u06ba \u06a9\u0631\u0646\u0627 \u0686\u0627\u06c1\u06cc\u06d2 \u062c\u0648 \u0627\u0633\u06d2 \u0646\u0642\u0635\u0627\u0646 \u067e\u06c1\u0646\u0686\u0627 \u0633\u06a9\u062a\u0627 \u06c1\u06d2\u060c \u063a\u06cc\u0631 \u0641\u0639\u0627\u0644 \u06a9\u0631 \u0633\u06a9\u062a\u0627 \u06c1\u06d2 \u06cc\u0627 \u0627\u0633 \u0633\u06d2 \u0632\u06cc\u0627\u062f\u06c1 \u0628\u0648\u062c\u06be \u0688\u0627\u0644 \u0633\u06a9\u062a\u0627 \u06c1\u06d2\u06d4<\/li>\n\n\n\n<li>Infostec \u06a9\u0627 \u0645\u0648\u0627\u062f\u060c \u0628\u0634\u0645\u0648\u0644 \u0645\u062a\u0646\u060c \u06af\u0631\u0627\u0641\u06a9\u0633 \u0627\u0648\u0631 \u062a\u0635\u0627\u0648\u06cc\u0631\u060c \u06a9\u0627\u067e\u06cc \u0631\u0627\u0626\u0679 \u06a9\u06d2 \u0630\u0631\u06cc\u0639\u06d2 \u0645\u062d\u0641\u0648\u0638 \u06c1\u06d2 \u0627\u0648\u0631 Infostec \u06cc\u0627 \u0627\u0633 \u06a9\u06d2 \u0644\u0627\u0626\u0633\u0646\u0633 \u062f\u06c1\u0646\u062f\u06af\u0627\u0646 \u06a9\u06cc \u0645\u0644\u06a9\u06cc\u062a \u06c1\u06d2\u06d4<\/li>\n<\/ul>\n\n\n\n<h2 class=\"wp-block-heading\">3. \u062f\u0633\u062a\u0628\u0631\u062f\u0627\u0631\u06cc<\/h2>\n\n\n\n<ul class=\"wp-block-list\">\n<li>Infostec \u062a\u062c\u0648\u06cc\u0632 \u06a9\u0631\u062f\u06c1 \u0627\u06cc\u067e\u0644\u06cc \u06a9\u06cc\u0634\u0646\u0632 \u06a9\u06cc \u062f\u0631\u0633\u062a\u06af\u06cc\u060c \u062d\u0641\u0627\u0638\u062a \u06cc\u0627 \u0648\u0634\u0648\u0633\u0646\u06cc\u06cc\u062a\u0627 \u06a9\u06d2 \u0644\u06cc\u06d2 \u0630\u0645\u06c1 \u062f\u0627\u0631 \u0646\u06c1\u06cc\u06ba \u06c1\u06d2\u06d4<\/li>\n\n\n\n<li>\u06c1\u0645 \u0627\u067e\u0646\u06cc \u0648\u06cc\u0628 \u0633\u0627\u0626\u0679 \u067e\u0631 \u062a\u062c\u0648\u06cc\u0632 \u06a9\u0631\u062f\u06c1 \u0627\u06cc\u067e\u0644\u06cc \u06a9\u06cc\u0634\u0646\u0632 \u06a9\u06d2 \u0627\u0633\u062a\u0639\u0645\u0627\u0644 \u06a9\u06d2 \u0646\u062a\u06cc\u062c\u06d2 \u0645\u06cc\u06ba \u06c1\u0648\u0646\u06d2 \u0648\u0627\u0644\u06d2 \u06a9\u0633\u06cc \u0646\u0642\u0635\u0627\u0646 \u06cc\u0627 \u0646\u0642\u0635\u0627\u0646 \u06a9\u06d2 \u0630\u0645\u06c1 \u062f\u0627\u0631 \u0646\u06c1\u06cc\u06ba \u06c1\u06cc\u06ba\u06d4<\/li>\n<\/ul>\n\n\n\n<h2 class=\"wp-block-heading\">4. \u062f\u0627\u0646\u0634\u0648\u0631\u0627\u0646\u06c1 \u0627\u0645\u0644\u0627\u06a9 \u06a9\u06d2 \u062d\u0642\u0648\u0642<\/h2>\n\n\n\n<ul class=\"wp-block-list\">\n<li>Infostec \u067e\u0631 \u0645\u0648\u062c\u0648\u062f \u062a\u0645\u0627\u0645 \u0645\u0648\u0627\u062f Infostec \u06cc\u0627 \u0627\u0633 \u06a9\u06d2 \u0644\u0627\u0626\u0633\u0646\u0633 \u062f\u06c1\u0646\u062f\u06af\u0627\u0646 \u06a9\u06cc \u0645\u0644\u06a9\u06cc\u062a \u06c1\u06d2 \u0627\u0648\u0631 \u06a9\u0627\u067e\u06cc \u0631\u0627\u0626\u0679\u060c \u0679\u0631\u06cc\u0688 \u0645\u0627\u0631\u06a9 \u0627\u0648\u0631 \u062f\u06cc\u06af\u0631 \u062f\u0627\u0646\u0634\u0648\u0631\u0627\u0646\u06c1 \u0627\u0645\u0644\u0627\u06a9 \u06a9\u06d2 \u0642\u0648\u0627\u0646\u06cc\u0646 \u0633\u06d2 \u0645\u062d\u0641\u0648\u0638 \u06c1\u06d2\u06d4<\/li>\n\n\n\n<li>\u06c1\u0645\u0627\u0631\u06cc \u0648\u0627\u0636\u062d \u062a\u062d\u0631\u06cc\u0631\u06cc \u0627\u062c\u0627\u0632\u062a \u06a9\u06d2 \u0628\u063a\u06cc\u0631 \u0648\u06cc\u0628 \u0633\u0627\u0626\u0679 \u0633\u06d2 \u06a9\u0648\u0626\u06cc \u0628\u06be\u06cc \u0645\u0648\u0627\u062f \u06a9\u0627\u067e\u06cc\u060c \u062f\u0648\u0628\u0627\u0631\u06c1 \u062a\u06cc\u0627\u0631\u060c \u062f\u0648\u0628\u0627\u0631\u06c1 \u0634\u0627\u0626\u0639\u060c \u0627\u067e \u0644\u0648\u0688\u060c \u067e\u0648\u0633\u0679\u060c \u0645\u0646\u062a\u0642\u0644 \u06cc\u0627 \u062a\u0642\u0633\u06cc\u0645 \u0646\u06c1\u06cc\u06ba \u06a9\u06cc\u0627 \u062c\u0627 \u0633\u06a9\u062a\u0627\u06d4<\/li>\n<\/ul>\n\n\n\n<h2 class=\"wp-block-heading\">5. \u0627\u06cc\u0688\u0648\u0631\u0679\u0627\u0626\u0632\u0646\u06af \u0627\u0648\u0631 \u062a\u06be\u0631\u0688 \u067e\u0627\u0631\u0679\u06cc \u0644\u0646\u06a9\u0633<\/h2>\n\n\n\n<ul class=\"wp-block-list\">\n<li>\u06c1\u0645\u0627\u0631\u06cc \u0648\u06cc\u0628 \u0633\u0627\u0626\u0679 \u06af\u0648\u06af\u0644 \u0627\u06cc\u0688\u0633\u06cc\u0646\u0633\/\u0627\u06cc\u0688 \u0627\u06cc\u06a9\u0633\u0686\u06cc\u0646\u062c \u06a9\u06d2 \u0630\u0631\u06cc\u0639\u06c1 \u0641\u0631\u0627\u06c1\u0645 \u06a9\u0631\u062f\u06c1 \u0627\u0634\u062a\u06c1\u0627\u0631\u0627\u062a \u062f\u06a9\u06be\u0627\u062a\u06cc \u06c1\u06d2\u06d4<\/li>\n\n\n\n<li>\u06c1\u0645 \u062a\u06cc\u0633\u0631\u06d2 \u0641\u0631\u06cc\u0642 \u06a9\u06cc \u0648\u06cc\u0628 \u0633\u0627\u0626\u0679\u0633 \u06a9\u06d2 \u0644\u0646\u06a9\u0633 \u0634\u0627\u0645\u0644 \u06a9\u0631 \u0633\u06a9\u062a\u06d2 \u06c1\u06cc\u06ba\u061b \u0627\u0633 \u0637\u0631\u062d \u06a9\u06d2 \u0644\u0646\u06a9\u0633 \u0627\u0646 \u0633\u0627\u0626\u0679\u0633 \u06a9\u06cc \u062a\u0648\u062b\u06cc\u0642 \u06a9\u0627 \u0645\u0637\u0644\u0628 \u0646\u06c1\u06cc\u06ba \u06c1\u06d2.<\/li>\n<\/ul>\n\n\n\n<h2 class=\"wp-block-heading\">6. \u0634\u0631\u0627\u0626\u0637 \u0645\u06cc\u06ba \u062a\u0631\u0645\u06cc\u0645<\/h2>\n\n\n\n<ul class=\"wp-block-list\">\n<li>Infostec \u06a9\u0633\u06cc \u0628\u06be\u06cc \u0648\u0642\u062a \u0627\u0646 \u0634\u0631\u0627\u0626\u0637 \u0645\u06cc\u06ba \u062a\u0631\u0645\u06cc\u0645 \u06a9\u0631\u0646\u06d2 \u06a9\u0627 \u062d\u0642 \u0645\u062d\u0641\u0648\u0638 \u0631\u06a9\u06be\u062a\u0627 \u06c1\u06d2\u06d4 \u0622\u067e \u06a9\u06d2 \u0645\u0633\u0644\u0633\u0644 \u062f\u0648\u0631\u06d2 \u0627\u0648\u0631 \u0633\u0627\u0626\u0679 \u06a9\u0627 \u0627\u0633\u062a\u0639\u0645\u0627\u0644 \u0622\u067e \u06a9\u06cc \u0627\u0633 \u0637\u0631\u062d \u06a9\u06cc \u062a\u0628\u062f\u06cc\u0644\u06cc\u0648\u06ba \u06a9\u06cc \u0642\u0628\u0648\u0644\u06cc\u062a \u06a9\u0648 \u062a\u0634\u06a9\u06cc\u0644 \u062f\u06cc\u062a\u0627 \u06c1\u06d2\u06d4<\/li>\n<\/ul>\n\n\n\n<h2 class=\"wp-block-heading\">7. \u0631\u0627\u0628\u0637\u06c1 \u06a9\u0631\u06cc\u06ba\u06d4<\/h2>\n\n\n\n<ul class=\"wp-block-list\">\n<li>\u0627\u06af\u0631 \u0622\u067e \u06a9\u06d2 \u0627\u0633\u062a\u0639\u0645\u0627\u0644 \u06a9\u06cc \u0627\u0646 \u0634\u0631\u0627\u0626\u0637 \u06a9\u06d2 \u0628\u0627\u0631\u06d2 \u0645\u06cc\u06ba \u0633\u0648\u0627\u0644\u0627\u062a \u06cc\u0627 \u062e\u062f\u0634\u0627\u062a \u06c1\u06cc\u06ba\u060c \u062a\u0648 \u0628\u0631\u0627\u06c1 \u06a9\u0631\u0645 \u06c1\u0645 \u0633\u06d2 \u0631\u0627\u0628\u0637\u06c1 \u06a9\u0631\u06cc\u06ba\u06d4<\/li>\n<\/ul>","protected":false},"excerpt":{"rendered":"<p>Bem-vindo ao Infostec. Estes Termos de Uso (\u201cTermos\u201d) regem seu acesso e uso do nosso site https:\/\/infostec.com, um portal dedicado a fornecer recomenda\u00e7\u00f5es e informa\u00e7\u00f5es sobre aplicativos de celular de diversos temas. Ao acessar ou usar o Infostec, voc\u00ea concorda em cumprir estes Termos. 1. Servi\u00e7os do Infostec 2. Uso do Site 3. Isen\u00e7\u00e3o de [&hellip;]<\/p>\n","protected":false},"author":1,"featured_media":0,"parent":0,"menu_order":0,"comment_status":"closed","ping_status":"closed","template":"","meta":{"footnotes":""},"class_list":["post-787","page","type-page","status-publish"],"_links":{"self":[{"href":"https:\/\/infostec.com\/ur\/wp-json\/wp\/v2\/pages\/787","targetHints":{"allow":["GET"]}}],"collection":[{"href":"https:\/\/infostec.com\/ur\/wp-json\/wp\/v2\/pages"}],"about":[{"href":"https:\/\/infostec.com\/ur\/wp-json\/wp\/v2\/types\/page"}],"author":[{"embeddable":true,"href":"https:\/\/infostec.com\/ur\/wp-json\/wp\/v2\/users\/1"}],"replies":[{"embeddable":true,"href":"https:\/\/infostec.com\/ur\/wp-json\/wp\/v2\/comments?post=787"}],"version-history":[{"count":1,"href":"https:\/\/infostec.com\/ur\/wp-json\/wp\/v2\/pages\/787\/revisions"}],"predecessor-version":[{"id":788,"href":"https:\/\/infostec.com\/ur\/wp-json\/wp\/v2\/pages\/787\/revisions\/788"}],"wp:attachment":[{"href":"https:\/\/infostec.com\/ur\/wp-json\/wp\/v2\/media?parent=787"}],"curies":[{"name":"wp","href":"https:\/\/api.w.org\/{rel}","templated":true}]}}