{"id":787,"date":"2024-06-18T01:02:05","date_gmt":"2024-06-18T01:02:05","guid":{"rendered":"https:\/\/infostec.com\/?page_id=787"},"modified":"2024-06-18T01:02:05","modified_gmt":"2024-06-18T01:02:05","slug":"kullanim-sartlari","status":"publish","type":"page","link":"https:\/\/infostec.com\/tr\/termos-de-uso\/","title":{"rendered":"Kullan\u0131m \u015eartlar\u0131"},"content":{"rendered":"<p>Ho\u015fgeldiniz <a href=\"https:\/\/infostec.com\/tr\/\">Infotec<\/a>. Bu Kullan\u0131m Ko\u015fullar\u0131 (\u201cKo\u015fullar\u201d), \u00e7e\u015fitli konularda mobil uygulamalar hakk\u0131nda \u00f6neri ve bilgi sa\u011flamaya adanm\u0131\u015f bir portal olan https:\/\/infostec.com web sitemize eri\u015fiminizi ve kullan\u0131m\u0131n\u0131z\u0131 y\u00f6netir. Eri\u015firken veya kullan\u0131rken <a href=\"https:\/\/infostec.com\/tr\/\">Infotec<\/a>, bu Ko\u015fullara uymay\u0131 kabul edersiniz.<\/p>\n\n\n\n<h2 class=\"wp-block-heading\">1. Infostec Hizmetleri<\/h2>\n\n\n\n<ul class=\"wp-block-list\">\n<li>Infostec, mobil uygulama \u00f6nerileri ve ilgili i\u00e7erik sunar.<\/li>\n\n\n\n<li>\u00d6nerilen uygulamalara sahip de\u011filiz veya bunlar\u0131 geli\u015ftirmiyoruz. \u00d6neriler \u00f6zel ara\u015ft\u0131rma ve analizlere dayanmaktad\u0131r.<\/li>\n\n\n\n<li>Hizmetlerimizden Google AdSense\/Ad Exchange reklamlar\u0131 arac\u0131l\u0131\u011f\u0131yla para kazan\u0131lmaktad\u0131r.<\/li>\n<\/ul>\n\n\n\n<h2 class=\"wp-block-heading\">2. Sitenin Kullan\u0131m\u0131<\/h2>\n\n\n\n<ul class=\"wp-block-list\">\n<li>Infostec&#039;i yaln\u0131zca yasal ama\u00e7larla ve bu Ko\u015fullara uygun olarak kullanmay\u0131 kabul edersiniz.<\/li>\n\n\n\n<li>Web Sitesini ona zarar verecek, onu devre d\u0131\u015f\u0131 b\u0131rakacak veya a\u015f\u0131r\u0131 y\u00fckleyecek \u015fekilde kullanmamal\u0131s\u0131n\u0131z.<\/li>\n\n\n\n<li>Metin, grafik ve resimler de dahil olmak \u00fczere Infostec i\u00e7eri\u011fi, telif hakk\u0131yla korunmaktad\u0131r ve Infostec&#039;in veya lisans verenlerinin m\u00fclkiyetindedir.<\/li>\n<\/ul>\n\n\n\n<h2 class=\"wp-block-heading\">3. Sorumluluk reddi beyan\u0131<\/h2>\n\n\n\n<ul class=\"wp-block-list\">\n<li>Infostec, \u00f6nerilen uygulamalar\u0131n do\u011frulu\u011fundan, g\u00fcvenli\u011finden veya g\u00fcvenilirli\u011finden sorumlu de\u011fildir.<\/li>\n\n\n\n<li>Web sitemizde \u00f6nerilen uygulamalar\u0131n kullan\u0131m\u0131ndan kaynaklanan hi\u00e7bir zarar veya kay\u0131ptan sorumlu de\u011filiz.<\/li>\n<\/ul>\n\n\n\n<h2 class=\"wp-block-heading\">4. Fikri M\u00fclkiyet Haklar\u0131<\/h2>\n\n\n\n<ul class=\"wp-block-list\">\n<li>Infostec&#039;teki t\u00fcm i\u00e7erik Infostec&#039;in veya lisans verenlerinin m\u00fclkiyetindedir ve telif hakk\u0131, ticari marka ve di\u011fer fikri m\u00fclkiyet yasalar\u0131yla korunmaktad\u0131r.<\/li>\n\n\n\n<li>Web sitesindeki hi\u00e7bir i\u00e7erik, a\u00e7\u0131k yaz\u0131l\u0131 iznimiz olmadan hi\u00e7bir \u015fekilde kopyalanamaz, \u00e7o\u011falt\u0131lamaz, yeniden yay\u0131nlanamaz, y\u00fcklenemez, postalanamaz, iletilemez veya da\u011f\u0131t\u0131lamaz.<\/li>\n<\/ul>\n\n\n\n<h2 class=\"wp-block-heading\">5. Reklam ve \u00dc\u00e7\u00fcnc\u00fc Taraf Ba\u011flant\u0131lar\u0131<\/h2>\n\n\n\n<ul class=\"wp-block-list\">\n<li>Web sitemizde Google AdSense\/Ad Exchange taraf\u0131ndan sa\u011flanan reklamlar g\u00f6r\u00fcnt\u00fclenir.<\/li>\n\n\n\n<li>\u00dc\u00e7\u00fcnc\u00fc taraf web sitelerine ba\u011flant\u0131lar ekleyebiliriz; bu t\u00fcr ba\u011flant\u0131lar bu sitelerin onayland\u0131\u011f\u0131 anlam\u0131na gelmez.<\/li>\n<\/ul>\n\n\n\n<h2 class=\"wp-block-heading\">6. \u015eartlarda De\u011fi\u015fiklikler<\/h2>\n\n\n\n<ul class=\"wp-block-list\">\n<li>Infostec bu \u015eartlar\u0131 istedi\u011fi zaman de\u011fi\u015ftirme hakk\u0131n\u0131 sakl\u0131 tutar. Devam eden ziyaretleriniz ve siteyi kullanman\u0131z bu t\u00fcr de\u011fi\u015fiklikleri kabul etti\u011finiz anlam\u0131na gelir.<\/li>\n<\/ul>\n\n\n\n<h2 class=\"wp-block-heading\">7. \u0130leti\u015fim<\/h2>\n\n\n\n<ul class=\"wp-block-list\">\n<li>Bu Kullan\u0131m Ko\u015fullar\u0131 ile ilgili sorular\u0131n\u0131z veya endi\u015feleriniz varsa l\u00fctfen bizimle ileti\u015fime ge\u00e7in.<\/li>\n<\/ul>","protected":false},"excerpt":{"rendered":"<p>Bem-vindo ao Infostec. Estes Termos de Uso (\u201cTermos\u201d) regem seu acesso e uso do nosso site https:\/\/infostec.com, um portal dedicado a fornecer recomenda\u00e7\u00f5es e informa\u00e7\u00f5es sobre aplicativos de celular de diversos temas. Ao acessar ou usar o Infostec, voc\u00ea concorda em cumprir estes Termos. 1. Servi\u00e7os do Infostec 2. Uso do Site 3. Isen\u00e7\u00e3o de [&hellip;]<\/p>\n","protected":false},"author":1,"featured_media":0,"parent":0,"menu_order":0,"comment_status":"closed","ping_status":"closed","template":"","meta":{"footnotes":""},"class_list":["post-787","page","type-page","status-publish"],"_links":{"self":[{"href":"https:\/\/infostec.com\/tr\/wp-json\/wp\/v2\/pages\/787","targetHints":{"allow":["GET"]}}],"collection":[{"href":"https:\/\/infostec.com\/tr\/wp-json\/wp\/v2\/pages"}],"about":[{"href":"https:\/\/infostec.com\/tr\/wp-json\/wp\/v2\/types\/page"}],"author":[{"embeddable":true,"href":"https:\/\/infostec.com\/tr\/wp-json\/wp\/v2\/users\/1"}],"replies":[{"embeddable":true,"href":"https:\/\/infostec.com\/tr\/wp-json\/wp\/v2\/comments?post=787"}],"version-history":[{"count":1,"href":"https:\/\/infostec.com\/tr\/wp-json\/wp\/v2\/pages\/787\/revisions"}],"predecessor-version":[{"id":788,"href":"https:\/\/infostec.com\/tr\/wp-json\/wp\/v2\/pages\/787\/revisions\/788"}],"wp:attachment":[{"href":"https:\/\/infostec.com\/tr\/wp-json\/wp\/v2\/media?parent=787"}],"curies":[{"name":"wp","href":"https:\/\/api.w.org\/{rel}","templated":true}]}}