{"id":789,"date":"2024-06-18T01:02:26","date_gmt":"2024-06-18T01:02:26","guid":{"rendered":"https:\/\/infostec.com\/?page_id=789"},"modified":"2024-06-18T01:02:27","modified_gmt":"2024-06-18T01:02:27","slug":"politika-zasebnosti","status":"publish","type":"page","link":"https:\/\/infostec.com\/sl\/politica-de-privacidade\/","title":{"rendered":"Politika zasebnosti"},"content":{"rendered":"<p>Dobrodo\u0161li v <a href=\"https:\/\/infostec.com\/sl\/\">Infotec<\/a>. Ta pravilnik o zasebnosti opisuje, kako zbiramo, uporabljamo in delimo podatke o vas, ko dostopate ali uporabljate na\u0161e spletno mesto.<\/p>\n\n\n\n<h2 class=\"wp-block-heading\">1. Podatki, ki jih zbiramo<\/h2>\n\n\n\n<ul class=\"wp-block-list\">\n<li><strong>Osebni podatki:<\/strong> Zbiramo osebne podatke, ki jih posredujete prostovoljno, kot so ime, e-po\u0161ta in drugi kontaktni podatki, ko se prijavite na posodobitve ali komunicirate z nami.<\/li>\n\n\n\n<li><strong>Podatki o uporabi:<\/strong> Samodejno zbiramo podatke o tem, kako dostopate do spletnega mesta in ga uporabljate, vklju\u010dno z vrsto naprave, spletnim brskalnikom, obiskanimi stranmi, kliki, vzorci uporabe in drugimi informacijami o uporabi.<\/li>\n\n\n\n<li><strong>Pi\u0161kotki in tehnologije sledenja:<\/strong> Uporabljamo pi\u0161kotke in tehnologije sledenja, da prilagodimo va\u0161o izku\u0161njo in zbiramo podatke o va\u0161i interakciji s spletnim mestom in prikazanimi oglasi.<\/li>\n<\/ul>\n\n\n\n<h2 class=\"wp-block-heading\">2. Uporaba informacij<\/h2>\n\n\n\n<p>Va\u0161e podatke uporabljamo za:<\/p>\n\n\n\n<ul class=\"wp-block-list\">\n<li>Zagotavljanje, vzdr\u017eevanje in izbolj\u0161anje na\u0161e spletne strani in storitev.<\/li>\n\n\n\n<li>Komunicirajte z vami, odgovarjajte na va\u0161a vpra\u0161anja in zahteve.<\/li>\n\n\n\n<li>Prika\u017eite prilagojene oglase in izvedite analizo podatkov.<\/li>\n<\/ul>\n\n\n\n<h2 class=\"wp-block-heading\">3. Izmenjava informacij<\/h2>\n\n\n\n<p>Va\u0161e podatke lahko delimo s tretjimi osebami v naslednjih okoli\u0161\u010dinah:<\/p>\n\n\n\n<ul class=\"wp-block-list\">\n<li><strong>Ponudniki storitev:<\/strong> Podatke delimo s prodajalci, ki nam pomagajo upravljati spletno mesto, na primer spletno gostovanje in analiza podatkov.<\/li>\n\n\n\n<li><strong>Google Ad Exchange:<\/strong> Kot je potrebno za prikazovanje oglasov prek Google Ad Exchange.<\/li>\n\n\n\n<li><strong>Pravna skladnost:<\/strong> Ko je to potrebno zaradi ravnanja v skladu z zakonom ali odziva na pravni postopek.<\/li>\n<\/ul>\n\n\n\n<h2 class=\"wp-block-heading\">4. Google AdSense<\/h2>\n\n\n\n<ul class=\"wp-block-list\">\n<li>V skladu s pogoji Google AdSense vas obve\u0161\u010damo, da Google kot tretji ponudnik uporablja pi\u0161kotke za prikazovanje oglasov na na\u0161i spletni strani.<\/li>\n\n\n\n<li>Googlova uporaba pi\u0161kotka DART omogo\u010da prikazovanje oglasov na\u0161im uporabnikom na podlagi preteklih obiskov na\u0161ega spletnega mesta in drugih spletnih mest na internetu.<\/li>\n\n\n\n<li>Uporabniki lahko zavrnejo uporabo pi\u0161kotka DART tako, da obi\u0161\u010dejo Googlov pravilnik o zasebnosti za ogla\u0161evalsko in vsebinsko omre\u017eje.<\/li>\n<\/ul>\n\n\n\n<h2 class=\"wp-block-heading\">5. Spremembe Politike zasebnosti<\/h2>\n\n\n\n<p>Na\u0161 pravilnik o zasebnosti lahko ob\u010dasno posodobimo. O vseh spremembah vas bomo obvestili z objavo novega pravilnika o zasebnosti na tej strani.<\/p>\n\n\n\n<h2 class=\"wp-block-heading\">6. Kontakt<\/h2>\n\n\n\n<p>\u010ce imate vpra\u0161anja o tem pravilniku o zasebnosti, se obrnite na nas.<\/p>","protected":false},"excerpt":{"rendered":"<p>Bem-vindo ao Infostec. Esta pol\u00edtica de privacidade descreve como coletamos, usamos e compartilhamos informa\u00e7\u00f5es sobre voc\u00ea quando acessa ou usa nosso site. 1. Informa\u00e7\u00f5es que Coletamos 2. Uso de Informa\u00e7\u00f5es Utilizamos suas informa\u00e7\u00f5es para: 3. Compartilhamento de Informa\u00e7\u00f5es Podemos compartilhar suas informa\u00e7\u00f5es com terceiros nas seguintes circunst\u00e2ncias: 4. Google AdSense 5. Altera\u00e7\u00f5es \u00e0 Pol\u00edtica de [&hellip;]<\/p>\n","protected":false},"author":1,"featured_media":0,"parent":0,"menu_order":0,"comment_status":"closed","ping_status":"closed","template":"","meta":{"footnotes":""},"class_list":["post-789","page","type-page","status-publish"],"_links":{"self":[{"href":"https:\/\/infostec.com\/sl\/wp-json\/wp\/v2\/pages\/789","targetHints":{"allow":["GET"]}}],"collection":[{"href":"https:\/\/infostec.com\/sl\/wp-json\/wp\/v2\/pages"}],"about":[{"href":"https:\/\/infostec.com\/sl\/wp-json\/wp\/v2\/types\/page"}],"author":[{"embeddable":true,"href":"https:\/\/infostec.com\/sl\/wp-json\/wp\/v2\/users\/1"}],"replies":[{"embeddable":true,"href":"https:\/\/infostec.com\/sl\/wp-json\/wp\/v2\/comments?post=789"}],"version-history":[{"count":1,"href":"https:\/\/infostec.com\/sl\/wp-json\/wp\/v2\/pages\/789\/revisions"}],"predecessor-version":[{"id":790,"href":"https:\/\/infostec.com\/sl\/wp-json\/wp\/v2\/pages\/789\/revisions\/790"}],"wp:attachment":[{"href":"https:\/\/infostec.com\/sl\/wp-json\/wp\/v2\/media?parent=789"}],"curies":[{"name":"delovni list","href":"https:\/\/api.w.org\/{rel}","templated":true}]}}