{"id":789,"date":"2024-06-18T01:02:26","date_gmt":"2024-06-18T01:02:26","guid":{"rendered":"https:\/\/infostec.com\/?page_id=789"},"modified":"2024-06-18T01:02:27","modified_gmt":"2024-06-18T01:02:27","slug":"zasady-ochrany-osobnych-udajov","status":"publish","type":"page","link":"https:\/\/infostec.com\/sk\/politica-de-privacidade\/","title":{"rendered":"Z\u00e1sady ochrany osobn\u00fdch \u00fadajov"},"content":{"rendered":"<p>Vitajte v <a href=\"https:\/\/infostec.com\/sk\/\">Infotec<\/a>. Tieto z\u00e1sady ochrany osobn\u00fdch \u00fadajov popisuj\u00fa, ako zhroma\u017e\u010fujeme, pou\u017e\u00edvame a zdie\u013eame inform\u00e1cie o v\u00e1s, ke\u010f pristupujete na na\u0161u webov\u00fa str\u00e1nku alebo ju pou\u017e\u00edvate.<\/p>\n\n\n\n<h2 class=\"wp-block-heading\">1. Inform\u00e1cie, ktor\u00e9 zhroma\u017e\u010fujeme<\/h2>\n\n\n\n<ul class=\"wp-block-list\">\n<li><strong>Osobn\u00e9 \u00fadaje:<\/strong> Zhroma\u017e\u010fujeme osobn\u00e9 \u00fadaje, ktor\u00e9 n\u00e1m dobrovo\u013ene poskytnete, ako je meno, e-mail a \u010fal\u0161ie kontaktn\u00e9 \u00fadaje, ke\u010f sa prihl\u00e1site na odber aktualiz\u00e1ci\u00ed alebo s nami komunikujete.<\/li>\n\n\n\n<li><strong>\u00dadaje o pou\u017e\u00edvan\u00ed:<\/strong> Automaticky zhroma\u017e\u010fujeme inform\u00e1cie o tom, ako pristupujete na str\u00e1nku a ako ju pou\u017e\u00edvate, vr\u00e1tane typu zariadenia, webov\u00e9ho prehliada\u010da, nav\u0161t\u00edven\u00fdch str\u00e1nok, kliknut\u00ed, vzorov pou\u017e\u00edvania a in\u00fdch inform\u00e1ci\u00ed o pou\u017e\u00edvan\u00ed.<\/li>\n\n\n\n<li><strong>S\u00fabory cookie a technol\u00f3gie sledovania:<\/strong> Pou\u017e\u00edvame cookies a sledovacie technol\u00f3gie na prisp\u00f4sobenie va\u0161ej sk\u00fasenosti a zhroma\u017e\u010fovanie \u00fadajov o va\u0161ej interakcii s webovou str\u00e1nkou a zobrazovan\u00fdmi reklamami.<\/li>\n<\/ul>\n\n\n\n<h2 class=\"wp-block-heading\">2. Pou\u017eitie inform\u00e1ci\u00ed<\/h2>\n\n\n\n<p>Va\u0161e inform\u00e1cie pou\u017e\u00edvame na:<\/p>\n\n\n\n<ul class=\"wp-block-list\">\n<li>Poskytova\u0165, udr\u017eiava\u0165 a zlep\u0161ova\u0165 na\u0161u webov\u00fa str\u00e1nku a slu\u017eby.<\/li>\n\n\n\n<li>Komunikujte s vami, odpovedajte na va\u0161e ot\u00e1zky a po\u017eiadavky.<\/li>\n\n\n\n<li>Zobrazujte prisp\u00f4soben\u00e9 reklamy a vykon\u00e1vajte anal\u00fdzu \u00fadajov.<\/li>\n<\/ul>\n\n\n\n<h2 class=\"wp-block-heading\">3. Zdie\u013eanie inform\u00e1ci\u00ed<\/h2>\n\n\n\n<p>Va\u0161e inform\u00e1cie m\u00f4\u017eeme zdie\u013ea\u0165 s tret\u00edmi stranami za nasleduj\u00facich okolnost\u00ed:<\/p>\n\n\n\n<ul class=\"wp-block-list\">\n<li><strong>Poskytovatelia slu\u017eieb:<\/strong> Zdie\u013eame inform\u00e1cie s dod\u00e1vate\u013emi, ktor\u00ed n\u00e1m pom\u00e1haj\u00fa prev\u00e1dzkova\u0165 str\u00e1nku, ako je webhosting a anal\u00fdza \u00fadajov.<\/li>\n\n\n\n<li><strong>Google Ad Exchange:<\/strong> Pod\u013ea potreby na zobrazovanie rekl\u00e1m prostredn\u00edctvom slu\u017eby Google Ad Exchange.<\/li>\n\n\n\n<li><strong>S\u00falad s pr\u00e1vnymi predpismi:<\/strong> Ak je to potrebn\u00e9 na dosiahnutie s\u00faladu so z\u00e1konom alebo zareagovanie na pr\u00e1vny proces.<\/li>\n<\/ul>\n\n\n\n<h2 class=\"wp-block-heading\">4. Google AdSense<\/h2>\n\n\n\n<ul class=\"wp-block-list\">\n<li>V s\u00falade s podmienkami Google AdSense v\u00e1s informujeme, \u017ee spolo\u010dnos\u0165 Google ako dod\u00e1vate\u013e tretej strany pou\u017e\u00edva s\u00fabory cookie na zobrazovanie rekl\u00e1m na na\u0161ich webov\u00fdch str\u00e1nkach.<\/li>\n\n\n\n<li>Pou\u017e\u00edvanie s\u00faboru cookie DART od spolo\u010dnosti Google jej umo\u017e\u0148uje zobrazova\u0165 reklamy na\u0161im pou\u017e\u00edvate\u013eom na z\u00e1klade minul\u00fdch n\u00e1v\u0161tev na\u0161ej str\u00e1nky a in\u00fdch str\u00e1nok na internete.<\/li>\n\n\n\n<li>Pou\u017e\u00edvatelia sa m\u00f4\u017eu odhl\u00e1si\u0165 z pou\u017e\u00edvania s\u00faboru cookie DART n\u00e1v\u0161tevou Z\u00e1sad ochrany osobn\u00fdch \u00fadajov pre reklamn\u00fa a obsahov\u00fa sie\u0165 Google.<\/li>\n<\/ul>\n\n\n\n<h2 class=\"wp-block-heading\">5. Zmeny Z\u00e1sad ochrany osobn\u00fdch \u00fadajov<\/h2>\n\n\n\n<p>Na\u0161e Z\u00e1sady ochrany osobn\u00fdch \u00fadajov m\u00f4\u017eeme pravidelne aktualizova\u0165. O ak\u00fdchko\u013evek zmen\u00e1ch v\u00e1s budeme informova\u0165 zverejnen\u00edm nov\u00fdch Z\u00e1sad ochrany osobn\u00fdch \u00fadajov na tejto str\u00e1nke.<\/p>\n\n\n\n<h2 class=\"wp-block-heading\">6. Kontakt<\/h2>\n\n\n\n<p>Ak m\u00e1te ot\u00e1zky t\u00fdkaj\u00face sa t\u00fdchto Z\u00e1sad ochrany osobn\u00fdch \u00fadajov, kontaktujte n\u00e1s.<\/p>","protected":false},"excerpt":{"rendered":"<p>Bem-vindo ao Infostec. Esta pol\u00edtica de privacidade descreve como coletamos, usamos e compartilhamos informa\u00e7\u00f5es sobre voc\u00ea quando acessa ou usa nosso site. 1. Informa\u00e7\u00f5es que Coletamos 2. Uso de Informa\u00e7\u00f5es Utilizamos suas informa\u00e7\u00f5es para: 3. Compartilhamento de Informa\u00e7\u00f5es Podemos compartilhar suas informa\u00e7\u00f5es com terceiros nas seguintes circunst\u00e2ncias: 4. Google AdSense 5. Altera\u00e7\u00f5es \u00e0 Pol\u00edtica de [&hellip;]<\/p>\n","protected":false},"author":1,"featured_media":0,"parent":0,"menu_order":0,"comment_status":"closed","ping_status":"closed","template":"","meta":{"footnotes":""},"class_list":["post-789","page","type-page","status-publish"],"_links":{"self":[{"href":"https:\/\/infostec.com\/sk\/wp-json\/wp\/v2\/pages\/789","targetHints":{"allow":["GET"]}}],"collection":[{"href":"https:\/\/infostec.com\/sk\/wp-json\/wp\/v2\/pages"}],"about":[{"href":"https:\/\/infostec.com\/sk\/wp-json\/wp\/v2\/types\/page"}],"author":[{"embeddable":true,"href":"https:\/\/infostec.com\/sk\/wp-json\/wp\/v2\/users\/1"}],"replies":[{"embeddable":true,"href":"https:\/\/infostec.com\/sk\/wp-json\/wp\/v2\/comments?post=789"}],"version-history":[{"count":1,"href":"https:\/\/infostec.com\/sk\/wp-json\/wp\/v2\/pages\/789\/revisions"}],"predecessor-version":[{"id":790,"href":"https:\/\/infostec.com\/sk\/wp-json\/wp\/v2\/pages\/789\/revisions\/790"}],"wp:attachment":[{"href":"https:\/\/infostec.com\/sk\/wp-json\/wp\/v2\/media?parent=789"}],"curies":[{"name":"pracovn\u00fd list","href":"https:\/\/api.w.org\/{rel}","templated":true}]}}