{"id":793,"date":"2024-06-18T01:03:20","date_gmt":"2024-06-18T01:03:20","guid":{"rendered":"https:\/\/infostec.com\/?page_id=793"},"modified":"2024-06-18T01:03:21","modified_gmt":"2024-06-18T01:03:21","slug":"kontakt","status":"publish","type":"page","link":"https:\/\/infostec.com\/pl\/contato\/","title":{"rendered":"Kontakt"},"content":{"rendered":"<p>Je\u015bli masz jakie\u015b pytania, sugestie lub komplementy, wy\u015blij e-mail na adres: contato@infostec.com<\/p>","protected":false},"excerpt":{"rendered":"<p>Je\u015bli masz jakie\u015b pytania, sugestie lub komplementy, wy\u015blij e-mail na adres: contato@infostec.com<\/p>","protected":false},"author":1,"featured_media":0,"parent":0,"menu_order":0,"comment_status":"closed","ping_status":"closed","template":"","meta":{"footnotes":""},"class_list":["post-793","page","type-page","status-publish"],"_links":{"self":[{"href":"https:\/\/infostec.com\/pl\/wp-json\/wp\/v2\/pages\/793","targetHints":{"allow":["GET"]}}],"collection":[{"href":"https:\/\/infostec.com\/pl\/wp-json\/wp\/v2\/pages"}],"about":[{"href":"https:\/\/infostec.com\/pl\/wp-json\/wp\/v2\/types\/page"}],"author":[{"embeddable":true,"href":"https:\/\/infostec.com\/pl\/wp-json\/wp\/v2\/users\/1"}],"replies":[{"embeddable":true,"href":"https:\/\/infostec.com\/pl\/wp-json\/wp\/v2\/comments?post=793"}],"version-history":[{"count":1,"href":"https:\/\/infostec.com\/pl\/wp-json\/wp\/v2\/pages\/793\/revisions"}],"predecessor-version":[{"id":794,"href":"https:\/\/infostec.com\/pl\/wp-json\/wp\/v2\/pages\/793\/revisions\/794"}],"wp:attachment":[{"href":"https:\/\/infostec.com\/pl\/wp-json\/wp\/v2\/media?parent=793"}],"curies":[{"name":"wp","href":"https:\/\/api.w.org\/{rel}","templated":true}]}}