{"id":787,"date":"2024-06-18T01:02:05","date_gmt":"2024-06-18T01:02:05","guid":{"rendered":"https:\/\/infostec.com\/?page_id=787"},"modified":"2024-06-18T01:02:05","modified_gmt":"2024-06-18T01:02:05","slug":"syarat-penggunaan","status":"publish","type":"page","link":"https:\/\/infostec.com\/ms\/termos-de-uso\/","title":{"rendered":"Syarat penggunaan"},"content":{"rendered":"<p>Selamat datang ke <a href=\"https:\/\/infostec.com\/ms\/\">Infotec<\/a>. Syarat Penggunaan (\u201cSyarat\u201d) ini mengawal akses dan penggunaan tapak web kami https:\/\/infostec.com, portal yang khusus untuk menyediakan cadangan dan maklumat tentang aplikasi mudah alih mengenai pelbagai topik. Apabila mengakses atau menggunakan <a href=\"https:\/\/infostec.com\/ms\/\">Infotec<\/a>, anda bersetuju untuk mematuhi Terma ini.<\/p>\n\n\n\n<h2 class=\"wp-block-heading\">1. Perkhidmatan Infostec<\/h2>\n\n\n\n<ul class=\"wp-block-list\">\n<li>Infostec menawarkan pengesyoran apl mudah alih dan kandungan berkaitan.<\/li>\n\n\n\n<li>Kami tidak memiliki atau membangunkan aplikasi yang disyorkan. Pengesyoran adalah berdasarkan penyelidikan dan analisis proprietari.<\/li>\n\n\n\n<li>Perkhidmatan kami diwangkan melalui pengiklanan Google AdSense\/Ad Exchange.<\/li>\n<\/ul>\n\n\n\n<h2 class=\"wp-block-heading\">2. Penggunaan Tapak<\/h2>\n\n\n\n<ul class=\"wp-block-list\">\n<li>Anda bersetuju untuk menggunakan Infostec hanya untuk tujuan yang sah dan menurut Terma ini.<\/li>\n\n\n\n<li>Anda tidak boleh menggunakan Laman Web dalam apa-apa cara yang boleh merosakkan, melumpuhkan, atau membebankannya.<\/li>\n\n\n\n<li>Kandungan Infostec, termasuk teks, grafik dan imej, dilindungi oleh hak cipta dan merupakan hak milik Infostec atau pemberi lesennya.<\/li>\n<\/ul>\n\n\n\n<h2 class=\"wp-block-heading\">3. Penafian<\/h2>\n\n\n\n<ul class=\"wp-block-list\">\n<li>Infostec tidak bertanggungjawab untuk ketepatan, keselamatan atau kebolehpercayaan aplikasi yang disyorkan.<\/li>\n\n\n\n<li>Kami tidak bertanggungjawab untuk sebarang kerosakan atau kerugian akibat penggunaan aplikasi yang disyorkan di laman web kami.<\/li>\n<\/ul>\n\n\n\n<h2 class=\"wp-block-heading\">4. Hak Harta Intelek<\/h2>\n\n\n\n<ul class=\"wp-block-list\">\n<li>Semua kandungan di Infostec adalah hak milik Infostec atau pemberi lesennya dan dilindungi oleh hak cipta, tanda dagangan dan undang-undang harta intelek yang lain.<\/li>\n\n\n\n<li>Tiada kandungan daripada laman web boleh disalin, diterbitkan semula, diterbitkan semula, dimuat naik, disiarkan, dihantar atau diedarkan dalam apa jua cara tanpa kebenaran bertulis daripada kami.<\/li>\n<\/ul>\n\n\n\n<h2 class=\"wp-block-heading\">5. Pengiklanan dan Pautan Pihak Ketiga<\/h2>\n\n\n\n<ul class=\"wp-block-list\">\n<li>Laman web kami memaparkan iklan yang disediakan oleh Google AdSense\/Ad Exchange.<\/li>\n\n\n\n<li>Kami mungkin memasukkan pautan ke tapak web pihak ketiga; pautan sedemikian tidak membayangkan pengesahan tapak ini.<\/li>\n<\/ul>\n\n\n\n<h2 class=\"wp-block-heading\">6. Pengubahsuaian kepada Syarat<\/h2>\n\n\n\n<ul class=\"wp-block-list\">\n<li>Infostec berhak untuk mengubah suai Terma ini pada bila-bila masa. Lawatan berterusan anda dan penggunaan tapak tersebut merupakan penerimaan anda terhadap pengubahsuaian tersebut.<\/li>\n<\/ul>\n\n\n\n<h2 class=\"wp-block-heading\">7. Hubungi<\/h2>\n\n\n\n<ul class=\"wp-block-list\">\n<li>Jika anda mempunyai soalan atau kebimbangan mengenai Syarat Penggunaan ini, sila hubungi kami.<\/li>\n<\/ul>","protected":false},"excerpt":{"rendered":"<p>Bem-vindo ao Infostec. Estes Termos de Uso (\u201cTermos\u201d) regem seu acesso e uso do nosso site https:\/\/infostec.com, um portal dedicado a fornecer recomenda\u00e7\u00f5es e informa\u00e7\u00f5es sobre aplicativos de celular de diversos temas. Ao acessar ou usar o Infostec, voc\u00ea concorda em cumprir estes Termos. 1. Servi\u00e7os do Infostec 2. Uso do Site 3. Isen\u00e7\u00e3o de [&hellip;]<\/p>\n","protected":false},"author":1,"featured_media":0,"parent":0,"menu_order":0,"comment_status":"closed","ping_status":"closed","template":"","meta":{"footnotes":""},"class_list":["post-787","page","type-page","status-publish"],"_links":{"self":[{"href":"https:\/\/infostec.com\/ms\/wp-json\/wp\/v2\/pages\/787","targetHints":{"allow":["GET"]}}],"collection":[{"href":"https:\/\/infostec.com\/ms\/wp-json\/wp\/v2\/pages"}],"about":[{"href":"https:\/\/infostec.com\/ms\/wp-json\/wp\/v2\/types\/page"}],"author":[{"embeddable":true,"href":"https:\/\/infostec.com\/ms\/wp-json\/wp\/v2\/users\/1"}],"replies":[{"embeddable":true,"href":"https:\/\/infostec.com\/ms\/wp-json\/wp\/v2\/comments?post=787"}],"version-history":[{"count":1,"href":"https:\/\/infostec.com\/ms\/wp-json\/wp\/v2\/pages\/787\/revisions"}],"predecessor-version":[{"id":788,"href":"https:\/\/infostec.com\/ms\/wp-json\/wp\/v2\/pages\/787\/revisions\/788"}],"wp:attachment":[{"href":"https:\/\/infostec.com\/ms\/wp-json\/wp\/v2\/media?parent=787"}],"curies":[{"name":"wp","href":"https:\/\/api.w.org\/{rel}","templated":true}]}}