{"id":789,"date":"2024-06-18T01:02:26","date_gmt":"2024-06-18T01:02:26","guid":{"rendered":"https:\/\/infostec.com\/?page_id=789"},"modified":"2024-06-18T01:02:27","modified_gmt":"2024-06-18T01:02:27","slug":"%e3%83%97%e3%83%a9%e3%82%a4%e3%83%90%e3%82%b7%e3%83%bc%e3%83%9d%e3%83%aa%e3%82%b7%e3%83%bc","status":"publish","type":"page","link":"https:\/\/infostec.com\/ja\/politica-de-privacidade\/","title":{"rendered":"\u30d7\u30e9\u30a4\u30d0\u30b7\u30fc\u30dd\u30ea\u30b7\u30fc"},"content":{"rendered":"<p>\u3088\u3046\u3053\u305d <a href=\"https:\/\/infostec.com\/ja\/\">\u30a4\u30f3\u30d5\u30a9\u30b9\u30c6\u30c3\u30af<\/a>. \u3053\u306e\u30d7\u30e9\u30a4\u30d0\u30b7\u30fc\u30dd\u30ea\u30b7\u30fc\u306f\u3001\u304a\u5ba2\u69d8\u304c\u5f53\u793e\u306e\u30a6\u30a7\u30d6\u30b5\u30a4\u30c8\u306b\u30a2\u30af\u30bb\u30b9\u307e\u305f\u306f\u5229\u7528\u3059\u308b\u969b\u306b\u3001\u5f53\u793e\u304c\u304a\u5ba2\u69d8\u306b\u95a2\u3059\u308b\u60c5\u5831\u3092\u3069\u306e\u3088\u3046\u306b\u53ce\u96c6\u3001\u4f7f\u7528\u3001\u5171\u6709\u3059\u308b\u304b\u306b\u3064\u3044\u3066\u8aac\u660e\u3059\u308b\u3082\u306e\u3067\u3059\u3002.<\/p>\n\n\n\n<h2 class=\"wp-block-heading\">1. \u53ce\u96c6\u3059\u308b\u60c5\u5831<\/h2>\n\n\n\n<ul class=\"wp-block-list\">\n<li><strong>\u500b\u4eba\u60c5\u5831\uff1a<\/strong> \u5f53\u793e\u306f\u3001\u304a\u5ba2\u69d8\u304c\u6700\u65b0\u60c5\u5831\u3092\u53d7\u3051\u53d6\u308b\u305f\u3081\u306b\u767b\u9332\u3057\u305f\u308a\u3001\u5f53\u793e\u3068\u9023\u7d61\u3092\u53d6\u3063\u305f\u308a\u3059\u308b\u969b\u306b\u3001\u304a\u5ba2\u69d8\u306e\u304a\u540d\u524d\u3001\u30e1\u30fc\u30eb\u30a2\u30c9\u30ec\u30b9\u3001\u305d\u306e\u4ed6\u306e\u9023\u7d61\u5148\u60c5\u5831\u306a\u3069\u3001\u304a\u5ba2\u69d8\u304c\u81ea\u767a\u7684\u306b\u63d0\u4f9b\u3059\u308b\u500b\u4eba\u60c5\u5831\u3092\u53ce\u96c6\u3057\u307e\u3059\u3002.<\/li>\n\n\n\n<li><strong>\u4f7f\u7528\u72b6\u6cc1\u30c7\u30fc\u30bf:<\/strong> \u5f53\u793e\u306f\u3001\u30c7\u30d0\u30a4\u30b9\u306e\u7a2e\u985e\u3001\u30a6\u30a7\u30d6\u30d6\u30e9\u30a6\u30b6\u3001\u95b2\u89a7\u3057\u305f\u30da\u30fc\u30b8\u3001\u30af\u30ea\u30c3\u30af\u3001\u5229\u7528\u30d1\u30bf\u30fc\u30f3\u3001\u305d\u306e\u4ed6\u306e\u5229\u7528\u60c5\u5831\u306a\u3069\u3001\u304a\u5ba2\u69d8\u304c\u30a6\u30a7\u30d6\u30b5\u30a4\u30c8\u306b\u30a2\u30af\u30bb\u30b9\u3057\u5229\u7528\u3059\u308b\u65b9\u6cd5\u306b\u95a2\u3059\u308b\u60c5\u5831\u3092\u81ea\u52d5\u7684\u306b\u53ce\u96c6\u3057\u307e\u3059\u3002.<\/li>\n\n\n\n<li><strong>\u30af\u30c3\u30ad\u30fc\u3068\u30c8\u30e9\u30c3\u30ad\u30f3\u30b0\u6280\u8853\uff1a<\/strong> \u5f53\u793e\u306f\u3001\u304a\u5ba2\u69d8\u306e\u4f53\u9a13\u3092\u30d1\u30fc\u30bd\u30ca\u30e9\u30a4\u30ba\u3057\u3001\u30a6\u30a7\u30d6\u30b5\u30a4\u30c8\u3084\u8868\u793a\u3055\u308c\u308b\u5e83\u544a\u3068\u306e\u3084\u308a\u53d6\u308a\u306b\u95a2\u3059\u308b\u30c7\u30fc\u30bf\u3092\u53ce\u96c6\u3059\u308b\u305f\u3081\u306b\u3001\u30af\u30c3\u30ad\u30fc\u304a\u3088\u3073\u30c8\u30e9\u30c3\u30ad\u30f3\u30b0\u6280\u8853\u3092\u4f7f\u7528\u3057\u3066\u3044\u307e\u3059\u3002.<\/li>\n<\/ul>\n\n\n\n<h2 class=\"wp-block-heading\">2. \u60c5\u5831\u306e\u5229\u7528<\/h2>\n\n\n\n<p>\u5f53\u793e\u306f\u304a\u5ba2\u69d8\u306e\u60c5\u5831\u3092\u4ee5\u4e0b\u306e\u76ee\u7684\u3067\u4f7f\u7528\u3057\u307e\u3059\u3002<\/p>\n\n\n\n<ul class=\"wp-block-list\">\n<li>\u5f53\u793e\u306e\u30a6\u30a7\u30d6\u30b5\u30a4\u30c8\u304a\u3088\u3073\u30b5\u30fc\u30d3\u30b9\u3092\u63d0\u4f9b\u3001\u7dad\u6301\u3001\u6539\u5584\u3059\u308b\u305f\u3081\u3002.<\/li>\n\n\n\n<li>\u304a\u5ba2\u69d8\u3068\u306e\u30b3\u30df\u30e5\u30cb\u30b1\u30fc\u30b7\u30e7\u30f3\u3001\u3054\u8cea\u554f\u3084\u3054\u8981\u671b\u3078\u306e\u56de\u7b54\u306e\u305f\u3081\u3002.<\/li>\n\n\n\n<li>\u30d1\u30fc\u30bd\u30ca\u30e9\u30a4\u30ba\u3055\u308c\u305f\u5e83\u544a\u3092\u8868\u793a\u3057\u3001\u30c7\u30fc\u30bf\u5206\u6790\u3092\u884c\u3046\u3002.<\/li>\n<\/ul>\n\n\n\n<h2 class=\"wp-block-heading\">3. \u60c5\u5831\u5171\u6709<\/h2>\n\n\n\n<p>\u5f53\u793e\u306f\u3001\u4ee5\u4e0b\u306e\u3088\u3046\u306a\u5834\u5408\u306b\u3001\u304a\u5ba2\u69d8\u306e\u60c5\u5831\u3092\u7b2c\u4e09\u8005\u3068\u5171\u6709\u3059\u308b\u3053\u3068\u304c\u3042\u308a\u307e\u3059\u3002<\/p>\n\n\n\n<ul class=\"wp-block-list\">\n<li><strong>\u30b5\u30fc\u30d3\u30b9\u30d7\u30ed\u30d0\u30a4\u30c0\u30fc\uff1a<\/strong> \u5f53\u793e\u306f\u3001\u30a6\u30a7\u30d6\u30db\u30b9\u30c6\u30a3\u30f3\u30b0\u3084\u30c7\u30fc\u30bf\u5206\u6790\u30d7\u30ed\u30d0\u30a4\u30c0\u30fc\u306a\u3069\u3001\u30a6\u30a7\u30d6\u30b5\u30a4\u30c8\u306e\u904b\u55b6\u3092\u652f\u63f4\u3059\u308b\u30d9\u30f3\u30c0\u30fc\u3068\u60c5\u5831\u3092\u5171\u6709\u3057\u307e\u3059\u3002.<\/li>\n\n\n\n<li><strong>Google Ad Exchange:<\/strong> Google Ad Exchange\u3092\u901a\u3058\u3066\u5e83\u544a\u3092\u8868\u793a\u3059\u308b\u305f\u3081\u306b\u5fc5\u8981\u306a\u60c5\u5831\u3067\u3059\u3002.<\/li>\n\n\n\n<li><strong>\u6cd5\u4ee4\u9075\u5b88\uff1a<\/strong> \u6cd5\u5f8b\u3092\u9075\u5b88\u3059\u308b\u305f\u3081\u3001\u307e\u305f\u306f\u6cd5\u7684\u624b\u7d9a\u304d\u306b\u5bfe\u5fdc\u3059\u308b\u305f\u3081\u306b\u5fc5\u8981\u306a\u5834\u5408\u3002.<\/li>\n<\/ul>\n\n\n\n<h2 class=\"wp-block-heading\">4. Google AdSense<\/h2>\n\n\n\n<ul class=\"wp-block-list\">\n<li>Google AdSense\u306e\u5229\u7528\u898f\u7d04\u306b\u57fa\u3065\u304d\u3001Google\u306f\u7b2c\u4e09\u8005\u30d9\u30f3\u30c0\u30fc\u3068\u3057\u3066\u3001\u5f53\u30a6\u30a7\u30d6\u30b5\u30a4\u30c8\u306b\u5e83\u544a\u3092\u914d\u4fe1\u3059\u308b\u305f\u3081\u306bCookie\u3092\u4f7f\u7528\u3057\u3066\u3044\u308b\u3053\u3068\u3092\u304a\u77e5\u3089\u305b\u3044\u305f\u3057\u307e\u3059\u3002.<\/li>\n\n\n\n<li>Google\u306fDART\u30af\u30c3\u30ad\u30fc\u3092\u4f7f\u7528\u3059\u308b\u3053\u3068\u3067\u3001\u30e6\u30fc\u30b6\u30fc\u304c\u5f53\u30b5\u30a4\u30c8\u304a\u3088\u3073\u30a4\u30f3\u30bf\u30fc\u30cd\u30c3\u30c8\u4e0a\u306e\u4ed6\u306e\u30b5\u30a4\u30c8\u3092\u8a2a\u554f\u3057\u305f\u5c65\u6b74\u306b\u57fa\u3065\u3044\u3066\u3001\u30e6\u30fc\u30b6\u30fc\u306b\u5e83\u544a\u3092\u914d\u4fe1\u3059\u308b\u3053\u3068\u304c\u3067\u304d\u307e\u3059\u3002.<\/li>\n\n\n\n<li>\u30e6\u30fc\u30b6\u30fc\u306f\u3001Google\u5e83\u544a\u304a\u3088\u3073\u30b3\u30f3\u30c6\u30f3\u30c4\u30cd\u30c3\u30c8\u30ef\u30fc\u30af\u306e\u30d7\u30e9\u30a4\u30d0\u30b7\u30fc\u30dd\u30ea\u30b7\u30fc\u306b\u30a2\u30af\u30bb\u30b9\u3059\u308b\u3053\u3068\u3067\u3001DART Cookie\u306e\u4f7f\u7528\u3092\u30aa\u30d7\u30c8\u30a2\u30a6\u30c8\u3067\u304d\u307e\u3059\u3002.<\/li>\n<\/ul>\n\n\n\n<h2 class=\"wp-block-heading\">5. \u30d7\u30e9\u30a4\u30d0\u30b7\u30fc\u30dd\u30ea\u30b7\u30fc\u306e\u5909\u66f4<\/h2>\n\n\n\n<p>\u5f53\u793e\u306f\u3001\u30d7\u30e9\u30a4\u30d0\u30b7\u30fc\u30dd\u30ea\u30b7\u30fc\u3092\u968f\u6642\u66f4\u65b0\u3059\u308b\u5834\u5408\u304c\u3042\u308a\u307e\u3059\u3002\u5909\u66f4\u304c\u3042\u3063\u305f\u5834\u5408\u306f\u3001\u3053\u306e\u30da\u30fc\u30b8\u306b\u65b0\u3057\u3044\u30d7\u30e9\u30a4\u30d0\u30b7\u30fc\u30dd\u30ea\u30b7\u30fc\u3092\u63b2\u8f09\u3059\u308b\u3053\u3068\u3067\u901a\u77e5\u3044\u305f\u3057\u307e\u3059\u3002.<\/p>\n\n\n\n<h2 class=\"wp-block-heading\">6. \u9023\u7d61\u5148<\/h2>\n\n\n\n<p>\u3053\u306e\u30d7\u30e9\u30a4\u30d0\u30b7\u30fc\u30dd\u30ea\u30b7\u30fc\u306b\u95a2\u3057\u3066\u3054\u8cea\u554f\u304c\u3042\u308b\u5834\u5408\u306f\u3001\u304a\u554f\u3044\u5408\u308f\u305b\u304f\u3060\u3055\u3044\u3002.<\/p>","protected":false},"excerpt":{"rendered":"<p>Bem-vindo ao Infostec. Esta pol\u00edtica de privacidade descreve como coletamos, usamos e compartilhamos informa\u00e7\u00f5es sobre voc\u00ea quando acessa ou usa nosso site. 1. Informa\u00e7\u00f5es que Coletamos 2. Uso de Informa\u00e7\u00f5es Utilizamos suas informa\u00e7\u00f5es para: 3. Compartilhamento de Informa\u00e7\u00f5es Podemos compartilhar suas informa\u00e7\u00f5es com terceiros nas seguintes circunst\u00e2ncias: 4. Google AdSense 5. Altera\u00e7\u00f5es \u00e0 Pol\u00edtica de Privacidade Podemos atualizar nossa Pol\u00edtica de Privacidade periodicamente. Notificaremos voc\u00ea sobre quaisquer mudan\u00e7as, publicando a nova Pol\u00edtica de Privacidade nesta p\u00e1gina. 6. Contato Se tiver d\u00favidas sobre esta Pol\u00edtica de Privacidade, entre em contato conosco.<\/p>","protected":false},"author":1,"featured_media":0,"parent":0,"menu_order":0,"comment_status":"closed","ping_status":"closed","template":"","meta":{"footnotes":""},"class_list":["post-789","page","type-page","status-publish"],"_links":{"self":[{"href":"https:\/\/infostec.com\/ja\/wp-json\/wp\/v2\/pages\/789","targetHints":{"allow":["GET"]}}],"collection":[{"href":"https:\/\/infostec.com\/ja\/wp-json\/wp\/v2\/pages"}],"about":[{"href":"https:\/\/infostec.com\/ja\/wp-json\/wp\/v2\/types\/page"}],"author":[{"embeddable":true,"href":"https:\/\/infostec.com\/ja\/wp-json\/wp\/v2\/users\/1"}],"replies":[{"embeddable":true,"href":"https:\/\/infostec.com\/ja\/wp-json\/wp\/v2\/comments?post=789"}],"version-history":[{"count":1,"href":"https:\/\/infostec.com\/ja\/wp-json\/wp\/v2\/pages\/789\/revisions"}],"predecessor-version":[{"id":790,"href":"https:\/\/infostec.com\/ja\/wp-json\/wp\/v2\/pages\/789\/revisions\/790"}],"wp:attachment":[{"href":"https:\/\/infostec.com\/ja\/wp-json\/wp\/v2\/media?parent=789"}],"curies":[{"name":"wp","href":"https:\/\/api.w.org\/{rel}","templated":true}]}}