{"id":787,"date":"2024-06-18T01:02:05","date_gmt":"2024-06-18T01:02:05","guid":{"rendered":"https:\/\/infostec.com\/?page_id=787"},"modified":"2024-06-18T01:02:05","modified_gmt":"2024-06-18T01:02:05","slug":"%e5%88%a9%e7%94%a8%e8%a6%8f%e7%b4%84","status":"publish","type":"page","link":"https:\/\/infostec.com\/ja\/termos-de-uso\/","title":{"rendered":"\u5229\u7528\u898f\u7d04"},"content":{"rendered":"<p>\u3088\u3046\u3053\u305d <a href=\"https:\/\/infostec.com\/ja\/\">\u30a4\u30f3\u30d5\u30a9\u30b9\u30c6\u30c3\u30af<\/a>. \u3053\u308c\u3089\u306e\u5229\u7528\u898f\u7d04\uff08\u4ee5\u4e0b\u300c\u672c\u898f\u7d04\u300d\u3068\u3044\u3044\u307e\u3059\uff09\u306f\u3001\u5f53\u793e\u306e\u30a6\u30a7\u30d6\u30b5\u30a4\u30c8 https:\/\/infostec.com \u3078\u306e\u30a2\u30af\u30bb\u30b9\u304a\u3088\u3073\u5229\u7528\u3092\u898f\u5b9a\u3059\u308b\u3082\u306e\u3067\u3059\u3002\u3053\u306e\u30a6\u30a7\u30d6\u30b5\u30a4\u30c8\u306f\u3001\u3055\u307e\u3056\u307e\u306a\u30c8\u30d4\u30c3\u30af\u306b\u95a2\u3059\u308b\u30e2\u30d0\u30a4\u30eb\u30a2\u30d7\u30ea\u30b1\u30fc\u30b7\u30e7\u30f3\u306b\u3064\u3044\u3066\u306e\u63a8\u5968\u4e8b\u9805\u3084\u60c5\u5831\u3092\u63d0\u4f9b\u3059\u308b\u30dd\u30fc\u30bf\u30eb\u30b5\u30a4\u30c8\u3067\u3059\u3002\u672c\u898f\u7d04\u306b\u30a2\u30af\u30bb\u30b9\u307e\u305f\u306f\u5229\u7528\u3059\u308b\u3053\u3068\u306b\u3088\u308a\u3001\u304a\u5ba2\u69d8\u306f\u672c\u898f\u7d04\u306b\u540c\u610f\u3057\u305f\u3082\u306e\u3068\u307f\u306a\u3055\u308c\u307e\u3059\u3002 <a href=\"https:\/\/infostec.com\/ja\/\">\u30a4\u30f3\u30d5\u30a9\u30b9\u30c6\u30c3\u30af<\/a>, \u3053\u308c\u306b\u3088\u308a\u3001\u304a\u5ba2\u69d8\u306f\u672c\u898f\u7d04\u3092\u9075\u5b88\u3059\u308b\u3053\u3068\u306b\u540c\u610f\u3057\u305f\u3082\u306e\u3068\u307f\u306a\u3055\u308c\u307e\u3059\u3002.<\/p>\n\n\n\n<h2 class=\"wp-block-heading\">1. \u30a4\u30f3\u30d5\u30a9\u30b9\u30c6\u30c3\u30af\u30fb\u30b5\u30fc\u30d3\u30b9<\/h2>\n\n\n\n<ul class=\"wp-block-list\">\n<li>Infostec\u306f\u3001\u30e2\u30d0\u30a4\u30eb\u30a2\u30d7\u30ea\u30b1\u30fc\u30b7\u30e7\u30f3\u304a\u3088\u3073\u95a2\u9023\u30b3\u30f3\u30c6\u30f3\u30c4\u306b\u95a2\u3059\u308b\u63a8\u5968\u4e8b\u9805\u3092\u63d0\u4f9b\u3057\u307e\u3059\u3002.<\/li>\n\n\n\n<li>\u5f0a\u793e\u306f\u3001\u63a8\u5968\u30a2\u30d7\u30ea\u306e\u6240\u6709\u8005\u3067\u3082\u958b\u767a\u8005\u3067\u3082\u3042\u308a\u307e\u305b\u3093\u3002\u3053\u308c\u3089\u306e\u63a8\u5968\u306f\u3001\u5f0a\u793e\u72ec\u81ea\u306e\u8abf\u67fb\u3068\u5206\u6790\u306b\u57fa\u3065\u3044\u3066\u3044\u307e\u3059\u3002.<\/li>\n\n\n\n<li>\u5f53\u793e\u306e\u30b5\u30fc\u30d3\u30b9\u306f\u3001Google AdSense\/Ad Exchange\u5e83\u544a\u3092\u901a\u3058\u3066\u53ce\u76ca\u5316\u3055\u308c\u3066\u3044\u307e\u3059\u3002.<\/li>\n<\/ul>\n\n\n\n<h2 class=\"wp-block-heading\">2. \u30b5\u30a4\u30c8\u306e\u5229\u7528<\/h2>\n\n\n\n<ul class=\"wp-block-list\">\n<li>\u304a\u5ba2\u69d8\u306f\u3001Infostec\u3092\u5408\u6cd5\u7684\u306a\u76ee\u7684\u306e\u307f\u306b\u4f7f\u7528\u3057\u3001\u304b\u3064\u672c\u898f\u7d04\u306b\u5f93\u3046\u3053\u3068\u306b\u540c\u610f\u3059\u308b\u3082\u306e\u3068\u3057\u307e\u3059\u3002.<\/li>\n\n\n\n<li>\u30b5\u30a4\u30c8\u3092\u640d\u50b7\u3001\u7121\u52b9\u5316\u3001\u307e\u305f\u306f\u904e\u8ca0\u8377\u72b6\u614b\u306b\u3059\u308b\u3088\u3046\u306a\u65b9\u6cd5\u3067\u4f7f\u7528\u3057\u3066\u306f\u306a\u308a\u307e\u305b\u3093\u3002.<\/li>\n\n\n\n<li>Infostec\u306e\u30b3\u30f3\u30c6\u30f3\u30c4\uff08\u30c6\u30ad\u30b9\u30c8\u3001\u30b0\u30e9\u30d5\u30a3\u30c3\u30af\u3001\u753b\u50cf\u3092\u542b\u3080\uff09\u306f\u8457\u4f5c\u6a29\u306b\u3088\u3063\u3066\u4fdd\u8b77\u3055\u308c\u3066\u304a\u308a\u3001Infostec\u307e\u305f\u306f\u305d\u306e\u30e9\u30a4\u30bb\u30f3\u30b5\u30fc\u306e\u6240\u6709\u7269\u3067\u3059\u3002.<\/li>\n<\/ul>\n\n\n\n<h2 class=\"wp-block-heading\">3. \u514d\u8cac\u4e8b\u9805<\/h2>\n\n\n\n<ul class=\"wp-block-list\">\n<li>Infostec\u306f\u3001\u63a8\u5968\u30a2\u30d7\u30ea\u30b1\u30fc\u30b7\u30e7\u30f3\u306e\u6b63\u78ba\u6027\u3001\u30bb\u30ad\u30e5\u30ea\u30c6\u30a3\u3001\u4fe1\u983c\u6027\u306b\u3064\u3044\u3066\u4e00\u5207\u8cac\u4efb\u3092\u8ca0\u3044\u307e\u305b\u3093\u3002.<\/li>\n\n\n\n<li>\u5f53\u793e\u30a6\u30a7\u30d6\u30b5\u30a4\u30c8\u3067\u63a8\u5968\u3055\u308c\u3066\u3044\u308b\u30a2\u30d7\u30ea\u30b1\u30fc\u30b7\u30e7\u30f3\u306e\u4f7f\u7528\u306b\u3088\u3063\u3066\u751f\u3058\u305f\u640d\u5bb3\u3084\u640d\u5931\u306b\u3064\u3044\u3066\u3001\u5f53\u793e\u306f\u4e00\u5207\u8cac\u4efb\u3092\u8ca0\u3044\u307e\u305b\u3093\u3002.<\/li>\n<\/ul>\n\n\n\n<h2 class=\"wp-block-heading\">4. \u77e5\u7684\u8ca1\u7523\u6a29<\/h2>\n\n\n\n<ul class=\"wp-block-list\">\n<li>Infostec\u4e0a\u306e\u3059\u3079\u3066\u306e\u30b3\u30f3\u30c6\u30f3\u30c4\u306f\u3001Infostec\u307e\u305f\u306f\u305d\u306e\u30e9\u30a4\u30bb\u30f3\u30b5\u30fc\u304c\u6240\u6709\u3057\u3066\u304a\u308a\u3001\u8457\u4f5c\u6a29\u3001\u5546\u6a19\u6a29\u3001\u305d\u306e\u4ed6\u306e\u77e5\u7684\u8ca1\u7523\u6cd5\u306b\u3088\u3063\u3066\u4fdd\u8b77\u3055\u308c\u3066\u3044\u307e\u3059\u3002.<\/li>\n\n\n\n<li>\u5f53\u793e\u306e\u660e\u793a\u7684\u306a\u66f8\u9762\u306b\u3088\u308b\u8a31\u53ef\u306a\u304f\u3001\u672c\u30b5\u30a4\u30c8\u306e\u30b3\u30f3\u30c6\u30f3\u30c4\u3092\u3044\u304b\u306a\u308b\u65b9\u6cd5\u3067\u3042\u308c\u3001\u8907\u88fd\u3001\u8ee2\u8f09\u3001\u518d\u516c\u958b\u3001\u30a2\u30c3\u30d7\u30ed\u30fc\u30c9\u3001\u6295\u7a3f\u3001\u9001\u4fe1\u3001\u307e\u305f\u306f\u914d\u5e03\u3059\u308b\u3053\u3068\u306f\u7981\u3058\u3089\u308c\u3066\u3044\u307e\u3059\u3002.<\/li>\n<\/ul>\n\n\n\n<h2 class=\"wp-block-heading\">5. \u7b2c\u4e09\u8005\u5e83\u544a\u304a\u3088\u3073\u30ea\u30f3\u30af<\/h2>\n\n\n\n<ul class=\"wp-block-list\">\n<li>\u5f53\u30a6\u30a7\u30d6\u30b5\u30a4\u30c8\u306b\u306f\u3001Google AdSense\/Ad Exchange\u304c\u63d0\u4f9b\u3059\u308b\u5e83\u544a\u304c\u8868\u793a\u3055\u308c\u307e\u3059\u3002.<\/li>\n\n\n\n<li>\u5f53\u793e\u306f\u7b2c\u4e09\u8005\u306e\u30a6\u30a7\u30d6\u30b5\u30a4\u30c8\u3078\u306e\u30ea\u30f3\u30af\u3092\u63b2\u8f09\u3059\u308b\u5834\u5408\u304c\u3042\u308a\u307e\u3059\u304c\u3001\u305d\u306e\u3088\u3046\u306a\u30ea\u30f3\u30af\u306f\u5f53\u8a72\u30a6\u30a7\u30d6\u30b5\u30a4\u30c8\u3092\u63a8\u5968\u3059\u308b\u3082\u306e\u3067\u306f\u3042\u308a\u307e\u305b\u3093\u3002.<\/li>\n<\/ul>\n\n\n\n<h2 class=\"wp-block-heading\">6. \u5229\u7528\u898f\u7d04\u306e\u5909\u66f4<\/h2>\n\n\n\n<ul class=\"wp-block-list\">\n<li>Infostec\u306f\u3001\u672c\u898f\u7d04\u3092\u3044\u3064\u3067\u3082\u5909\u66f4\u3059\u308b\u6a29\u5229\u3092\u7559\u4fdd\u3057\u307e\u3059\u3002\u304a\u5ba2\u69d8\u304c\u5f15\u304d\u7d9a\u304d\u672c\u30b5\u30a4\u30c8\u306b\u30a2\u30af\u30bb\u30b9\u3057\u3001\u5229\u7528\u3059\u308b\u3053\u3068\u306f\u3001\u304b\u304b\u308b\u5909\u66f4\u306b\u540c\u610f\u3057\u305f\u3082\u306e\u3068\u307f\u306a\u3055\u308c\u307e\u3059\u3002.<\/li>\n<\/ul>\n\n\n\n<h2 class=\"wp-block-heading\">7. \u9023\u7d61\u5148<\/h2>\n\n\n\n<ul class=\"wp-block-list\">\n<li>\u672c\u5229\u7528\u898f\u7d04\u306b\u95a2\u3057\u3066\u3054\u8cea\u554f\u3084\u3054\u4e0d\u660e\u306a\u70b9\u304c\u3054\u3056\u3044\u307e\u3057\u305f\u3089\u3001\u304a\u554f\u3044\u5408\u308f\u305b\u304f\u3060\u3055\u3044\u3002.<\/li>\n<\/ul>","protected":false},"excerpt":{"rendered":"<p>Bem-vindo ao Infostec. Estes Termos de Uso (\u201cTermos\u201d) regem seu acesso e uso do nosso site https:\/\/infostec.com, um portal dedicado a fornecer recomenda\u00e7\u00f5es e informa\u00e7\u00f5es sobre aplicativos de celular de diversos temas. Ao acessar ou usar o Infostec, voc\u00ea concorda em cumprir estes Termos. 1. Servi\u00e7os do Infostec 2. Uso do Site 3. Isen\u00e7\u00e3o de Responsabilidade 4. Direitos de Propriedade Intelectual 5. Publicidade e Links de Terceiros 6. Modifica\u00e7\u00f5es aos Termos 7. Contato<\/p>","protected":false},"author":1,"featured_media":0,"parent":0,"menu_order":0,"comment_status":"closed","ping_status":"closed","template":"","meta":{"footnotes":""},"class_list":["post-787","page","type-page","status-publish"],"_links":{"self":[{"href":"https:\/\/infostec.com\/ja\/wp-json\/wp\/v2\/pages\/787","targetHints":{"allow":["GET"]}}],"collection":[{"href":"https:\/\/infostec.com\/ja\/wp-json\/wp\/v2\/pages"}],"about":[{"href":"https:\/\/infostec.com\/ja\/wp-json\/wp\/v2\/types\/page"}],"author":[{"embeddable":true,"href":"https:\/\/infostec.com\/ja\/wp-json\/wp\/v2\/users\/1"}],"replies":[{"embeddable":true,"href":"https:\/\/infostec.com\/ja\/wp-json\/wp\/v2\/comments?post=787"}],"version-history":[{"count":1,"href":"https:\/\/infostec.com\/ja\/wp-json\/wp\/v2\/pages\/787\/revisions"}],"predecessor-version":[{"id":788,"href":"https:\/\/infostec.com\/ja\/wp-json\/wp\/v2\/pages\/787\/revisions\/788"}],"wp:attachment":[{"href":"https:\/\/infostec.com\/ja\/wp-json\/wp\/v2\/media?parent=787"}],"curies":[{"name":"wp","href":"https:\/\/api.w.org\/{rel}","templated":true}]}}