{"id":787,"date":"2024-06-18T01:02:05","date_gmt":"2024-06-18T01:02:05","guid":{"rendered":"https:\/\/infostec.com\/?page_id=787"},"modified":"2024-06-18T01:02:05","modified_gmt":"2024-06-18T01:02:05","slug":"termini-di-utilizzo","status":"publish","type":"page","link":"https:\/\/infostec.com\/it\/termos-de-uso\/","title":{"rendered":"Termini di utilizzo"},"content":{"rendered":"<p>Benvenuto a <a href=\"https:\/\/infostec.com\/it\/\">Infotec<\/a>. Le presenti Condizioni d&#039;uso (&quot;Condizioni&quot;) regolano l&#039;accesso e l&#039;utilizzo del nostro sito Web https:\/\/infostec.com, un portale dedicato a fornire consigli e informazioni sulle applicazioni mobili su una variet\u00e0 di argomenti. Quando si accede o si utilizza il file <a href=\"https:\/\/infostec.com\/it\/\">Infotec<\/a>, accetti di rispettare i presenti Termini.<\/p>\n\n\n\n<h2 class=\"wp-block-heading\">1. Servizi Infostec<\/h2>\n\n\n\n<ul class=\"wp-block-list\">\n<li>Infostec offre consigli sulle app mobili e contenuti correlati.<\/li>\n\n\n\n<li>Non possediamo n\u00e9 sviluppiamo le applicazioni consigliate. Le raccomandazioni si basano su ricerche e analisi proprietarie.<\/li>\n\n\n\n<li>I nostri servizi sono monetizzati attraverso la pubblicit\u00e0 di Google AdSense\/Ad Exchange.<\/li>\n<\/ul>\n\n\n\n<h2 class=\"wp-block-heading\">2. Utilizzo del Sito<\/h2>\n\n\n\n<ul class=\"wp-block-list\">\n<li>Accetti di utilizzare Infostec solo per scopi legittimi e in conformit\u00e0 con i presenti Termini.<\/li>\n\n\n\n<li>Non \u00e8 necessario utilizzare il sito Web in alcun modo che possa danneggiarlo, disabilitarlo o sovraccaricarlo.<\/li>\n\n\n\n<li>Il contenuto di Infostec, inclusi testo, grafica e immagini, \u00e8 protetto da copyright ed \u00e8 di propriet\u00e0 di Infostec o dei suoi concessori di licenza.<\/li>\n<\/ul>\n\n\n\n<h2 class=\"wp-block-heading\">3. Dichiarazione di non responsabilit\u00e0<\/h2>\n\n\n\n<ul class=\"wp-block-list\">\n<li>Infostec non \u00e8 responsabile dell&#039;accuratezza, della sicurezza o dell&#039;affidabilit\u00e0 delle applicazioni consigliate.<\/li>\n\n\n\n<li>Non siamo responsabili per eventuali danni o perdite derivanti dall&#039;uso delle applicazioni consigliate sul nostro sito web.<\/li>\n<\/ul>\n\n\n\n<h2 class=\"wp-block-heading\">4. Diritti di propriet\u00e0 intellettuale<\/h2>\n\n\n\n<ul class=\"wp-block-list\">\n<li>Tutto il contenuto di Infostec \u00e8 di propriet\u00e0 di Infostec o dei suoi concessori di licenza ed \u00e8 protetto da copyright, marchi commerciali e altre leggi sulla propriet\u00e0 intellettuale.<\/li>\n\n\n\n<li>Nessun contenuto del sito web pu\u00f2 essere copiato, riprodotto, ripubblicato, caricato, pubblicato, trasmesso o distribuito in alcun modo senza il nostro esplicito consenso scritto.<\/li>\n<\/ul>\n\n\n\n<h2 class=\"wp-block-heading\">5. Pubblicit\u00e0 e collegamenti a terze parti<\/h2>\n\n\n\n<ul class=\"wp-block-list\">\n<li>Il nostro sito web visualizza annunci pubblicitari forniti da Google AdSense\/Ad Exchange.<\/li>\n\n\n\n<li>Potremmo includere collegamenti a siti Web di terzi; tali collegamenti non implicano l&#039;approvazione di questi siti.<\/li>\n<\/ul>\n\n\n\n<h2 class=\"wp-block-heading\">6. Modifiche ai Termini<\/h2>\n\n\n\n<ul class=\"wp-block-list\">\n<li>Infostec si riserva il diritto di modificare le presenti Condizioni in qualsiasi momento. La continuazione delle visite e dell&#039;utilizzo del sito costituisce l&#039;accettazione di tali modifiche.<\/li>\n<\/ul>\n\n\n\n<h2 class=\"wp-block-heading\">7. Contatto<\/h2>\n\n\n\n<ul class=\"wp-block-list\">\n<li>Se hai domande o dubbi sulle presenti Condizioni d&#039;uso, ti preghiamo di contattarci.<\/li>\n<\/ul>","protected":false},"excerpt":{"rendered":"<p>Bem-vindo ao Infostec. Estes Termos de Uso (\u201cTermos\u201d) regem seu acesso e uso do nosso site https:\/\/infostec.com, um portal dedicado a fornecer recomenda\u00e7\u00f5es e informa\u00e7\u00f5es sobre aplicativos de celular de diversos temas. Ao acessar ou usar o Infostec, voc\u00ea concorda em cumprir estes Termos. 1. Servi\u00e7os do Infostec 2. Uso do Site 3. Isen\u00e7\u00e3o de [&hellip;]<\/p>\n","protected":false},"author":1,"featured_media":0,"parent":0,"menu_order":0,"comment_status":"closed","ping_status":"closed","template":"","meta":{"footnotes":""},"class_list":["post-787","page","type-page","status-publish"],"_links":{"self":[{"href":"https:\/\/infostec.com\/it\/wp-json\/wp\/v2\/pages\/787","targetHints":{"allow":["GET"]}}],"collection":[{"href":"https:\/\/infostec.com\/it\/wp-json\/wp\/v2\/pages"}],"about":[{"href":"https:\/\/infostec.com\/it\/wp-json\/wp\/v2\/types\/page"}],"author":[{"embeddable":true,"href":"https:\/\/infostec.com\/it\/wp-json\/wp\/v2\/users\/1"}],"replies":[{"embeddable":true,"href":"https:\/\/infostec.com\/it\/wp-json\/wp\/v2\/comments?post=787"}],"version-history":[{"count":1,"href":"https:\/\/infostec.com\/it\/wp-json\/wp\/v2\/pages\/787\/revisions"}],"predecessor-version":[{"id":788,"href":"https:\/\/infostec.com\/it\/wp-json\/wp\/v2\/pages\/787\/revisions\/788"}],"wp:attachment":[{"href":"https:\/\/infostec.com\/it\/wp-json\/wp\/v2\/media?parent=787"}],"curies":[{"name":"parola chiave","href":"https:\/\/api.w.org\/{rel}","templated":true}]}}