{"id":789,"date":"2024-06-18T01:02:26","date_gmt":"2024-06-18T01:02:26","guid":{"rendered":"https:\/\/infostec.com\/?page_id=789"},"modified":"2024-06-18T01:02:27","modified_gmt":"2024-06-18T01:02:27","slug":"kebijakan-pribadi","status":"publish","type":"page","link":"https:\/\/infostec.com\/id\/politica-de-privacidade\/","title":{"rendered":"Kebijakan pribadi"},"content":{"rendered":"<p>Selamat Datang di <a href=\"https:\/\/infostec.com\/id\/\">Infotek<\/a>. Kebijakan privasi ini menjelaskan bagaimana kami mengumpulkan, menggunakan dan berbagi informasi tentang Anda ketika Anda mengakses atau menggunakan situs web kami.<\/p>\n\n\n\n<h2 class=\"wp-block-heading\">1. Informasi yang Kami Kumpulkan<\/h2>\n\n\n\n<ul class=\"wp-block-list\">\n<li><strong>Informasi pribadi:<\/strong> Kami mengumpulkan informasi pribadi yang Anda berikan secara sukarela, seperti nama, email, dan informasi kontak lainnya saat Anda mendaftar untuk pembaruan atau berkomunikasi dengan kami.<\/li>\n\n\n\n<li><strong>Data Penggunaan:<\/strong> Kami secara otomatis mengumpulkan informasi tentang cara Anda mengakses dan menggunakan Situs, termasuk jenis perangkat, browser web, halaman yang dikunjungi, klik, pola penggunaan, dan informasi penggunaan lainnya.<\/li>\n\n\n\n<li><strong>Cookie dan Teknologi Pelacakan:<\/strong> Kami menggunakan cookie dan teknologi pelacakan untuk mempersonalisasi pengalaman Anda dan mengumpulkan data tentang interaksi Anda dengan situs web dan iklan yang ditampilkan.<\/li>\n<\/ul>\n\n\n\n<h2 class=\"wp-block-heading\">2. Penggunaan Informasi<\/h2>\n\n\n\n<p>Kami menggunakan informasi Anda untuk:<\/p>\n\n\n\n<ul class=\"wp-block-list\">\n<li>Menyediakan, memelihara, dan meningkatkan situs web dan layanan kami.<\/li>\n\n\n\n<li>Berkomunikasi dengan Anda, tanggapi pertanyaan dan permintaan Anda.<\/li>\n\n\n\n<li>Tampilkan iklan yang dipersonalisasi dan lakukan analisis data.<\/li>\n<\/ul>\n\n\n\n<h2 class=\"wp-block-heading\">3. Berbagi Informasi<\/h2>\n\n\n\n<p>Kami dapat membagikan informasi Anda dengan pihak ketiga dalam kondisi berikut:<\/p>\n\n\n\n<ul class=\"wp-block-list\">\n<li><strong>Penyedia jasa:<\/strong> Kami berbagi informasi dengan vendor yang membantu kami mengoperasikan situs, seperti web hosting dan analisis data.<\/li>\n\n\n\n<li><strong>Pertukaran Iklan Google:<\/strong> Seperti yang diperlukan untuk menayangkan iklan melalui Google Ad Exchange.<\/li>\n\n\n\n<li><strong>Kepatuhan hukum:<\/strong> Bila perlu untuk mematuhi hukum atau menanggapi proses hukum.<\/li>\n<\/ul>\n\n\n\n<h2 class=\"wp-block-heading\">4. Google AdSense<\/h2>\n\n\n\n<ul class=\"wp-block-list\">\n<li>Sesuai dengan persyaratan Google AdSense, kami informasikan kepada Anda bahwa Google, sebagai vendor pihak ketiga, menggunakan cookie untuk menayangkan iklan di situs web kami.<\/li>\n\n\n\n<li>Penggunaan cookie DART oleh Google memungkinkannya menayangkan iklan kepada pengguna kami berdasarkan kunjungan sebelumnya ke situs kami dan situs lain di Internet.<\/li>\n\n\n\n<li>Pengguna dapat membatalkan penggunaan cookie DART dengan mengunjungi Kebijakan Privasi Jaringan Periklanan dan Konten Google.<\/li>\n<\/ul>\n\n\n\n<h2 class=\"wp-block-heading\">5. Perubahan Kebijakan Privasi<\/h2>\n\n\n\n<p>Kami dapat memperbarui Kebijakan Privasi kami secara berkala. Kami akan memberi tahu Anda tentang perubahan apa pun dengan memposting Kebijakan Privasi baru di halaman ini.<\/p>\n\n\n\n<h2 class=\"wp-block-heading\">6. Kontak<\/h2>\n\n\n\n<p>Jika Anda memiliki pertanyaan tentang Kebijakan Privasi ini, silakan hubungi kami.<\/p>","protected":false},"excerpt":{"rendered":"<p>Bem-vindo ao Infostec. Esta pol\u00edtica de privacidade descreve como coletamos, usamos e compartilhamos informa\u00e7\u00f5es sobre voc\u00ea quando acessa ou usa nosso site. 1. Informa\u00e7\u00f5es que Coletamos 2. Uso de Informa\u00e7\u00f5es Utilizamos suas informa\u00e7\u00f5es para: 3. Compartilhamento de Informa\u00e7\u00f5es Podemos compartilhar suas informa\u00e7\u00f5es com terceiros nas seguintes circunst\u00e2ncias: 4. Google AdSense 5. Altera\u00e7\u00f5es \u00e0 Pol\u00edtica de [&hellip;]<\/p>\n","protected":false},"author":1,"featured_media":0,"parent":0,"menu_order":0,"comment_status":"closed","ping_status":"closed","template":"","meta":{"footnotes":""},"class_list":["post-789","page","type-page","status-publish"],"_links":{"self":[{"href":"https:\/\/infostec.com\/id\/wp-json\/wp\/v2\/pages\/789","targetHints":{"allow":["GET"]}}],"collection":[{"href":"https:\/\/infostec.com\/id\/wp-json\/wp\/v2\/pages"}],"about":[{"href":"https:\/\/infostec.com\/id\/wp-json\/wp\/v2\/types\/page"}],"author":[{"embeddable":true,"href":"https:\/\/infostec.com\/id\/wp-json\/wp\/v2\/users\/1"}],"replies":[{"embeddable":true,"href":"https:\/\/infostec.com\/id\/wp-json\/wp\/v2\/comments?post=789"}],"version-history":[{"count":1,"href":"https:\/\/infostec.com\/id\/wp-json\/wp\/v2\/pages\/789\/revisions"}],"predecessor-version":[{"id":790,"href":"https:\/\/infostec.com\/id\/wp-json\/wp\/v2\/pages\/789\/revisions\/790"}],"wp:attachment":[{"href":"https:\/\/infostec.com\/id\/wp-json\/wp\/v2\/media?parent=789"}],"curies":[{"name":"wp","href":"https:\/\/api.w.org\/{rel}","templated":true}]}}