{"id":787,"date":"2024-06-18T01:02:05","date_gmt":"2024-06-18T01:02:05","guid":{"rendered":"https:\/\/infostec.com\/?page_id=787"},"modified":"2024-06-18T01:02:05","modified_gmt":"2024-06-18T01:02:05","slug":"felhasznalasi-feltetelek","status":"publish","type":"page","link":"https:\/\/infostec.com\/hu\/termos-de-uso\/","title":{"rendered":"Haszn\u00e1lati felt\u00e9telek"},"content":{"rendered":"<p>Isten hozott a <a href=\"https:\/\/infostec.com\/hu\/\">Infotec<\/a>. Ezek a Felhaszn\u00e1l\u00e1si Felt\u00e9telek (\u201eFelt\u00e9telek\u201d) szab\u00e1lyozz\u00e1k a https:\/\/infostec.com webhely\u00fcnk el\u00e9r\u00e9s\u00e9t \u00e9s haszn\u00e1lat\u00e1t, amely port\u00e1l a mobilalkalmaz\u00e1sokkal kapcsolatos aj\u00e1nl\u00e1sok \u00e9s inform\u00e1ci\u00f3k ny\u00fajt\u00e1s\u00e1ra szolg\u00e1l k\u00fcl\u00f6nf\u00e9le t\u00e9m\u00e1kban. Amikor el\u00e9ri vagy haszn\u00e1lja a <a href=\"https:\/\/infostec.com\/hu\/\">Infotec<\/a>, \u00d6n beleegyezik a jelen Felt\u00e9telek betart\u00e1s\u00e1ba.<\/p>\n\n\n\n<h2 class=\"wp-block-heading\">1. Infostec Services<\/h2>\n\n\n\n<ul class=\"wp-block-list\">\n<li>Az Infostec mobilalkalmaz\u00e1s-aj\u00e1nlatokat \u00e9s kapcsol\u00f3d\u00f3 tartalmakat k\u00edn\u00e1l.<\/li>\n\n\n\n<li>Nem birtokoljuk \u00e9s nem fejlesztj\u00fck az aj\u00e1nlott alkalmaz\u00e1sokat. Az aj\u00e1nl\u00e1sok szabadalmazott kutat\u00e1sokon \u00e9s elemz\u00e9seken alapulnak.<\/li>\n\n\n\n<li>Szolg\u00e1ltat\u00e1saink bev\u00e9tel\u00e9t a Google AdSense\/Ad Exchange hirdet\u00e9sei r\u00e9v\u00e9n \u00e9rj\u00fck el.<\/li>\n<\/ul>\n\n\n\n<h2 class=\"wp-block-heading\">2. Az oldal haszn\u00e1lata<\/h2>\n\n\n\n<ul class=\"wp-block-list\">\n<li>\u00d6n beleegyezik abba, hogy az Infostec-et csak t\u00f6rv\u00e9nyes c\u00e9lokra \u00e9s a jelen Felt\u00e9teleknek megfelel\u0151en haszn\u00e1lja.<\/li>\n\n\n\n<li>Nem haszn\u00e1lhatja a Weboldalt olyan m\u00f3don, amely k\u00e1ros\u00edthatja, letilthatja vagy t\u00falterhelheti azt.<\/li>\n\n\n\n<li>Az Infostec tartalmai, bele\u00e9rtve a sz\u00f6veget, grafik\u00e1kat \u00e9s k\u00e9peket, szerz\u0151i jogv\u00e9delem alatt \u00e1llnak, \u00e9s az Infostec vagy licencad\u00f3i tulajdon\u00e1t k\u00e9pezik.<\/li>\n<\/ul>\n\n\n\n<h2 class=\"wp-block-heading\">3. Jogi nyilatkozat<\/h2>\n\n\n\n<ul class=\"wp-block-list\">\n<li>Az Infostec nem v\u00e1llal felel\u0151ss\u00e9get az aj\u00e1nlott alkalmaz\u00e1sok pontoss\u00e1g\u00e1\u00e9rt, biztons\u00e1g\u00e1\u00e9rt vagy megb\u00edzhat\u00f3s\u00e1g\u00e1\u00e9rt.<\/li>\n\n\n\n<li>Nem v\u00e1llalunk felel\u0151ss\u00e9get a weboldalunkon aj\u00e1nlott alkalmaz\u00e1sok haszn\u00e1lat\u00e1b\u00f3l ered\u0151 k\u00e1rok\u00e9rt vagy vesztes\u00e9gek\u00e9rt.<\/li>\n<\/ul>\n\n\n\n<h2 class=\"wp-block-heading\">4. Szellemi tulajdonjogok<\/h2>\n\n\n\n<ul class=\"wp-block-list\">\n<li>Az Infostec-en tal\u00e1lhat\u00f3 \u00f6sszes tartalom az Infostec vagy licencad\u00f3i tulajdona, \u00e9s szerz\u0151i jogi, v\u00e9djegy- \u00e9s egy\u00e9b szellemi tulajdonjogok v\u00e9dik.<\/li>\n\n\n\n<li>A weboldalon tal\u00e1lhat\u00f3 tartalom semmilyen m\u00f3don nem m\u00e1solhat\u00f3, reproduk\u00e1lhat\u00f3, \u00fajra k\u00f6zz\u00e9tehet\u0151, felt\u00f6lthet\u0151, k\u00f6zz\u00e9tehet\u0151, tov\u00e1bb\u00edthat\u00f3 vagy terjeszthet\u0151 kifejezett \u00edr\u00e1sbeli enged\u00e9ly\u00fcnk n\u00e9lk\u00fcl.<\/li>\n<\/ul>\n\n\n\n<h2 class=\"wp-block-heading\">5. Rekl\u00e1moz\u00e1s \u00e9s harmadik felekt\u0151l sz\u00e1rmaz\u00f3 linkek<\/h2>\n\n\n\n<ul class=\"wp-block-list\">\n<li>Weboldalunkon a Google AdSense\/Ad Exchange \u00e1ltal biztos\u00edtott hirdet\u00e9sek jelennek meg.<\/li>\n\n\n\n<li>Tartalmazhatunk hivatkoz\u00e1sokat harmadik felek webhelyeire; az ilyen hivatkoz\u00e1sok nem jelentik ezen oldalak j\u00f3v\u00e1hagy\u00e1s\u00e1t.<\/li>\n<\/ul>\n\n\n\n<h2 class=\"wp-block-heading\">6. A Felt\u00e9telek m\u00f3dos\u00edt\u00e1sa<\/h2>\n\n\n\n<ul class=\"wp-block-list\">\n<li>Az Infostec fenntartja a jogot a jelen Felt\u00e9telek b\u00e1rmikori m\u00f3dos\u00edt\u00e1s\u00e1ra. Az oldal folyamatos l\u00e1togat\u00e1sa \u00e9s haszn\u00e1lata az ilyen m\u00f3dos\u00edt\u00e1sok elfogad\u00e1s\u00e1t jelenti.<\/li>\n<\/ul>\n\n\n\n<h2 class=\"wp-block-heading\">7. Kapcsolat<\/h2>\n\n\n\n<ul class=\"wp-block-list\">\n<li>Ha k\u00e9rd\u00e9se vagy agg\u00e1lya van jelen Felhaszn\u00e1l\u00e1si felt\u00e9telekkel kapcsolatban, k\u00e9rj\u00fck, l\u00e9pjen kapcsolatba vel\u00fcnk.<\/li>\n<\/ul>","protected":false},"excerpt":{"rendered":"<p>Bem-vindo ao Infostec. Estes Termos de Uso (\u201cTermos\u201d) regem seu acesso e uso do nosso site https:\/\/infostec.com, um portal dedicado a fornecer recomenda\u00e7\u00f5es e informa\u00e7\u00f5es sobre aplicativos de celular de diversos temas. Ao acessar ou usar o Infostec, voc\u00ea concorda em cumprir estes Termos. 1. Servi\u00e7os do Infostec 2. Uso do Site 3. Isen\u00e7\u00e3o de [&hellip;]<\/p>\n","protected":false},"author":1,"featured_media":0,"parent":0,"menu_order":0,"comment_status":"closed","ping_status":"closed","template":"","meta":{"footnotes":""},"class_list":["post-787","page","type-page","status-publish"],"_links":{"self":[{"href":"https:\/\/infostec.com\/hu\/wp-json\/wp\/v2\/pages\/787","targetHints":{"allow":["GET"]}}],"collection":[{"href":"https:\/\/infostec.com\/hu\/wp-json\/wp\/v2\/pages"}],"about":[{"href":"https:\/\/infostec.com\/hu\/wp-json\/wp\/v2\/types\/page"}],"author":[{"embeddable":true,"href":"https:\/\/infostec.com\/hu\/wp-json\/wp\/v2\/users\/1"}],"replies":[{"embeddable":true,"href":"https:\/\/infostec.com\/hu\/wp-json\/wp\/v2\/comments?post=787"}],"version-history":[{"count":1,"href":"https:\/\/infostec.com\/hu\/wp-json\/wp\/v2\/pages\/787\/revisions"}],"predecessor-version":[{"id":788,"href":"https:\/\/infostec.com\/hu\/wp-json\/wp\/v2\/pages\/787\/revisions\/788"}],"wp:attachment":[{"href":"https:\/\/infostec.com\/hu\/wp-json\/wp\/v2\/media?parent=787"}],"curies":[{"name":"munkaf\u00fczet","href":"https:\/\/api.w.org\/{rel}","templated":true}]}}