{"id":789,"date":"2024-06-18T01:02:26","date_gmt":"2024-06-18T01:02:26","guid":{"rendered":"https:\/\/infostec.com\/?page_id=789"},"modified":"2024-06-18T01:02:27","modified_gmt":"2024-06-18T01:02:27","slug":"%d7%9e%d7%93%d7%99%d7%a0%d7%99%d7%95%d7%aa-%d7%a4%d7%a8%d7%98%d7%99%d7%95%d7%aa","status":"publish","type":"page","link":"https:\/\/infostec.com\/he\/politica-de-privacidade\/","title":{"rendered":"\u05de\u05d3\u05d9\u05e0\u05d9\u05d5\u05ea \u05d4\u05e4\u05e8\u05d8\u05d9\u05d5\u05ea"},"content":{"rendered":"<p>\u05d1\u05e8\u05d5\u05da \u05d4\u05d1\u05d0 \u05dc <a href=\"https:\/\/infostec.com\/he\/\">\u05d0\u05d9\u05e0\u05e4\u05d5\u05d8\u05e7<\/a>. \u05de\u05d3\u05d9\u05e0\u05d9\u05d5\u05ea \u05e4\u05e8\u05d8\u05d9\u05d5\u05ea \u05d6\u05d5 \u05de\u05ea\u05d0\u05e8\u05ea \u05db\u05d9\u05e6\u05d3 \u05d0\u05e0\u05d5 \u05d0\u05d5\u05e1\u05e4\u05d9\u05dd, \u05de\u05e9\u05ea\u05de\u05e9\u05d9\u05dd \u05d5\u05de\u05e9\u05ea\u05e4\u05d9\u05dd \u05de\u05d9\u05d3\u05e2 \u05d0\u05d5\u05d3\u05d5\u05ea\u05d9\u05da \u05db\u05d0\u05e9\u05e8 \u05d0\u05ea\u05d4 \u05e0\u05d9\u05d2\u05e9 \u05d0\u05d5 \u05de\u05e9\u05ea\u05de\u05e9 \u05d1\u05d0\u05ea\u05e8 \u05e9\u05dc\u05e0\u05d5.<\/p>\n\n\n\n<h2 class=\"wp-block-heading\">1. \u05de\u05d9\u05d3\u05e2 \u05e9\u05d0\u05e0\u05d5 \u05d0\u05d5\u05e1\u05e4\u05d9\u05dd<\/h2>\n\n\n\n<ul class=\"wp-block-list\">\n<li><strong>\u05de\u05d9\u05d3\u05e2 \u05d0\u05d9\u05e9\u05d9:<\/strong> \u05d0\u05e0\u05d5 \u05d0\u05d5\u05e1\u05e4\u05d9\u05dd \u05de\u05d9\u05d3\u05e2 \u05d0\u05d9\u05e9\u05d9 \u05e9\u05d0\u05ea\u05d4 \u05de\u05e1\u05e4\u05e7 \u05de\u05e8\u05e6\u05d5\u05e0\u05da, \u05db\u05d2\u05d5\u05df \u05e9\u05dd, \u05d3\u05d5\u05d0&quot;\u05dc \u05d5\u05e4\u05e8\u05d8\u05d9 \u05e7\u05e9\u05e8 \u05d0\u05d7\u05e8\u05d9\u05dd \u05db\u05d0\u05e9\u05e8 \u05d0\u05ea\u05d4 \u05e0\u05e8\u05e9\u05dd \u05dc\u05e7\u05d1\u05dc\u05ea \u05e2\u05d3\u05db\u05d5\u05e0\u05d9\u05dd \u05d0\u05d5 \u05de\u05ea\u05e7\u05e9\u05e8 \u05d0\u05d9\u05ea\u05e0\u05d5.<\/li>\n\n\n\n<li><strong>\u05e0\u05ea\u05d5\u05e0\u05d9 \u05e9\u05d9\u05de\u05d5\u05e9:<\/strong> \u05d0\u05e0\u05d5 \u05d0\u05d5\u05e1\u05e4\u05d9\u05dd \u05d1\u05d0\u05d5\u05e4\u05df \u05d0\u05d5\u05d8\u05d5\u05de\u05d8\u05d9 \u05de\u05d9\u05d3\u05e2 \u05e2\u05dc \u05d4\u05d0\u05d5\u05e4\u05df \u05e9\u05d1\u05d5 \u05d0\u05ea\u05d4 \u05e0\u05d9\u05d2\u05e9 \u05dc\u05d0\u05ea\u05e8 \u05d5\u05de\u05e9\u05ea\u05de\u05e9 \u05d1\u05d5, \u05dc\u05e8\u05d1\u05d5\u05ea \u05e1\u05d5\u05d2 \u05de\u05db\u05e9\u05d9\u05e8, \u05d3\u05e4\u05d3\u05e4\u05df \u05d0\u05d9\u05e0\u05d8\u05e8\u05e0\u05d8, \u05d3\u05e4\u05d9\u05dd \u05e9\u05d1\u05d4\u05dd \u05d1\u05d9\u05e7\u05e8\u05ea, \u05e7\u05dc\u05d9\u05e7\u05d9\u05dd, \u05d3\u05e4\u05d5\u05e1\u05d9 \u05e9\u05d9\u05de\u05d5\u05e9 \u05d5\u05de\u05d9\u05d3\u05e2 \u05e9\u05d9\u05de\u05d5\u05e9 \u05d0\u05d7\u05e8.<\/li>\n\n\n\n<li><strong>\u05e7\u05d5\u05d1\u05e6\u05d9 Cookie \u05d5\u05d8\u05db\u05e0\u05d5\u05dc\u05d5\u05d2\u05d9\u05d5\u05ea \u05de\u05e2\u05e7\u05d1:<\/strong> \u05d0\u05e0\u05d5 \u05de\u05e9\u05ea\u05de\u05e9\u05d9\u05dd \u05d1\u05e2\u05d5\u05d2\u05d9\u05d5\u05ea \u05d5\u05d1\u05d8\u05db\u05e0\u05d5\u05dc\u05d5\u05d2\u05d9\u05d5\u05ea \u05de\u05e2\u05e7\u05d1 \u05db\u05d3\u05d9 \u05dc\u05d4\u05ea\u05d0\u05d9\u05dd \u05d0\u05d9\u05e9\u05d9\u05ea \u05d0\u05ea \u05d4\u05d7\u05d5\u05d5\u05d9\u05d4 \u05e9\u05dc\u05da \u05d5\u05dc\u05d0\u05e1\u05d5\u05e3 \u05e0\u05ea\u05d5\u05e0\u05d9\u05dd \u05e2\u05dc \u05d4\u05d0\u05d9\u05e0\u05d8\u05e8\u05d0\u05e7\u05e6\u05d9\u05d4 \u05e9\u05dc\u05da \u05e2\u05dd \u05d4\u05d0\u05ea\u05e8 \u05d5\u05d4\u05e4\u05e8\u05e1\u05d5\u05de\u05d5\u05ea \u05d4\u05de\u05d5\u05e6\u05d2\u05d5\u05ea.<\/li>\n<\/ul>\n\n\n\n<h2 class=\"wp-block-heading\">2. \u05e9\u05d9\u05de\u05d5\u05e9 \u05d1\u05de\u05d9\u05d3\u05e2<\/h2>\n\n\n\n<p>\u05d0\u05e0\u05d5 \u05de\u05e9\u05ea\u05de\u05e9\u05d9\u05dd \u05d1\u05de\u05d9\u05d3\u05e2 \u05e9\u05dc\u05da \u05db\u05d3\u05d9:<\/p>\n\n\n\n<ul class=\"wp-block-list\">\n<li>\u05dc\u05e1\u05e4\u05e7, \u05dc\u05ea\u05d7\u05d6\u05e7 \u05d5\u05dc\u05e9\u05e4\u05e8 \u05d0\u05ea \u05d4\u05d0\u05ea\u05e8 \u05d5\u05d4\u05e9\u05d9\u05e8\u05d5\u05ea\u05d9\u05dd \u05e9\u05dc\u05e0\u05d5.<\/li>\n\n\n\n<li>\u05dc\u05ea\u05e7\u05e9\u05e8 \u05d0\u05d9\u05ea\u05da, \u05dc\u05d4\u05d2\u05d9\u05d1 \u05dc\u05e9\u05d0\u05dc\u05d5\u05ea \u05d5\u05dc\u05d1\u05e7\u05e9\u05d5\u05ea \u05e9\u05dc\u05da.<\/li>\n\n\n\n<li>\u05d4\u05e6\u05d2 \u05de\u05d5\u05d3\u05e2\u05d5\u05ea \u05de\u05d5\u05ea\u05d0\u05de\u05d5\u05ea \u05d0\u05d9\u05e9\u05d9\u05ea \u05d5\u05d1\u05e6\u05e2 \u05e0\u05d9\u05ea\u05d5\u05d7 \u05e0\u05ea\u05d5\u05e0\u05d9\u05dd.<\/li>\n<\/ul>\n\n\n\n<h2 class=\"wp-block-heading\">3. \u05e9\u05d9\u05ea\u05d5\u05e3 \u05de\u05d9\u05d3\u05e2<\/h2>\n\n\n\n<p>\u05d0\u05e0\u05d5 \u05e2\u05e9\u05d5\u05d9\u05d9\u05dd \u05dc\u05d7\u05dc\u05d5\u05e7 \u05d0\u05ea \u05d4\u05de\u05d9\u05d3\u05e2 \u05e9\u05dc\u05da \u05e2\u05dd \u05e6\u05d3\u05d3\u05d9\u05dd \u05e9\u05dc\u05d9\u05e9\u05d9\u05d9\u05dd \u05d1\u05e0\u05e1\u05d9\u05d1\u05d5\u05ea \u05d4\u05d1\u05d0\u05d5\u05ea:<\/p>\n\n\n\n<ul class=\"wp-block-list\">\n<li><strong>\u05e1\u05e4\u05e7\u05d9 \u05e9\u05d9\u05e8\u05d5\u05ea:<\/strong> \u05d0\u05e0\u05d5 \u05d7\u05d5\u05dc\u05e7\u05d9\u05dd \u05de\u05d9\u05d3\u05e2 \u05e2\u05dd \u05e1\u05e4\u05e7\u05d9\u05dd \u05e9\u05e2\u05d5\u05d6\u05e8\u05d9\u05dd \u05dc\u05e0\u05d5 \u05dc\u05ea\u05e4\u05e2\u05dc \u05d0\u05ea \u05d4\u05d0\u05ea\u05e8, \u05db\u05d2\u05d5\u05df \u05d0\u05d7\u05e1\u05d5\u05df \u05d0\u05ea\u05e8\u05d9\u05dd \u05d5\u05e0\u05d9\u05ea\u05d5\u05d7 \u05e0\u05ea\u05d5\u05e0\u05d9\u05dd.<\/li>\n\n\n\n<li><strong>Google Ad Exchange:<\/strong> \u05db\u05e0\u05d3\u05e8\u05e9 \u05dc\u05d4\u05e6\u05d2\u05ea \u05de\u05d5\u05d3\u05e2\u05d5\u05ea \u05d3\u05e8\u05da Google Ad Exchange.<\/li>\n\n\n\n<li><strong>\u05e6\u05d9\u05d5\u05ea \u05dc\u05d7\u05d5\u05e7:<\/strong> \u05d1\u05e2\u05ea \u05d4\u05e6\u05d5\u05e8\u05da \u05dc\u05e6\u05d9\u05d9\u05ea \u05dc\u05d7\u05d5\u05e7 \u05d0\u05d5 \u05dc\u05d4\u05d2\u05d9\u05d1 \u05dc\u05d4\u05dc\u05d9\u05da \u05de\u05e9\u05e4\u05d8\u05d9.<\/li>\n<\/ul>\n\n\n\n<h2 class=\"wp-block-heading\">4. \u05d2\u05d5\u05d2\u05dc \u05d0\u05d3\u05e1\u05e0\u05e1<\/h2>\n\n\n\n<ul class=\"wp-block-list\">\n<li>\u05d1\u05d4\u05ea\u05d0\u05dd \u05dc\u05ea\u05e0\u05d0\u05d9 Google AdSense, \u05d0\u05e0\u05d5 \u05de\u05d5\u05d3\u05d9\u05e2\u05d9\u05dd \u05dc\u05da \u05e9-Google, \u05db\u05d9\u05e6\u05e8\u05e0\u05d9\u05ea \u05e6\u05d3 \u05e9\u05dc\u05d9\u05e9\u05d9, \u05de\u05e9\u05ea\u05de\u05e9\u05ea \u05d1\u05e7\u05d5\u05d1\u05e6\u05d9 Cookie \u05db\u05d3\u05d9 \u05dc\u05d4\u05e6\u05d9\u05d2 \u05de\u05d5\u05d3\u05e2\u05d5\u05ea \u05d1\u05d0\u05ea\u05e8 \u05d4\u05d0\u05d9\u05e0\u05d8\u05e8\u05e0\u05d8 \u05e9\u05dc\u05e0\u05d5.<\/li>\n\n\n\n<li>\u05d4\u05e9\u05d9\u05de\u05d5\u05e9 \u05e9\u05dc \u05d2\u05d5\u05d2\u05dc \u05d1\u05e7\u05d5\u05d1\u05e5 cookie \u05e9\u05dc DART \u05de\u05d0\u05e4\u05e9\u05e8 \u05dc\u05d4 \u05dc\u05d4\u05e6\u05d9\u05d2 \u05de\u05d5\u05d3\u05e2\u05d5\u05ea \u05dc\u05de\u05e9\u05ea\u05de\u05e9\u05d9\u05dd \u05e9\u05dc\u05e0\u05d5 \u05e2\u05dc \u05e1\u05de\u05da \u05d1\u05d9\u05e7\u05d5\u05e8\u05d9\u05dd \u05e7\u05d5\u05d3\u05de\u05d9\u05dd \u05d1\u05d0\u05ea\u05e8 \u05e9\u05dc\u05e0\u05d5 \u05d5\u05d1\u05d0\u05ea\u05e8\u05d9\u05dd \u05d0\u05d7\u05e8\u05d9\u05dd \u05d1\u05d0\u05d9\u05e0\u05d8\u05e8\u05e0\u05d8.<\/li>\n\n\n\n<li>\u05de\u05e9\u05ea\u05de\u05e9\u05d9\u05dd \u05d9\u05db\u05d5\u05dc\u05d9\u05dd \u05dc\u05d1\u05d8\u05dc \u05d0\u05ea \u05d4\u05e1\u05db\u05de\u05ea\u05dd \u05dc\u05e9\u05d9\u05de\u05d5\u05e9 \u05d1\u05e7\u05d5\u05d1\u05e5 cookie \u05e9\u05dc DART \u05e2\u05dc \u05d9\u05d3\u05d9 \u05d1\u05d9\u05e7\u05d5\u05e8 \u05d1\u05de\u05d3\u05d9\u05e0\u05d9\u05d5\u05ea \u05d4\u05e4\u05e8\u05d8\u05d9\u05d5\u05ea \u05e9\u05dc \u05e8\u05e9\u05ea \u05d4\u05ea\u05d5\u05db\u05df \u05d5\u05d4\u05e4\u05e8\u05e1\u05d5\u05dd \u05e9\u05dc Google.<\/li>\n<\/ul>\n\n\n\n<h2 class=\"wp-block-heading\">5. \u05e9\u05d9\u05e0\u05d5\u05d9\u05d9\u05dd \u05d1\u05de\u05d3\u05d9\u05e0\u05d9\u05d5\u05ea \u05d4\u05e4\u05e8\u05d8\u05d9\u05d5\u05ea<\/h2>\n\n\n\n<p>\u05d0\u05e0\u05d5 \u05e2\u05e9\u05d5\u05d9\u05d9\u05dd \u05dc\u05e2\u05d3\u05db\u05df \u05d0\u05ea \u05de\u05d3\u05d9\u05e0\u05d9\u05d5\u05ea \u05d4\u05e4\u05e8\u05d8\u05d9\u05d5\u05ea \u05e9\u05dc\u05e0\u05d5 \u05de\u05e2\u05ea \u05dc\u05e2\u05ea. \u05d0\u05e0\u05d5 \u05e0\u05d5\u05d3\u05d9\u05e2 \u05dc\u05da \u05e2\u05dc \u05db\u05dc \u05e9\u05d9\u05e0\u05d5\u05d9 \u05e2\u05dc \u05d9\u05d3\u05d9 \u05e4\u05e8\u05e1\u05d5\u05dd \u05de\u05d3\u05d9\u05e0\u05d9\u05d5\u05ea \u05d4\u05e4\u05e8\u05d8\u05d9\u05d5\u05ea \u05d4\u05d7\u05d3\u05e9\u05d4 \u05d1\u05d3\u05e3 \u05d6\u05d4.<\/p>\n\n\n\n<h2 class=\"wp-block-heading\">6. \u05e6\u05d5\u05e8 \u05e7\u05e9\u05e8<\/h2>\n\n\n\n<p>\u05d0\u05dd \u05d9\u05e9 \u05dc\u05da \u05e9\u05d0\u05dc\u05d5\u05ea \u05dc\u05d2\u05d1\u05d9 \u05de\u05d3\u05d9\u05e0\u05d9\u05d5\u05ea \u05e4\u05e8\u05d8\u05d9\u05d5\u05ea \u05d6\u05d5, \u05d0\u05e0\u05d0 \u05e6\u05d5\u05e8 \u05d0\u05d9\u05ea\u05e0\u05d5 \u05e7\u05e9\u05e8.<\/p>","protected":false},"excerpt":{"rendered":"<p>Bem-vindo ao Infostec. Esta pol\u00edtica de privacidade descreve como coletamos, usamos e compartilhamos informa\u00e7\u00f5es sobre voc\u00ea quando acessa ou usa nosso site. 1. Informa\u00e7\u00f5es que Coletamos 2. Uso de Informa\u00e7\u00f5es Utilizamos suas informa\u00e7\u00f5es para: 3. Compartilhamento de Informa\u00e7\u00f5es Podemos compartilhar suas informa\u00e7\u00f5es com terceiros nas seguintes circunst\u00e2ncias: 4. Google AdSense 5. Altera\u00e7\u00f5es \u00e0 Pol\u00edtica de [&hellip;]<\/p>\n","protected":false},"author":1,"featured_media":0,"parent":0,"menu_order":0,"comment_status":"closed","ping_status":"closed","template":"","meta":{"footnotes":""},"class_list":["post-789","page","type-page","status-publish"],"_links":{"self":[{"href":"https:\/\/infostec.com\/he\/wp-json\/wp\/v2\/pages\/789","targetHints":{"allow":["GET"]}}],"collection":[{"href":"https:\/\/infostec.com\/he\/wp-json\/wp\/v2\/pages"}],"about":[{"href":"https:\/\/infostec.com\/he\/wp-json\/wp\/v2\/types\/page"}],"author":[{"embeddable":true,"href":"https:\/\/infostec.com\/he\/wp-json\/wp\/v2\/users\/1"}],"replies":[{"embeddable":true,"href":"https:\/\/infostec.com\/he\/wp-json\/wp\/v2\/comments?post=789"}],"version-history":[{"count":1,"href":"https:\/\/infostec.com\/he\/wp-json\/wp\/v2\/pages\/789\/revisions"}],"predecessor-version":[{"id":790,"href":"https:\/\/infostec.com\/he\/wp-json\/wp\/v2\/pages\/789\/revisions\/790"}],"wp:attachment":[{"href":"https:\/\/infostec.com\/he\/wp-json\/wp\/v2\/media?parent=789"}],"curies":[{"name":"wp","href":"https:\/\/api.w.org\/{rel}","templated":true}]}}