{"id":789,"date":"2024-06-18T01:02:26","date_gmt":"2024-06-18T01:02:26","guid":{"rendered":"https:\/\/infostec.com\/?page_id=789"},"modified":"2024-06-18T01:02:27","modified_gmt":"2024-06-18T01:02:27","slug":"%e0%a6%97%e0%a7%8b%e0%a6%aa%e0%a6%a8%e0%a7%80%e0%a6%af%e0%a6%bc%e0%a6%a4%e0%a6%be-%e0%a6%a8%e0%a7%80%e0%a6%a4%e0%a6%bf","status":"publish","type":"page","link":"https:\/\/infostec.com\/bn\/politica-de-privacidade\/","title":{"rendered":"\u0997\u09cb\u09aa\u09a8\u09c0\u09af\u09bc\u09a4\u09be \u09a8\u09c0\u09a4\u09bf"},"content":{"rendered":"<p>\u09b8\u09cd\u09ac\u09be\u0997\u09a4\u09ae <a href=\"https:\/\/infostec.com\/bn\/\">\u0987\u09a8\u09ab\u09cb\u099f\u09c7\u0995<\/a>. \u0986\u09aa\u09a8\u09bf \u09af\u0996\u09a8 \u0986\u09ae\u09be\u09a6\u09c7\u09b0 \u0993\u09af\u09bc\u09c7\u09ac\u09b8\u09be\u0987\u099f \u0985\u09cd\u09af\u09be\u0995\u09cd\u09b8\u09c7\u09b8 \u0995\u09b0\u09c7\u09a8 \u09ac\u09be \u09ac\u09cd\u09af\u09ac\u09b9\u09be\u09b0 \u0995\u09b0\u09c7\u09a8 \u09a4\u0996\u09a8 \u0986\u09ae\u09b0\u09be \u0995\u09c0\u09ad\u09be\u09ac\u09c7 \u0986\u09aa\u09a8\u09be\u09b0 \u09b8\u09ae\u09cd\u09aa\u09b0\u09cd\u0995\u09c7 \u09a4\u09a5\u09cd\u09af \u09b8\u0982\u0997\u09cd\u09b0\u09b9, \u09ac\u09cd\u09af\u09ac\u09b9\u09be\u09b0 \u098f\u09ac\u0982 \u09ad\u09be\u0997 \u0995\u09b0\u09bf \u09a4\u09be \u098f\u0987 \u0997\u09cb\u09aa\u09a8\u09c0\u09af\u09bc\u09a4\u09be \u09a8\u09c0\u09a4\u09bf \u09ac\u09b0\u09cd\u09a3\u09a8\u09be \u0995\u09b0\u09c7\u0964<\/p>\n\n\n\n<h2 class=\"wp-block-heading\">1. \u09a4\u09a5\u09cd\u09af \u0986\u09ae\u09b0\u09be \u09b8\u0982\u0997\u09cd\u09b0\u09b9 \u0995\u09b0\u09bf<\/h2>\n\n\n\n<ul class=\"wp-block-list\">\n<li><strong>\u09ac\u09cd\u09af\u0995\u09cd\u09a4\u09bf\u0997\u09a4 \u09a4\u09a5\u09cd\u09af:<\/strong> \u0986\u09ae\u09b0\u09be \u09ac\u09cd\u09af\u0995\u09cd\u09a4\u09bf\u0997\u09a4 \u09a4\u09a5\u09cd\u09af \u09b8\u0982\u0997\u09cd\u09b0\u09b9 \u0995\u09b0\u09bf \u09af\u09be \u0986\u09aa\u09a8\u09bf \u09b8\u09cd\u09ac\u09c7\u099a\u09cd\u099b\u09be\u09af\u09bc \u09aa\u09cd\u09b0\u09a6\u09be\u09a8 \u0995\u09b0\u09c7\u09a8, \u09af\u09c7\u09ae\u09a8 \u09a8\u09be\u09ae, \u0987\u09ae\u09c7\u09b2 \u098f\u09ac\u0982 \u0985\u09a8\u09cd\u09af\u09be\u09a8\u09cd\u09af \u09af\u09cb\u0997\u09be\u09af\u09cb\u0997\u09c7\u09b0 \u09a4\u09a5\u09cd\u09af \u0986\u09aa\u09a8\u09bf \u09af\u0996\u09a8 \u0986\u09aa\u09a1\u09c7\u099f\u09c7\u09b0 \u099c\u09a8\u09cd\u09af \u09b8\u09be\u0987\u09a8 \u0986\u09aa \u0995\u09b0\u09c7\u09a8 \u09ac\u09be \u0986\u09ae\u09be\u09a6\u09c7\u09b0 \u09b8\u09be\u09a5\u09c7 \u09af\u09cb\u0997\u09be\u09af\u09cb\u0997 \u0995\u09b0\u09c7\u09a8\u0964<\/li>\n\n\n\n<li><strong>\u09ac\u09cd\u09af\u09ac\u09b9\u09be\u09b0\u09c7\u09b0 \u09a1\u09c7\u099f\u09be:<\/strong> \u09a1\u09bf\u09ad\u09be\u0987\u09b8\u09c7\u09b0 \u09a7\u09b0\u09a8, \u0993\u09af\u09bc\u09c7\u09ac \u09ac\u09cd\u09b0\u09be\u0989\u099c\u09be\u09b0, \u09aa\u09b0\u09bf\u09a6\u09b0\u09cd\u09b6\u09a8 \u0995\u09b0\u09be \u09aa\u09c3\u09b7\u09cd\u09a0\u09be\u0997\u09c1\u09b2\u09bf, \u0995\u09cd\u09b2\u09bf\u0995\u0997\u09c1\u09b2\u09bf, \u09ac\u09cd\u09af\u09ac\u09b9\u09be\u09b0\u09c7\u09b0 \u09a7\u09b0\u09a3 \u098f\u09ac\u0982 \u0985\u09a8\u09cd\u09af\u09be\u09a8\u09cd\u09af \u09ac\u09cd\u09af\u09ac\u09b9\u09be\u09b0\u09c7\u09b0 \u09a4\u09a5\u09cd\u09af \u09b8\u09b9 \u0986\u09aa\u09a8\u09bf \u0995\u09c0\u09ad\u09be\u09ac\u09c7 \u09b8\u09be\u0987\u099f\u099f\u09bf \u0985\u09cd\u09af\u09be\u0995\u09cd\u09b8\u09c7\u09b8 \u0995\u09b0\u09c7\u09a8 \u098f\u09ac\u0982 \u09ac\u09cd\u09af\u09ac\u09b9\u09be\u09b0 \u0995\u09b0\u09c7\u09a8 \u09b8\u09c7 \u09b8\u09ae\u09cd\u09aa\u09b0\u09cd\u0995\u09c7 \u0986\u09ae\u09b0\u09be \u09b8\u09cd\u09ac\u09af\u09bc\u0982\u0995\u09cd\u09b0\u09bf\u09af\u09bc\u09ad\u09be\u09ac\u09c7 \u09a4\u09a5\u09cd\u09af \u09b8\u0982\u0997\u09cd\u09b0\u09b9 \u0995\u09b0\u09bf\u0964<\/li>\n\n\n\n<li><strong>\u0995\u09c1\u0995\u09bf\u099c \u098f\u09ac\u0982 \u099f\u09cd\u09b0\u09cd\u09af\u09be\u0995\u09bf\u0982 \u09aa\u09cd\u09b0\u09af\u09c1\u0995\u09cd\u09a4\u09bf:<\/strong> \u0986\u09ae\u09b0\u09be \u0986\u09aa\u09a8\u09be\u09b0 \u0985\u09ad\u09bf\u099c\u09cd\u099e\u09a4\u09be\u0995\u09c7 \u09ac\u09cd\u09af\u0995\u09cd\u09a4\u09bf\u0997\u09a4\u0995\u09c3\u09a4 \u0995\u09b0\u09a4\u09c7 \u098f\u09ac\u0982 \u0993\u09af\u09bc\u09c7\u09ac\u09b8\u09be\u0987\u099f \u098f\u09ac\u0982 \u09aa\u09cd\u09b0\u09a6\u09b0\u09cd\u09b6\u09bf\u09a4 \u09ac\u09bf\u099c\u09cd\u099e\u09be\u09aa\u09a8\u0997\u09c1\u09b2\u09bf\u09b0 \u09b8\u09be\u09a5\u09c7 \u0986\u09aa\u09a8\u09be\u09b0 \u09ae\u09bf\u09a5\u09b8\u09cd\u0995\u09cd\u09b0\u09bf\u09af\u09bc\u09be \u09b8\u09ae\u09cd\u09aa\u09b0\u09cd\u0995\u09c7 \u09a1\u09c7\u099f\u09be \u09b8\u0982\u0997\u09cd\u09b0\u09b9 \u0995\u09b0\u09a4\u09c7 \u0995\u09c1\u0995\u09bf\u099c \u098f\u09ac\u0982 \u099f\u09cd\u09b0\u09cd\u09af\u09be\u0995\u09bf\u0982 \u09aa\u09cd\u09b0\u09af\u09c1\u0995\u09cd\u09a4\u09bf \u09ac\u09cd\u09af\u09ac\u09b9\u09be\u09b0 \u0995\u09b0\u09bf\u0964<\/li>\n<\/ul>\n\n\n\n<h2 class=\"wp-block-heading\">2. \u09a4\u09a5\u09cd\u09af\u09c7\u09b0 \u09ac\u09cd\u09af\u09ac\u09b9\u09be\u09b0<\/h2>\n\n\n\n<p>\u0986\u09ae\u09b0\u09be \u0986\u09aa\u09a8\u09be\u09b0 \u09a4\u09a5\u09cd\u09af \u09ac\u09cd\u09af\u09ac\u09b9\u09be\u09b0 \u0995\u09b0\u09bf:<\/p>\n\n\n\n<ul class=\"wp-block-list\">\n<li>\u0986\u09ae\u09be\u09a6\u09c7\u09b0 \u0993\u09af\u09bc\u09c7\u09ac\u09b8\u09be\u0987\u099f \u098f\u09ac\u0982 \u09aa\u09b0\u09bf\u09b7\u09c7\u09ac\u09be\u0997\u09c1\u09b2\u09bf \u09aa\u09cd\u09b0\u09a6\u09be\u09a8, \u09ac\u099c\u09be\u09af\u09bc \u09b0\u09be\u0996\u09be \u098f\u09ac\u0982 \u0989\u09a8\u09cd\u09a8\u09a4 \u0995\u09b0\u09c1\u09a8\u0964<\/li>\n\n\n\n<li>\u0986\u09aa\u09a8\u09be\u09b0 \u09b8\u09be\u09a5\u09c7 \u09af\u09cb\u0997\u09be\u09af\u09cb\u0997 \u0995\u09b0\u09c1\u09a8, \u0986\u09aa\u09a8\u09be\u09b0 \u09aa\u09cd\u09b0\u09b6\u09cd\u09a8 \u098f\u09ac\u0982 \u0985\u09a8\u09c1\u09b0\u09cb\u09a7\u09c7\u09b0 \u0989\u09a4\u09cd\u09a4\u09b0 \u09a6\u09bf\u09a8\u0964<\/li>\n\n\n\n<li>\u09ac\u09cd\u09af\u0995\u09cd\u09a4\u09bf\u0997\u09a4\u0995\u09c3\u09a4 \u09ac\u09bf\u099c\u09cd\u099e\u09be\u09aa\u09a8 \u09aa\u09cd\u09b0\u09a6\u09b0\u09cd\u09b6\u09a8 \u0995\u09b0\u09c1\u09a8 \u098f\u09ac\u0982 \u09a1\u09c7\u099f\u09be \u09ac\u09bf\u09b6\u09cd\u09b2\u09c7\u09b7\u09a3 \u0995\u09b0\u09c1\u09a8\u0964<\/li>\n<\/ul>\n\n\n\n<h2 class=\"wp-block-heading\">3. \u09a4\u09a5\u09cd\u09af \u09b6\u09c7\u09af\u09bc\u09be\u09b0\u09bf\u0982<\/h2>\n\n\n\n<p>\u0986\u09ae\u09b0\u09be \u09a8\u09bf\u09ae\u09cd\u09a8\u09b2\u09bf\u0996\u09bf\u09a4 \u09aa\u09b0\u09bf\u09b8\u09cd\u09a5\u09bf\u09a4\u09bf\u09a4\u09c7 \u09a4\u09c3\u09a4\u09c0\u09af\u09bc \u09aa\u0995\u09cd\u09b7\u09c7\u09b0 \u09b8\u09be\u09a5\u09c7 \u0986\u09aa\u09a8\u09be\u09b0 \u09a4\u09a5\u09cd\u09af \u09ad\u09be\u0997 \u0995\u09b0\u09a4\u09c7 \u09aa\u09be\u09b0\u09bf:<\/p>\n\n\n\n<ul class=\"wp-block-list\">\n<li><strong>\u09b8\u09c7\u09ac\u09be \u09aa\u09cd\u09b0\u09a6\u09be\u09a8\u0995\u09be\u09b0\u09c0:<\/strong> \u0986\u09ae\u09b0\u09be \u09ac\u09bf\u0995\u09cd\u09b0\u09c7\u09a4\u09be\u09a6\u09c7\u09b0 \u09b8\u09be\u09a5\u09c7 \u09a4\u09a5\u09cd\u09af \u09b6\u09c7\u09af\u09bc\u09be\u09b0 \u0995\u09b0\u09bf \u09af\u09be \u0986\u09ae\u09be\u09a6\u09c7\u09b0 \u09b8\u09be\u0987\u099f \u09aa\u09b0\u09bf\u099a\u09be\u09b2\u09a8\u09be \u0995\u09b0\u09a4\u09c7 \u09b8\u09be\u09b9\u09be\u09af\u09cd\u09af \u0995\u09b0\u09c7, \u09af\u09c7\u09ae\u09a8 \u0993\u09af\u09bc\u09c7\u09ac \u09b9\u09cb\u09b8\u09cd\u099f\u09bf\u0982 \u098f\u09ac\u0982 \u09a1\u09c7\u099f\u09be \u09ac\u09bf\u09b6\u09cd\u09b2\u09c7\u09b7\u09a3\u0964<\/li>\n\n\n\n<li><strong>\u0997\u09c1\u0997\u09b2 \u0985\u09cd\u09af\u09be\u09a1 \u098f\u0995\u09cd\u09b8\u099a\u09c7\u099e\u09cd\u099c:<\/strong> \u0997\u09c1\u0997\u09b2 \u0985\u09cd\u09af\u09be\u09a1 \u098f\u0995\u09cd\u09b8\u099a\u09c7\u099e\u09cd\u099c\u09c7\u09b0 \u09ae\u09be\u09a7\u09cd\u09af\u09ae\u09c7 \u09ac\u09bf\u099c\u09cd\u099e\u09be\u09aa\u09a8 \u09aa\u09b0\u09bf\u09ac\u09c7\u09b6\u09a8 \u0995\u09b0\u09be\u09b0 \u099c\u09a8\u09cd\u09af \u09aa\u09cd\u09b0\u09af\u09bc\u09cb\u099c\u09a8\u09c0\u09af\u09bc\u0964<\/li>\n\n\n\n<li><strong>\u09ac\u09c8\u09a7 \u09a8\u09be\u09b2\u09bf\u09b6:<\/strong> \u09af\u0996\u09a8 \u09aa\u09cd\u09b0\u09af\u09bc\u09cb\u099c\u09a8 \u0986\u0987\u09a8 \u09ae\u09c7\u09a8\u09c7 \u099a\u09b2\u09be \u09ac\u09be \u0986\u0987\u09a8\u09bf \u09aa\u09cd\u09b0\u0995\u09cd\u09b0\u09bf\u09af\u09bc\u09be\u09af\u09bc \u09b8\u09be\u09a1\u09bc\u09be \u09a6\u09bf\u09a4\u09c7\u0964<\/li>\n<\/ul>\n\n\n\n<h2 class=\"wp-block-heading\">4. \u0997\u09c1\u0997\u09b2 \u0985\u09cd\u09af\u09be\u09a1\u09b8\u09c7\u09a8\u09cd\u09b8<\/h2>\n\n\n\n<ul class=\"wp-block-list\">\n<li>Google AdSense \u09b6\u09b0\u09cd\u09a4\u09be\u09ac\u09b2\u09c0 \u09ae\u09c7\u09a8\u09c7, \u0986\u09ae\u09b0\u09be \u0986\u09aa\u09a8\u09be\u0995\u09c7 \u099c\u09be\u09a8\u09be\u0987 \u09af\u09c7 Google, \u09a4\u09c3\u09a4\u09c0\u09af\u09bc \u09aa\u0995\u09cd\u09b7\u09c7\u09b0 \u09ac\u09bf\u0995\u09cd\u09b0\u09c7\u09a4\u09be \u09b9\u09bf\u09b8\u09be\u09ac\u09c7, \u0986\u09ae\u09be\u09a6\u09c7\u09b0 \u0993\u09af\u09bc\u09c7\u09ac\u09b8\u09be\u0987\u099f\u09c7 \u09ac\u09bf\u099c\u09cd\u099e\u09be\u09aa\u09a8 \u09aa\u09b0\u09bf\u09ac\u09c7\u09b6\u09a8 \u0995\u09b0\u09be\u09b0 \u099c\u09a8\u09cd\u09af \u0995\u09c1\u0995\u09bf \u09ac\u09cd\u09af\u09ac\u09b9\u09be\u09b0 \u0995\u09b0\u09c7\u0964<\/li>\n\n\n\n<li>Google-\u098f\u09b0 DART \u0995\u09c1\u0995\u09bf\u09b0 \u09ac\u09cd\u09af\u09ac\u09b9\u09be\u09b0 \u098f\u099f\u09bf\u0995\u09c7 \u0986\u09ae\u09be\u09a6\u09c7\u09b0 \u09b8\u09be\u0987\u099f \u098f\u09ac\u0982 \u0987\u09a8\u09cd\u099f\u09be\u09b0\u09a8\u09c7\u099f\u09c7 \u0985\u09a8\u09cd\u09af\u09be\u09a8\u09cd\u09af \u09b8\u09be\u0987\u099f\u0997\u09c1\u09b2\u09bf\u09a4\u09c7 \u0985\u09a4\u09c0\u09a4\u09c7\u09b0 \u09aa\u09b0\u09bf\u09a6\u09b0\u09cd\u09b6\u09a8\u09c7\u09b0 \u09ad\u09bf\u09a4\u09cd\u09a4\u09bf\u09a4\u09c7 \u0986\u09ae\u09be\u09a6\u09c7\u09b0 \u09ac\u09cd\u09af\u09ac\u09b9\u09be\u09b0\u0995\u09be\u09b0\u09c0\u09a6\u09c7\u09b0 \u0995\u09be\u099b\u09c7 \u09ac\u09bf\u099c\u09cd\u099e\u09be\u09aa\u09a8 \u09aa\u09b0\u09bf\u09ac\u09c7\u09b6\u09a8 \u0995\u09b0\u09a4\u09c7 \u09b8\u0995\u09cd\u09b7\u09ae \u0995\u09b0\u09c7\u09f7<\/li>\n\n\n\n<li>\u09ac\u09cd\u09af\u09ac\u09b9\u09be\u09b0\u0995\u09be\u09b0\u09c0\u09b0\u09be Google Advertising and Content Network Privacy Policy \u09aa\u09b0\u09bf\u09a6\u09b0\u09cd\u09b6\u09a8 \u0995\u09b0\u09c7 DART \u0995\u09c1\u0995\u09bf\u09b0 \u09ac\u09cd\u09af\u09ac\u09b9\u09be\u09b0 \u0985\u09aa\u09cd\u099f \u0986\u0989\u099f \u0995\u09b0\u09a4\u09c7 \u09aa\u09be\u09b0\u09c7\u09a8\u09f7<\/li>\n<\/ul>\n\n\n\n<h2 class=\"wp-block-heading\">5. \u0997\u09cb\u09aa\u09a8\u09c0\u09af\u09bc\u09a4\u09be \u09a8\u09c0\u09a4\u09bf\u09a4\u09c7 \u09aa\u09b0\u09bf\u09ac\u09b0\u09cd\u09a4\u09a8<\/h2>\n\n\n\n<p>\u0986\u09ae\u09b0\u09be \u09aa\u09b0\u09cd\u09af\u09be\u09af\u09bc\u0995\u09cd\u09b0\u09ae\u09c7 \u0986\u09ae\u09be\u09a6\u09c7\u09b0 \u0997\u09cb\u09aa\u09a8\u09c0\u09af\u09bc\u09a4\u09be \u09a8\u09c0\u09a4\u09bf \u0986\u09aa\u09a1\u09c7\u099f \u0995\u09b0\u09a4\u09c7 \u09aa\u09be\u09b0\u09bf\u0964 \u0986\u09ae\u09b0\u09be \u098f\u0987 \u09aa\u09c3\u09b7\u09cd\u09a0\u09be\u09af\u09bc \u09a8\u09a4\u09c1\u09a8 \u0997\u09cb\u09aa\u09a8\u09c0\u09af\u09bc\u09a4\u09be \u09a8\u09c0\u09a4\u09bf \u09aa\u09cb\u09b8\u09cd\u099f \u0995\u09b0\u09c7 \u0995\u09cb\u09a8\u09cb \u09aa\u09b0\u09bf\u09ac\u09b0\u09cd\u09a4\u09a8 \u09b8\u09ae\u09cd\u09aa\u09b0\u09cd\u0995\u09c7 \u0986\u09aa\u09a8\u09be\u0995\u09c7 \u0985\u09ac\u09b9\u09bf\u09a4 \u0995\u09b0\u09ac\u0964<\/p>\n\n\n\n<h2 class=\"wp-block-heading\">6. \u09af\u09cb\u0997\u09be\u09af\u09cb\u0997<\/h2>\n\n\n\n<p>\u098f\u0987 \u0997\u09cb\u09aa\u09a8\u09c0\u09af\u09bc\u09a4\u09be \u09a8\u09c0\u09a4\u09bf \u09b8\u09ae\u09cd\u09aa\u09b0\u09cd\u0995\u09c7 \u0986\u09aa\u09a8\u09be\u09b0 \u0995\u09cb\u09a8 \u09aa\u09cd\u09b0\u09b6\u09cd\u09a8 \u09a5\u09be\u0995\u09b2\u09c7, \u0985\u09a8\u09c1\u0997\u09cd\u09b0\u09b9 \u0995\u09b0\u09c7 \u0986\u09ae\u09be\u09a6\u09c7\u09b0 \u09b8\u09be\u09a5\u09c7 \u09af\u09cb\u0997\u09be\u09af\u09cb\u0997 \u0995\u09b0\u09c1\u09a8\u0964<\/p>","protected":false},"excerpt":{"rendered":"<p>Bem-vindo ao Infostec. Esta pol\u00edtica de privacidade descreve como coletamos, usamos e compartilhamos informa\u00e7\u00f5es sobre voc\u00ea quando acessa ou usa nosso site. 1. Informa\u00e7\u00f5es que Coletamos 2. Uso de Informa\u00e7\u00f5es Utilizamos suas informa\u00e7\u00f5es para: 3. Compartilhamento de Informa\u00e7\u00f5es Podemos compartilhar suas informa\u00e7\u00f5es com terceiros nas seguintes circunst\u00e2ncias: 4. Google AdSense 5. Altera\u00e7\u00f5es \u00e0 Pol\u00edtica de [&hellip;]<\/p>\n","protected":false},"author":1,"featured_media":0,"parent":0,"menu_order":0,"comment_status":"closed","ping_status":"closed","template":"","meta":{"footnotes":""},"class_list":["post-789","page","type-page","status-publish"],"_links":{"self":[{"href":"https:\/\/infostec.com\/bn\/wp-json\/wp\/v2\/pages\/789","targetHints":{"allow":["GET"]}}],"collection":[{"href":"https:\/\/infostec.com\/bn\/wp-json\/wp\/v2\/pages"}],"about":[{"href":"https:\/\/infostec.com\/bn\/wp-json\/wp\/v2\/types\/page"}],"author":[{"embeddable":true,"href":"https:\/\/infostec.com\/bn\/wp-json\/wp\/v2\/users\/1"}],"replies":[{"embeddable":true,"href":"https:\/\/infostec.com\/bn\/wp-json\/wp\/v2\/comments?post=789"}],"version-history":[{"count":1,"href":"https:\/\/infostec.com\/bn\/wp-json\/wp\/v2\/pages\/789\/revisions"}],"predecessor-version":[{"id":790,"href":"https:\/\/infostec.com\/bn\/wp-json\/wp\/v2\/pages\/789\/revisions\/790"}],"wp:attachment":[{"href":"https:\/\/infostec.com\/bn\/wp-json\/wp\/v2\/media?parent=789"}],"curies":[{"name":"\u09a1\u09ac\u09cd\u09b2\u09bf\u0989\u09aa\u09bf","href":"https:\/\/api.w.org\/{rel}","templated":true}]}}