{"id":787,"date":"2024-06-18T01:02:05","date_gmt":"2024-06-18T01:02:05","guid":{"rendered":"https:\/\/infostec.com\/?page_id=787"},"modified":"2024-06-18T01:02:05","modified_gmt":"2024-06-18T01:02:05","slug":"%e0%a6%ac%e0%a7%8d%e0%a6%af%e0%a6%ac%e0%a6%b9%e0%a6%be%e0%a6%b0%e0%a7%87%e0%a6%b0-%e0%a6%b6%e0%a6%b0%e0%a7%8d%e0%a6%a4%e0%a6%be%e0%a6%ac%e0%a6%b2%e0%a7%80","status":"publish","type":"page","link":"https:\/\/infostec.com\/bn\/termos-de-uso\/","title":{"rendered":"\u09ac\u09cd\u09af\u09ac\u09b9\u09be\u09b0\u09c7\u09b0 \u09b6\u09b0\u09cd\u09a4\u09be\u09ac\u09b2\u09c0"},"content":{"rendered":"<p>\u09b8\u09cd\u09ac\u09be\u0997\u09a4\u09ae <a href=\"https:\/\/infostec.com\/bn\/\">\u0987\u09a8\u09ab\u09cb\u099f\u09c7\u0995<\/a>. \u098f\u0987 \u09ac\u09cd\u09af\u09ac\u09b9\u09be\u09b0\u09c7\u09b0 \u09b6\u09b0\u09cd\u09a4\u09be\u09ac\u09b2\u09c0 (&quot;\u09b6\u09b0\u09cd\u09a4\u09be\u09ac\u09b2\u09c0&quot;) \u0986\u09ae\u09be\u09a6\u09c7\u09b0 \u0993\u09af\u09bc\u09c7\u09ac\u09b8\u09be\u0987\u099f https:\/\/infostec.com-\u098f\u09b0 \u0986\u09aa\u09a8\u09be\u09b0 \u0985\u09cd\u09af\u09be\u0995\u09cd\u09b8\u09c7\u09b8 \u098f\u09ac\u0982 \u09ac\u09cd\u09af\u09ac\u09b9\u09be\u09b0 \u09a8\u09bf\u09af\u09bc\u09a8\u09cd\u09a4\u09cd\u09b0\u09a3 \u0995\u09b0\u09c7, \u098f\u0995\u099f\u09bf \u09aa\u09cb\u09b0\u09cd\u099f\u09be\u09b2 \u09af\u09be \u09ac\u09bf\u09ad\u09bf\u09a8\u09cd\u09a8 \u09ac\u09bf\u09b7\u09af\u09bc\u09c7 \u09ae\u09cb\u09ac\u09be\u0987\u09b2 \u0985\u09cd\u09af\u09be\u09aa\u09cd\u09b2\u09bf\u0995\u09c7\u09b6\u09a8 \u09b8\u09ae\u09cd\u09aa\u09b0\u09cd\u0995\u09c7 \u09b8\u09c1\u09aa\u09be\u09b0\u09bf\u09b6 \u098f\u09ac\u0982 \u09a4\u09a5\u09cd\u09af \u09aa\u09cd\u09b0\u09a6\u09be\u09a8\u09c7\u09b0 \u099c\u09a8\u09cd\u09af \u09a8\u09bf\u09ac\u09c7\u09a6\u09bf\u09a4\u09f7 \u0985\u09cd\u09af\u09be\u0995\u09cd\u09b8\u09c7\u09b8 \u09ac\u09be \u09ac\u09cd\u09af\u09ac\u09b9\u09be\u09b0 \u0995\u09b0\u09be\u09b0 \u09b8\u09ae\u09af\u09bc <a href=\"https:\/\/infostec.com\/bn\/\">\u0987\u09a8\u09ab\u09cb\u099f\u09c7\u0995<\/a>, \u0986\u09aa\u09a8\u09bf \u098f\u0987 \u09b6\u09b0\u09cd\u09a4\u09be\u09ac\u09b2\u09c0 \u09ae\u09c7\u09a8\u09c7 \u099a\u09b2\u09a4\u09c7 \u09b8\u09ae\u09cd\u09ae\u09a4 \u09b9\u09a8\u0964<\/p>\n\n\n\n<h2 class=\"wp-block-heading\">1. \u0987\u09a8\u09ab\u09cb\u09b8\u09cd\u099f\u09c7\u0995 \u09b8\u09be\u09b0\u09cd\u09ad\u09bf\u09b8\u09c7\u09b8<\/h2>\n\n\n\n<ul class=\"wp-block-list\">\n<li>\u0987\u09a8\u09ab\u09cb\u09b8\u09cd\u099f\u09c7\u0995 \u09ae\u09cb\u09ac\u09be\u0987\u09b2 \u0985\u09cd\u09af\u09be\u09aa\u09c7\u09b0 \u09b8\u09c1\u09aa\u09be\u09b0\u09bf\u09b6 \u098f\u09ac\u0982 \u09b8\u09ae\u09cd\u09aa\u09b0\u09cd\u0995\u09bf\u09a4 \u09ac\u09bf\u09b7\u09af\u09bc\u09ac\u09b8\u09cd\u09a4\u09c1 \u0985\u09ab\u09be\u09b0 \u0995\u09b0\u09c7\u0964<\/li>\n\n\n\n<li>\u0986\u09ae\u09b0\u09be \u09aa\u09cd\u09b0\u09b8\u09cd\u09a4\u09be\u09ac\u09bf\u09a4 \u0985\u09cd\u09af\u09be\u09aa\u09cd\u09b2\u09bf\u0995\u09c7\u09b6\u09a8\u0997\u09c1\u09b2\u09bf\u09b0 \u09ae\u09be\u09b2\u09bf\u0995 \u09ac\u09be \u09ac\u09bf\u0995\u09be\u09b6 \u0995\u09b0\u09bf \u09a8\u09be\u0964 \u09b8\u09c1\u09aa\u09be\u09b0\u09bf\u09b6\u0997\u09c1\u09b2\u09bf \u09ae\u09be\u09b2\u09bf\u0995\u09be\u09a8\u09be \u0997\u09ac\u09c7\u09b7\u09a3\u09be \u098f\u09ac\u0982 \u09ac\u09bf\u09b6\u09cd\u09b2\u09c7\u09b7\u09a3\u09c7\u09b0 \u0989\u09aa\u09b0 \u09ad\u09bf\u09a4\u09cd\u09a4\u09bf \u0995\u09b0\u09c7\u0964<\/li>\n\n\n\n<li>\u0986\u09ae\u09be\u09a6\u09c7\u09b0 \u09aa\u09b0\u09bf\u09b7\u09c7\u09ac\u09be\u0997\u09c1\u09b2\u09bf Google AdSense\/Ad Exchange \u09ac\u09bf\u099c\u09cd\u099e\u09be\u09aa\u09a8\u09c7\u09b0 \u09ae\u09be\u09a7\u09cd\u09af\u09ae\u09c7 \u09a8\u0997\u09a6\u09c0\u0995\u09b0\u09a3 \u0995\u09b0\u09be \u09b9\u09af\u09bc\u0964<\/li>\n<\/ul>\n\n\n\n<h2 class=\"wp-block-heading\">2. \u09b8\u09be\u0987\u099f\u09c7\u09b0 \u09ac\u09cd\u09af\u09ac\u09b9\u09be\u09b0<\/h2>\n\n\n\n<ul class=\"wp-block-list\">\n<li>\u0986\u09aa\u09a8\u09bf \u09b6\u09c1\u09a7\u09c1\u09ae\u09be\u09a4\u09cd\u09b0 \u09ac\u09c8\u09a7 \u0989\u09a6\u09cd\u09a6\u09c7\u09b6\u09cd\u09af\u09c7 \u098f\u09ac\u0982 \u098f\u0987 \u09b6\u09b0\u09cd\u09a4\u09be\u09ac\u09b2\u09c0 \u0985\u09a8\u09c1\u09af\u09be\u09af\u09bc\u09c0 Infostech \u09ac\u09cd\u09af\u09ac\u09b9\u09be\u09b0 \u0995\u09b0\u09a4\u09c7 \u09b8\u09ae\u09cd\u09ae\u09a4 \u09b9\u09a8\u0964<\/li>\n\n\n\n<li>\u0986\u09aa\u09a8\u09bf \u0985\u09ac\u09b6\u09cd\u09af\u0987 \u0993\u09af\u09bc\u09c7\u09ac\u09b8\u09be\u0987\u099f\u099f\u09bf\u0995\u09c7 \u098f\u09ae\u09a8 \u0995\u09cb\u09a8\u09cb \u0989\u09aa\u09be\u09af\u09bc\u09c7 \u09ac\u09cd\u09af\u09ac\u09b9\u09be\u09b0 \u0995\u09b0\u09ac\u09c7\u09a8 \u09a8\u09be \u09af\u09be \u098f\u099f\u09bf\u0995\u09c7 \u0995\u09cd\u09b7\u09a4\u09bf, \u0985\u0995\u09cd\u09b7\u09ae \u09ac\u09be \u0985\u09a4\u09bf\u09b0\u09bf\u0995\u09cd\u09a4 \u099a\u09be\u09aa \u09a6\u09bf\u09a4\u09c7 \u09aa\u09be\u09b0\u09c7\u0964<\/li>\n\n\n\n<li>\u0987\u09a8\u09ab\u09cb\u09b8\u09cd\u099f\u09c7\u0995 \u09ac\u09bf\u09b7\u09af\u09bc\u09ac\u09b8\u09cd\u09a4\u09c1, \u099f\u09c7\u0995\u09cd\u09b8\u099f, \u0997\u09cd\u09b0\u09be\u09ab\u09bf\u0995\u09cd\u09b8 \u098f\u09ac\u0982 \u099b\u09ac\u09bf \u09b8\u09b9, \u0995\u09aa\u09bf\u09b0\u09be\u0987\u099f \u09a6\u09cd\u09ac\u09be\u09b0\u09be \u09b8\u09c1\u09b0\u0995\u09cd\u09b7\u09bf\u09a4 \u098f\u09ac\u0982 \u0987\u09a8\u09ab\u09cb\u09b8\u09cd\u099f\u09c7\u0995 \u09ac\u09be \u098f\u09b0 \u09b2\u09be\u0987\u09b8\u09c7\u09a8\u09cd\u09b8\u0995\u09be\u09b0\u09c0\u09a6\u09c7\u09b0 \u09b8\u09ae\u09cd\u09aa\u09a4\u09cd\u09a4\u09bf\u0964<\/li>\n<\/ul>\n\n\n\n<h2 class=\"wp-block-heading\">3. \u09a6\u09be\u09ac\u09bf\u09a4\u09cd\u09af\u09be\u0997<\/h2>\n\n\n\n<ul class=\"wp-block-list\">\n<li>\u09aa\u09cd\u09b0\u09b8\u09cd\u09a4\u09be\u09ac\u09bf\u09a4 \u0985\u09cd\u09af\u09be\u09aa\u09cd\u09b2\u09bf\u0995\u09c7\u09b6\u09a8\u0997\u09c1\u09b2\u09bf\u09b0 \u09a8\u09bf\u09b0\u09cd\u09ad\u09c1\u09b2\u09a4\u09be, \u09a8\u09bf\u09b0\u09be\u09aa\u09a4\u09cd\u09a4\u09be \u09ac\u09be \u09a8\u09bf\u09b0\u09cd\u09ad\u09b0\u09af\u09cb\u0997\u09cd\u09af\u09a4\u09be\u09b0 \u099c\u09a8\u09cd\u09af Infostec \u09a6\u09be\u09af\u09bc\u09c0 \u09a8\u09af\u09bc\u0964<\/li>\n\n\n\n<li>\u0986\u09ae\u09be\u09a6\u09c7\u09b0 \u0993\u09af\u09bc\u09c7\u09ac\u09b8\u09be\u0987\u099f\u09c7 \u09aa\u09cd\u09b0\u09b8\u09cd\u09a4\u09be\u09ac\u09bf\u09a4 \u0985\u09cd\u09af\u09be\u09aa\u09cd\u09b2\u09bf\u0995\u09c7\u09b6\u09a8 \u09ac\u09cd\u09af\u09ac\u09b9\u09be\u09b0\u09c7\u09b0 \u09ab\u09b2\u09c7 \u0995\u09cb\u09a8\u09cb \u0995\u09cd\u09b7\u09a4\u09bf \u09ac\u09be \u0995\u09cd\u09b7\u09a4\u09bf\u09b0 \u099c\u09a8\u09cd\u09af \u0986\u09ae\u09b0\u09be \u09a6\u09be\u09af\u09bc\u09c0 \u09a8\u0987\u0964<\/li>\n<\/ul>\n\n\n\n<h2 class=\"wp-block-heading\">4. \u09ac\u09cc\u09a6\u09cd\u09a7\u09bf\u0995 \u09b8\u09ae\u09cd\u09aa\u09a4\u09cd\u09a4\u09bf\u09b0 \u0985\u09a7\u09bf\u0995\u09be\u09b0<\/h2>\n\n\n\n<ul class=\"wp-block-list\">\n<li>\u0987\u09a8\u09ab\u09cb\u09b8\u09cd\u099f\u09c7\u0995\u09c7\u09b0 \u09b8\u09ae\u09b8\u09cd\u09a4 \u09b8\u09be\u09ae\u0997\u09cd\u09b0\u09c0 \u0987\u09a8\u09ab\u09cb\u09b8\u09cd\u099f\u09c7\u0995 \u09ac\u09be \u098f\u09b0 \u09b2\u09be\u0987\u09b8\u09c7\u09a8\u09cd\u09b8\u0995\u09be\u09b0\u09c0\u09a6\u09c7\u09b0 \u09b8\u09ae\u09cd\u09aa\u09a4\u09cd\u09a4\u09bf \u098f\u09ac\u0982 \u0995\u09aa\u09bf\u09b0\u09be\u0987\u099f, \u099f\u09cd\u09b0\u09c7\u09a1\u09ae\u09be\u09b0\u09cd\u0995 \u098f\u09ac\u0982 \u0985\u09a8\u09cd\u09af\u09be\u09a8\u09cd\u09af \u09ae\u09c7\u09a7\u09be \u09b8\u09ae\u09cd\u09aa\u09a4\u09cd\u09a4\u09bf \u0986\u0987\u09a8 \u09a6\u09cd\u09ac\u09be\u09b0\u09be \u09b8\u09c1\u09b0\u0995\u09cd\u09b7\u09bf\u09a4\u0964<\/li>\n\n\n\n<li>\u0986\u09ae\u09be\u09a6\u09c7\u09b0 \u09b8\u09cd\u09aa\u09b7\u09cd\u099f \u09b2\u09bf\u0996\u09bf\u09a4 \u0985\u09a8\u09c1\u09ae\u09a4\u09bf \u099b\u09be\u09a1\u09bc\u09be \u0993\u09af\u09bc\u09c7\u09ac\u09b8\u09be\u0987\u099f \u09a5\u09c7\u0995\u09c7 \u0995\u09cb\u09a8 \u09ac\u09bf\u09b7\u09af\u09bc\u09ac\u09b8\u09cd\u09a4\u09c1 \u0985\u09a8\u09c1\u09b2\u09bf\u09aa\u09bf, \u09aa\u09c1\u09a8\u09b0\u09c1\u09a4\u09cd\u09aa\u09be\u09a6\u09a8, \u09aa\u09c1\u09a8\u0983\u09aa\u09cd\u09b0\u0995\u09be\u09b6, \u0986\u09aa\u09b2\u09cb\u09a1, \u09aa\u09cb\u09b8\u09cd\u099f, \u09aa\u09cd\u09b0\u09c7\u09b0\u09a3 \u09ac\u09be \u09ac\u09bf\u09a4\u09b0\u09a3 \u0995\u09b0\u09be \u09af\u09be\u09ac\u09c7 \u09a8\u09be\u0964<\/li>\n<\/ul>\n\n\n\n<h2 class=\"wp-block-heading\">5. \u09ac\u09bf\u099c\u09cd\u099e\u09be\u09aa\u09a8 \u098f\u09ac\u0982 \u09a4\u09c3\u09a4\u09c0\u09af\u09bc \u09aa\u0995\u09cd\u09b7\u09c7\u09b0 \u09b2\u09bf\u0999\u09cd\u0995<\/h2>\n\n\n\n<ul class=\"wp-block-list\">\n<li>\u0986\u09ae\u09be\u09a6\u09c7\u09b0 \u0993\u09af\u09bc\u09c7\u09ac\u09b8\u09be\u0987\u099f Google AdSense\/Ad Exchange \u09a6\u09cd\u09ac\u09be\u09b0\u09be \u09aa\u09cd\u09b0\u09a6\u09a4\u09cd\u09a4 \u09ac\u09bf\u099c\u09cd\u099e\u09be\u09aa\u09a8 \u09aa\u09cd\u09b0\u09a6\u09b0\u09cd\u09b6\u09a8 \u0995\u09b0\u09c7\u0964<\/li>\n\n\n\n<li>\u0986\u09ae\u09b0\u09be \u09a4\u09c3\u09a4\u09c0\u09af\u09bc \u09aa\u0995\u09cd\u09b7\u09c7\u09b0 \u0993\u09af\u09bc\u09c7\u09ac\u09b8\u09be\u0987\u099f\u09c7\u09b0 \u09b2\u09bf\u0999\u09cd\u0995 \u0985\u09a8\u09cd\u09a4\u09b0\u09cd\u09ad\u09c1\u0995\u09cd\u09a4 \u0995\u09b0\u09a4\u09c7 \u09aa\u09be\u09b0\u09bf; \u098f\u0987 \u09a7\u09b0\u09a8\u09c7\u09b0 \u09b2\u09bf\u0999\u09cd\u0995 \u098f\u0987 \u09b8\u09be\u0987\u099f\u09c7\u09b0 \u0985\u09a8\u09c1\u09ae\u09cb\u09a6\u09a8 \u09ac\u09cb\u099d\u09be\u09af\u09bc \u09a8\u09be.<\/li>\n<\/ul>\n\n\n\n<h2 class=\"wp-block-heading\">6. \u09b6\u09b0\u09cd\u09a4\u09be\u09ac\u09b2\u09c0 \u09aa\u09b0\u09bf\u09ac\u09b0\u09cd\u09a4\u09a8<\/h2>\n\n\n\n<ul class=\"wp-block-list\">\n<li>Infostec \u09af\u09c7\u0995\u09cb\u09a8 \u09b8\u09ae\u09af\u09bc \u098f\u0987 \u09b6\u09b0\u09cd\u09a4\u09be\u09ac\u09b2\u09c0 \u09aa\u09b0\u09bf\u09ac\u09b0\u09cd\u09a4\u09a8 \u0995\u09b0\u09be\u09b0 \u0985\u09a7\u09bf\u0995\u09be\u09b0 \u09b8\u0982\u09b0\u0995\u09cd\u09b7\u09a3 \u0995\u09b0\u09c7\u0964 \u0986\u09aa\u09a8\u09be\u09b0 \u0995\u09cd\u09b0\u09ae\u09be\u0997\u09a4 \u09aa\u09b0\u09bf\u09a6\u09b0\u09cd\u09b6\u09a8 \u098f\u09ac\u0982 \u09b8\u09be\u0987\u099f\u09c7\u09b0 \u09ac\u09cd\u09af\u09ac\u09b9\u09be\u09b0 \u098f\u0987 \u09a7\u09b0\u09a8\u09c7\u09b0 \u09aa\u09b0\u09bf\u09ac\u09b0\u09cd\u09a4\u09a8\u0997\u09c1\u09b2\u09bf\u09b0 \u0986\u09aa\u09a8\u09be\u09b0 \u0997\u09cd\u09b0\u09b9\u09a3\u09af\u09cb\u0997\u09cd\u09af\u09a4\u09be \u0997\u09a0\u09a8 \u0995\u09b0\u09c7\u0964<\/li>\n<\/ul>\n\n\n\n<h2 class=\"wp-block-heading\">7. \u09af\u09cb\u0997\u09be\u09af\u09cb\u0997<\/h2>\n\n\n\n<ul class=\"wp-block-list\">\n<li>\u098f\u0987 \u09ac\u09cd\u09af\u09ac\u09b9\u09be\u09b0\u09c7\u09b0 \u09b6\u09b0\u09cd\u09a4\u09be\u09ac\u09b2\u09c0 \u09b8\u09ae\u09cd\u09aa\u09b0\u09cd\u0995\u09c7 \u0986\u09aa\u09a8\u09be\u09b0 \u0995\u09cb\u09a8 \u09aa\u09cd\u09b0\u09b6\u09cd\u09a8 \u09ac\u09be \u0989\u09a6\u09cd\u09ac\u09c7\u0997 \u09a5\u09be\u0995\u09b2\u09c7, \u0985\u09a8\u09c1\u0997\u09cd\u09b0\u09b9 \u0995\u09b0\u09c7 \u0986\u09ae\u09be\u09a6\u09c7\u09b0 \u09b8\u09be\u09a5\u09c7 \u09af\u09cb\u0997\u09be\u09af\u09cb\u0997 \u0995\u09b0\u09c1\u09a8\u0964<\/li>\n<\/ul>","protected":false},"excerpt":{"rendered":"<p>Bem-vindo ao Infostec. Estes Termos de Uso (\u201cTermos\u201d) regem seu acesso e uso do nosso site https:\/\/infostec.com, um portal dedicado a fornecer recomenda\u00e7\u00f5es e informa\u00e7\u00f5es sobre aplicativos de celular de diversos temas. Ao acessar ou usar o Infostec, voc\u00ea concorda em cumprir estes Termos. 1. Servi\u00e7os do Infostec 2. Uso do Site 3. Isen\u00e7\u00e3o de [&hellip;]<\/p>\n","protected":false},"author":1,"featured_media":0,"parent":0,"menu_order":0,"comment_status":"closed","ping_status":"closed","template":"","meta":{"footnotes":""},"class_list":["post-787","page","type-page","status-publish"],"_links":{"self":[{"href":"https:\/\/infostec.com\/bn\/wp-json\/wp\/v2\/pages\/787","targetHints":{"allow":["GET"]}}],"collection":[{"href":"https:\/\/infostec.com\/bn\/wp-json\/wp\/v2\/pages"}],"about":[{"href":"https:\/\/infostec.com\/bn\/wp-json\/wp\/v2\/types\/page"}],"author":[{"embeddable":true,"href":"https:\/\/infostec.com\/bn\/wp-json\/wp\/v2\/users\/1"}],"replies":[{"embeddable":true,"href":"https:\/\/infostec.com\/bn\/wp-json\/wp\/v2\/comments?post=787"}],"version-history":[{"count":1,"href":"https:\/\/infostec.com\/bn\/wp-json\/wp\/v2\/pages\/787\/revisions"}],"predecessor-version":[{"id":788,"href":"https:\/\/infostec.com\/bn\/wp-json\/wp\/v2\/pages\/787\/revisions\/788"}],"wp:attachment":[{"href":"https:\/\/infostec.com\/bn\/wp-json\/wp\/v2\/media?parent=787"}],"curies":[{"name":"\u09a1\u09ac\u09cd\u09b2\u09bf\u0989\u09aa\u09bf","href":"https:\/\/api.w.org\/{rel}","templated":true}]}}