{"id":789,"date":"2024-06-18T01:02:26","date_gmt":"2024-06-18T01:02:26","guid":{"rendered":"https:\/\/infostec.com\/?page_id=789"},"modified":"2024-06-18T01:02:27","modified_gmt":"2024-06-18T01:02:27","slug":"%d8%b3%d9%8a%d8%a7%d8%b3%d8%a9-%d8%a7%d9%84%d8%ae%d8%b5%d9%88%d8%b5%d9%8a%d8%a9","status":"publish","type":"page","link":"https:\/\/infostec.com\/ar\/politica-de-privacidade\/","title":{"rendered":"\u0633\u064a\u0627\u0633\u0629 \u0627\u0644\u062e\u0635\u0648\u0635\u064a\u0629"},"content":{"rendered":"<p>\u0645\u0631\u062d\u0628\u0627 \u0628\u0643 \u0641\u064a <a href=\"https:\/\/infostec.com\/ar\/\">\u0625\u0646\u0641\u0648\u062a\u064a\u0643<\/a>. \u062a\u0648\u0636\u062d \u0633\u064a\u0627\u0633\u0629 \u0627\u0644\u062e\u0635\u0648\u0635\u064a\u0629 \u0647\u0630\u0647 \u0643\u064a\u0641\u064a\u0629 \u062c\u0645\u0639 \u0648\u0627\u0633\u062a\u062e\u062f\u0627\u0645 \u0648\u0645\u0634\u0627\u0631\u0643\u0629 \u0627\u0644\u0645\u0639\u0644\u0648\u0645\u0627\u062a \u0627\u0644\u062e\u0627\u0635\u0629 \u0628\u0643 \u0639\u0646\u062f \u0648\u0635\u0648\u0644\u0643 \u0625\u0644\u0649 \u0645\u0648\u0642\u0639\u0646\u0627 \u0627\u0644\u0625\u0644\u0643\u062a\u0631\u0648\u0646\u064a \u0623\u0648 \u0627\u0633\u062a\u062e\u062f\u0627\u0645\u0647.<\/p>\n\n\n\n<h2 class=\"wp-block-heading\">1. \u0627\u0644\u0645\u0639\u0644\u0648\u0645\u0627\u062a \u0627\u0644\u062a\u064a \u0646\u062c\u0645\u0639\u0647\u0627<\/h2>\n\n\n\n<ul class=\"wp-block-list\">\n<li><strong>\u0645\u0639\u0644\u0648\u0645\u0627\u062a \u0634\u062e\u0635\u064a\u0629:<\/strong> \u0646\u0642\u0648\u0645 \u0628\u062c\u0645\u0639 \u0627\u0644\u0645\u0639\u0644\u0648\u0645\u0627\u062a \u0627\u0644\u0634\u062e\u0635\u064a\u0629 \u0627\u0644\u062a\u064a \u062a\u0642\u062f\u0645\u0647\u0627 \u0637\u0648\u0639\u064b\u0627\u060c \u0645\u062b\u0644 \u0627\u0644\u0627\u0633\u0645 \u0648\u0627\u0644\u0628\u0631\u064a\u062f \u0627\u0644\u0625\u0644\u0643\u062a\u0631\u0648\u0646\u064a \u0648\u0645\u0639\u0644\u0648\u0645\u0627\u062a \u0627\u0644\u0627\u062a\u0635\u0627\u0644 \u0627\u0644\u0623\u062e\u0631\u0649 \u0639\u0646\u062f \u0627\u0644\u062a\u0633\u062c\u064a\u0644 \u0644\u0644\u062d\u0635\u0648\u0644 \u0639\u0644\u0649 \u0627\u0644\u062a\u062d\u062f\u064a\u062b\u0627\u062a \u0623\u0648 \u0627\u0644\u062a\u0648\u0627\u0635\u0644 \u0645\u0639\u0646\u0627.<\/li>\n\n\n\n<li><strong>\u0628\u064a\u0627\u0646\u0627\u062a \u0627\u0644\u0627\u0633\u062a\u062e\u062f\u0627\u0645:<\/strong> \u0646\u0642\u0648\u0645 \u062a\u0644\u0642\u0627\u0626\u064a\u064b\u0627 \u0628\u062c\u0645\u0639 \u0645\u0639\u0644\u0648\u0645\u0627\u062a \u062d\u0648\u0644 \u0643\u064a\u0641\u064a\u0629 \u0648\u0635\u0648\u0644\u0643 \u0625\u0644\u0649 \u0627\u0644\u0645\u0648\u0642\u0639 \u0648\u0627\u0633\u062a\u062e\u062f\u0627\u0645\u0647\u060c \u0628\u0645\u0627 \u0641\u064a \u0630\u0644\u0643 \u0646\u0648\u0639 \u0627\u0644\u062c\u0647\u0627\u0632 \u0648\u0645\u062a\u0635\u0641\u062d \u0627\u0644\u0648\u064a\u0628 \u0648\u0627\u0644\u0635\u0641\u062d\u0627\u062a \u0627\u0644\u062a\u064a \u062a\u0645\u062a \u0632\u064a\u0627\u0631\u062a\u0647\u0627 \u0648\u0627\u0644\u0646\u0642\u0631\u0627\u062a \u0648\u0623\u0646\u0645\u0627\u0637 \u0627\u0644\u0627\u0633\u062a\u062e\u062f\u0627\u0645 \u0648\u0645\u0639\u0644\u0648\u0645\u0627\u062a \u0627\u0644\u0627\u0633\u062a\u062e\u062f\u0627\u0645 \u0627\u0644\u0623\u062e\u0631\u0649.<\/li>\n\n\n\n<li><strong>\u0645\u0644\u0641\u0627\u062a \u062a\u0639\u0631\u064a\u0641 \u0627\u0644\u0627\u0631\u062a\u0628\u0627\u0637 \u0648\u062a\u0642\u0646\u064a\u0627\u062a \u0627\u0644\u062a\u062a\u0628\u0639:<\/strong> \u0646\u062d\u0646 \u0646\u0633\u062a\u062e\u062f\u0645 \u0645\u0644\u0641\u0627\u062a \u062a\u0639\u0631\u064a\u0641 \u0627\u0644\u0627\u0631\u062a\u0628\u0627\u0637 \u0648\u062a\u0642\u0646\u064a\u0627\u062a \u0627\u0644\u062a\u062a\u0628\u0639 \u0644\u062a\u062e\u0635\u064a\u0635 \u062a\u062c\u0631\u0628\u062a\u0643 \u0648\u062c\u0645\u0639 \u0627\u0644\u0628\u064a\u0627\u0646\u0627\u062a \u062d\u0648\u0644 \u062a\u0641\u0627\u0639\u0644\u0643 \u0645\u0639 \u0627\u0644\u0645\u0648\u0642\u0639 \u0648\u0627\u0644\u0625\u0639\u0644\u0627\u0646\u0627\u062a \u0627\u0644\u0645\u0639\u0631\u0648\u0636\u0629.<\/li>\n<\/ul>\n\n\n\n<h2 class=\"wp-block-heading\">2. \u0627\u0633\u062a\u062e\u062f\u0627\u0645 \u0627\u0644\u0645\u0639\u0644\u0648\u0645\u0627\u062a<\/h2>\n\n\n\n<p>\u0646\u062d\u0646 \u0646\u0633\u062a\u062e\u062f\u0645 \u0645\u0639\u0644\u0648\u0645\u0627\u062a\u0643 \u0645\u0646 \u0623\u062c\u0644:<\/p>\n\n\n\n<ul class=\"wp-block-list\">\n<li>\u062a\u0648\u0641\u064a\u0631 \u0648\u0635\u064a\u0627\u0646\u0629 \u0648\u062a\u062d\u0633\u064a\u0646 \u0645\u0648\u0642\u0639\u0646\u0627 \u0648\u062e\u062f\u0645\u0627\u062a\u0646\u0627.<\/li>\n\n\n\n<li>\u0627\u0644\u062a\u0648\u0627\u0635\u0644 \u0645\u0639\u0643\u0645 \u0648\u0627\u0644\u0631\u062f \u0639\u0644\u0649 \u0623\u0633\u0626\u0644\u062a\u0643\u0645 \u0648\u0637\u0644\u0628\u0627\u062a\u0643\u0645.<\/li>\n\n\n\n<li>\u0639\u0631\u0636 \u0627\u0644\u0625\u0639\u0644\u0627\u0646\u0627\u062a \u0627\u0644\u0645\u062e\u0635\u0635\u0629 \u0648\u0625\u062c\u0631\u0627\u0621 \u062a\u062d\u0644\u064a\u0644 \u0627\u0644\u0628\u064a\u0627\u0646\u0627\u062a.<\/li>\n<\/ul>\n\n\n\n<h2 class=\"wp-block-heading\">3. \u062a\u0628\u0627\u062f\u0644 \u0627\u0644\u0645\u0639\u0644\u0648\u0645\u0627\u062a<\/h2>\n\n\n\n<p>\u0642\u062f \u0646\u0634\u0627\u0631\u0643 \u0645\u0639\u0644\u0648\u0645\u0627\u062a\u0643 \u0645\u0639 \u0623\u0637\u0631\u0627\u0641 \u062b\u0627\u0644\u062b\u0629 \u0641\u064a \u0627\u0644\u0638\u0631\u0648\u0641 \u0627\u0644\u062a\u0627\u0644\u064a\u0629:<\/p>\n\n\n\n<ul class=\"wp-block-list\">\n<li><strong>\u0645\u0642\u062f\u0645\u064a \u0627\u0644\u062e\u062f\u0645\u0629:<\/strong> \u0646\u062d\u0646 \u0646\u0634\u0627\u0631\u0643 \u0627\u0644\u0645\u0639\u0644\u0648\u0645\u0627\u062a \u0645\u0639 \u0627\u0644\u0645\u0648\u0631\u062f\u064a\u0646 \u0627\u0644\u0630\u064a\u0646 \u064a\u0633\u0627\u0639\u062f\u0648\u0646\u0646\u0627 \u0641\u064a \u062a\u0634\u063a\u064a\u0644 \u0627\u0644\u0645\u0648\u0642\u0639\u060c \u0645\u062b\u0644 \u0627\u0633\u062a\u0636\u0627\u0641\u0629 \u0627\u0644\u0648\u064a\u0628 \u0648\u062a\u062d\u0644\u064a\u0644 \u0627\u0644\u0628\u064a\u0627\u0646\u0627\u062a.<\/li>\n\n\n\n<li><strong>\u062c\u0648\u062c\u0644 Ad Exchange:<\/strong> \u0643\u0645\u0627 \u0647\u0648 \u0645\u0637\u0644\u0648\u0628 \u0644\u0639\u0631\u0636 \u0627\u0644\u0625\u0639\u0644\u0627\u0646\u0627\u062a \u0645\u0646 \u062e\u0644\u0627\u0644 Google Ad Exchange.<\/li>\n\n\n\n<li><strong>\u0627\u0644\u0627\u0645\u062a\u062b\u0627\u0644 \u0627\u0644\u0642\u0627\u0646\u0648\u0646\u064a:<\/strong> \u0639\u0646\u062f \u0627\u0644\u0636\u0631\u0648\u0631\u0629 \u0644\u0644\u0627\u0645\u062a\u062b\u0627\u0644 \u0644\u0644\u0642\u0627\u0646\u0648\u0646 \u0623\u0648 \u0627\u0644\u0627\u0633\u062a\u062c\u0627\u0628\u0629 \u0644\u0644\u0625\u062c\u0631\u0627\u0621\u0627\u062a \u0627\u0644\u0642\u0627\u0646\u0648\u0646\u064a\u0629.<\/li>\n<\/ul>\n\n\n\n<h2 class=\"wp-block-heading\">4. \u062c\u0648\u062c\u0644 \u0627\u062f\u0633\u0646\u0633<\/h2>\n\n\n\n<ul class=\"wp-block-list\">\n<li>\u0627\u0645\u062a\u062b\u0627\u0644\u0627\u064b \u0644\u0634\u0631\u0648\u0637 Google AdSense\u060c \u0646\u0639\u0644\u0645\u0643 \u0623\u0646 Google\u060c \u0628\u0627\u0639\u062a\u0628\u0627\u0631\u0647\u0627 \u0628\u0627\u0626\u0639\u064b\u0627 \u0644\u062c\u0647\u0629 \u062e\u0627\u0631\u062c\u064a\u0629\u060c \u062a\u0633\u062a\u062e\u062f\u0645 \u0645\u0644\u0641\u0627\u062a \u062a\u0639\u0631\u064a\u0641 \u0627\u0644\u0627\u0631\u062a\u0628\u0627\u0637 \u0644\u0639\u0631\u0636 \u0627\u0644\u0625\u0639\u0644\u0627\u0646\u0627\u062a \u0639\u0644\u0649 \u0645\u0648\u0642\u0639\u0646\u0627.<\/li>\n\n\n\n<li>\u0625\u0646 \u0627\u0633\u062a\u062e\u062f\u0627\u0645 Google \u0644\u0645\u0644\u0641 \u062a\u0639\u0631\u064a\u0641 \u0627\u0644\u0627\u0631\u062a\u0628\u0627\u0637 DART \u064a\u0645\u0643\u0651\u0646\u0647\u0627 \u0645\u0646 \u0639\u0631\u0636 \u0627\u0644\u0625\u0639\u0644\u0627\u0646\u0627\u062a \u0644\u0645\u0633\u062a\u062e\u062f\u0645\u064a\u0646\u0627 \u0627\u0633\u062a\u0646\u0627\u062f\u064b\u0627 \u0625\u0644\u0649 \u0627\u0644\u0632\u064a\u0627\u0631\u0627\u062a \u0627\u0644\u0633\u0627\u0628\u0642\u0629 \u0644\u0645\u0648\u0642\u0639\u0646\u0627 \u0648\u0627\u0644\u0645\u0648\u0627\u0642\u0639 \u0627\u0644\u0623\u062e\u0631\u0649 \u0639\u0644\u0649 \u0627\u0644\u0625\u0646\u062a\u0631\u0646\u062a.<\/li>\n\n\n\n<li>\u0648\u064a\u0645\u0643\u0646 \u0644\u0644\u0645\u0633\u062a\u062e\u062f\u0645\u064a\u0646 \u0625\u0644\u063a\u0627\u0621 \u0627\u0644\u0627\u0634\u062a\u0631\u0627\u0643 \u0641\u064a \u0627\u0633\u062a\u062e\u062f\u0627\u0645 \u0645\u0644\u0641 \u062a\u0639\u0631\u064a\u0641 \u0627\u0644\u0627\u0631\u062a\u0628\u0627\u0637 DART \u0639\u0646 \u0637\u0631\u064a\u0642 \u0632\u064a\u0627\u0631\u0629 \u0633\u064a\u0627\u0633\u0629 \u062e\u0635\u0648\u0635\u064a\u0629 \u0625\u0639\u0644\u0627\u0646\u0627\u062a Google \u0648\u0634\u0628\u0643\u0629 \u0627\u0644\u0645\u062d\u062a\u0648\u0649.<\/li>\n<\/ul>\n\n\n\n<h2 class=\"wp-block-heading\">5. \u0627\u0644\u062a\u063a\u064a\u064a\u0631\u0627\u062a \u0641\u064a \u0633\u064a\u0627\u0633\u0629 \u0627\u0644\u062e\u0635\u0648\u0635\u064a\u0629<\/h2>\n\n\n\n<p>\u0642\u062f \u0646\u0642\u0648\u0645 \u0628\u062a\u062d\u062f\u064a\u062b \u0633\u064a\u0627\u0633\u0629 \u0627\u0644\u062e\u0635\u0648\u0635\u064a\u0629 \u0627\u0644\u062e\u0627\u0635\u0629 \u0628\u0646\u0627 \u0628\u0634\u0643\u0644 \u062f\u0648\u0631\u064a. \u0648\u0633\u0648\u0641 \u0646\u0642\u0648\u0645 \u0628\u0625\u0639\u0644\u0627\u0645\u0643 \u0628\u0623\u064a \u062a\u063a\u064a\u064a\u0631\u0627\u062a \u0639\u0646 \u0637\u0631\u064a\u0642 \u0646\u0634\u0631 \u0633\u064a\u0627\u0633\u0629 \u0627\u0644\u062e\u0635\u0648\u0635\u064a\u0629 \u0627\u0644\u062c\u062f\u064a\u062f\u0629 \u0639\u0644\u0649 \u0647\u0630\u0647 \u0627\u0644\u0635\u0641\u062d\u0629.<\/p>\n\n\n\n<h2 class=\"wp-block-heading\">6. \u0627\u0644\u0627\u062a\u0635\u0627\u0644<\/h2>\n\n\n\n<p>\u0625\u0630\u0627 \u0643\u0627\u0646\u062a \u0644\u062f\u064a\u0643 \u0623\u0633\u0626\u0644\u0629 \u062d\u0648\u0644 \u0633\u064a\u0627\u0633\u0629 \u0627\u0644\u062e\u0635\u0648\u0635\u064a\u0629 \u0647\u0630\u0647\u060c \u064a\u0631\u062c\u0649 \u0627\u0644\u0627\u062a\u0635\u0627\u0644 \u0628\u0646\u0627.<\/p>","protected":false},"excerpt":{"rendered":"<p>Bem-vindo ao Infostec. Esta pol\u00edtica de privacidade descreve como coletamos, usamos e compartilhamos informa\u00e7\u00f5es sobre voc\u00ea quando acessa ou usa nosso site. 1. Informa\u00e7\u00f5es que Coletamos 2. Uso de Informa\u00e7\u00f5es Utilizamos suas informa\u00e7\u00f5es para: 3. Compartilhamento de Informa\u00e7\u00f5es Podemos compartilhar suas informa\u00e7\u00f5es com terceiros nas seguintes circunst\u00e2ncias: 4. Google AdSense 5. Altera\u00e7\u00f5es \u00e0 Pol\u00edtica de [&hellip;]<\/p>\n","protected":false},"author":1,"featured_media":0,"parent":0,"menu_order":0,"comment_status":"closed","ping_status":"closed","template":"","meta":{"footnotes":""},"class_list":["post-789","page","type-page","status-publish"],"_links":{"self":[{"href":"https:\/\/infostec.com\/ar\/wp-json\/wp\/v2\/pages\/789","targetHints":{"allow":["GET"]}}],"collection":[{"href":"https:\/\/infostec.com\/ar\/wp-json\/wp\/v2\/pages"}],"about":[{"href":"https:\/\/infostec.com\/ar\/wp-json\/wp\/v2\/types\/page"}],"author":[{"embeddable":true,"href":"https:\/\/infostec.com\/ar\/wp-json\/wp\/v2\/users\/1"}],"replies":[{"embeddable":true,"href":"https:\/\/infostec.com\/ar\/wp-json\/wp\/v2\/comments?post=789"}],"version-history":[{"count":1,"href":"https:\/\/infostec.com\/ar\/wp-json\/wp\/v2\/pages\/789\/revisions"}],"predecessor-version":[{"id":790,"href":"https:\/\/infostec.com\/ar\/wp-json\/wp\/v2\/pages\/789\/revisions\/790"}],"wp:attachment":[{"href":"https:\/\/infostec.com\/ar\/wp-json\/wp\/v2\/media?parent=789"}],"curies":[{"name":"wp","href":"https:\/\/api.w.org\/{rel}","templated":true}]}}